{"id":7926,"date":"2023-09-03T10:07:16","date_gmt":"2023-09-03T10:07:16","guid":{"rendered":"https:\/\/export-demos.qreativethemes.com\/elementor-physio\/?page_id=7926"},"modified":"2026-04-16T14:36:54","modified_gmt":"2026-04-16T12:36:54","slug":"laszlo-urban","status":"publish","type":"page","link":"https:\/\/orthowerk-urban.de\/de\/laszlo-urban\/","title":{"rendered":"\u00dcber mich"},"content":{"rendered":"\t\t<div data-elementor-type=\"wp-page\" data-elementor-id=\"7926\" class=\"elementor elementor-7926\">\n\t\t\t\t\t\t<section class=\"elementor-section elementor-top-section elementor-element elementor-element-1ee5d26 elementor-section-boxed elementor-section-height-default elementor-section-height-default\" data-id=\"1ee5d26\" data-element_type=\"section\" data-e-type=\"section\">\n\t\t\t\t\t\t<div class=\"elementor-container elementor-column-gap-default\">\n\t\t\t\t\t<div class=\"elementor-column elementor-col-66 elementor-top-column elementor-element elementor-element-82a1137\" data-id=\"82a1137\" data-element_type=\"column\" data-e-type=\"column\">\n\t\t\t<div class=\"elementor-widget-wrap elementor-element-populated\">\n\t\t\t\t\t\t<div class=\"elementor-element elementor-element-95408f3 elementor-widget elementor-widget-text-editor\" data-id=\"95408f3\" data-element_type=\"widget\" data-e-type=\"widget\" data-widget_type=\"text-editor.default\">\n\t\t\t\t<div class=\"elementor-widget-container\">\n\t\t\t\t\t\t\t\t\t<p style=\"font-weight: 400;\">Guten Tag, ich bin L\u00e1szl\u00f3 Urb\u00e1n,<\/p><p style=\"font-weight: 400;\">seit 2017 bin ich als Orthop\u00e4dieschuhmacher in Emmerich am Rhein t\u00e4tig und \u00fcbe meinen Beruf mit gro\u00dfer Leidenschaft aus. Nach meiner Meisterausbildung in D\u00fcsseldorf, die ich 2022 erfolgreich abgeschlossen habe, konnte ich zus\u00e4tzliche wertvolle Erfahrungen im Bereich der Sportorthop\u00e4die sammeln.<\/p><p style=\"font-weight: 400;\">In meiner eigenen Werkstatt fertige ich individuelle L\u00f6sungen rund um den Fu\u00df \u2013 von ma\u00dfgefertigten Einlagen bis hin zu orthop\u00e4dischen Anpassungen und Reparaturen.<\/p><p style=\"font-weight: 400;\">Besonders wichtig ist mir die pers\u00f6nliche und ausf\u00fchrliche Beratung, um f\u00fcr jeden Kunden die passende Versorgung zu finden.<\/p><p style=\"font-weight: 400;\">Ich freue mich darauf, auch Sie bei Ortho.werk begr\u00fc\u00dfen zu d\u00fcrfen. Sie finden meine Werkstatt im Bahnhof Emmerich am Rhein.<\/p><p style=\"font-weight: 400;\"><strong>Ihr Orthop\u00e4dieschuhmachermeister<br \/>L\u00e1szl\u00f3 Urb\u00e1n<\/strong><\/p>\t\t\t\t\t\t\t\t<\/div>\n\t\t\t\t<\/div>\n\t\t\t\t\t<\/div>\n\t\t<\/div>\n\t\t\t\t<div class=\"elementor-column elementor-col-33 elementor-top-column elementor-element elementor-element-7513f7e\" data-id=\"7513f7e\" data-element_type=\"column\" data-e-type=\"column\">\n\t\t\t<div class=\"elementor-widget-wrap elementor-element-populated\">\n\t\t\t\t\t\t<div class=\"elementor-element elementor-element-e886d95 elementor-widget elementor-widget-image\" data-id=\"e886d95\" data-element_type=\"widget\" data-e-type=\"widget\" data-widget_type=\"image.default\">\n\t\t\t\t<div class=\"elementor-widget-container\">\n\t\t\t\t\t\t\t\t\t\t\t\t\t\t\t<img fetchpriority=\"high\" decoding=\"async\" width=\"1707\" height=\"2560\" src=\"https:\/\/orthowerk-urban.de\/wp-content\/uploads\/2026\/04\/laszlo_urban-scaled.jpg\" class=\"attachment-full size-full wp-image-9336\" alt=\"L\u00e1szl\u00f3 Urb\u00e1n\" srcset=\"https:\/\/orthowerk-urban.de\/wp-content\/uploads\/2026\/04\/laszlo_urban-scaled.jpg 1707w, https:\/\/orthowerk-urban.de\/wp-content\/uploads\/2026\/04\/laszlo_urban-200x300.jpg 200w, https:\/\/orthowerk-urban.de\/wp-content\/uploads\/2026\/04\/laszlo_urban-683x1024.jpg 683w, https:\/\/orthowerk-urban.de\/wp-content\/uploads\/2026\/04\/laszlo_urban-768x1152.jpg 768w, https:\/\/orthowerk-urban.de\/wp-content\/uploads\/2026\/04\/laszlo_urban-1024x1536.jpg 1024w, https:\/\/orthowerk-urban.de\/wp-content\/uploads\/2026\/04\/laszlo_urban-1365x2048.jpg 1365w, https:\/\/orthowerk-urban.de\/wp-content\/uploads\/2026\/04\/laszlo_urban-8x12.jpg 8w\" sizes=\"(max-width: 1707px) 100vw, 1707px\" \/>\t\t\t\t\t\t\t\t\t\t\t\t\t\t\t<\/div>\n\t\t\t\t<\/div>\n\t\t\t\t\t<\/div>\n\t\t<\/div>\n\t\t\t\t\t<\/div>\n\t\t<\/section>\n\t\t\t\t<\/div>\n\t\t","protected":false},"excerpt":{"rendered":"<p>Lernen Sie L\u00e1szl\u00f3 Urb\u00e1n kennen \u2013 orthop\u00e4discher Schuhmachermeister bei Ortho.Werk Urb\u00e1n in Emmerich am Rhein.<\/p>\n","protected":false},"author":1,"featured_media":0,"parent":0,"menu_order":0,"comment_status":"closed","ping_status":"closed","template":"","meta":{"_acf_changed":false,"footnotes":""},"class_list":["post-7926","page","type-page","status-publish","hentry"],"acf":[],"_links":{"self":[{"href":"https:\/\/orthowerk-urban.de\/de\/wp-json\/wp\/v2\/pages\/7926","targetHints":{"allow":["GET"]}}],"collection":[{"href":"https:\/\/orthowerk-urban.de\/de\/wp-json\/wp\/v2\/pages"}],"about":[{"href":"https:\/\/orthowerk-urban.de\/de\/wp-json\/wp\/v2\/types\/page"}],"author":[{"embeddable":true,"href":"https:\/\/orthowerk-urban.de\/de\/wp-json\/wp\/v2\/users\/1"}],"replies":[{"embeddable":true,"href":"https:\/\/orthowerk-urban.de\/de\/wp-json\/wp\/v2\/comments?post=7926"}],"version-history":[{"count":33,"href":"https:\/\/orthowerk-urban.de\/de\/wp-json\/wp\/v2\/pages\/7926\/revisions"}],"predecessor-version":[{"id":9342,"href":"https:\/\/orthowerk-urban.de\/de\/wp-json\/wp\/v2\/pages\/7926\/revisions\/9342"}],"wp:attachment":[{"href":"https:\/\/orthowerk-urban.de\/de\/wp-json\/wp\/v2\/media?parent=7926"}],"curies":[{"name":"wp","href":"https:\/\/api.w.org\/{rel}","templated":true}]}}