{"id":7975,"date":"2023-09-03T15:21:12","date_gmt":"2023-09-03T15:21:12","guid":{"rendered":"https:\/\/export-demos.qreativethemes.com\/elementor-physio\/?page_id=7975"},"modified":"2025-01-29T13:00:09","modified_gmt":"2025-01-29T12:00:09","slug":"faq-page","status":"publish","type":"page","link":"https:\/\/orthowerk-urban.de\/de\/faq-page\/","title":{"rendered":"FAQ"},"content":{"rendered":"\t\t<div data-elementor-type=\"wp-page\" data-elementor-id=\"7975\" class=\"elementor elementor-7975\">\n\t\t\t\t\t\t<section class=\"elementor-section elementor-top-section elementor-element elementor-element-b5e3f32 elementor-section-boxed elementor-section-height-default elementor-section-height-default\" data-id=\"b5e3f32\" data-element_type=\"section\" data-e-type=\"section\">\n\t\t\t\t\t\t<div class=\"elementor-container elementor-column-gap-extended\">\n\t\t\t\t\t<div class=\"elementor-column elementor-col-33 elementor-top-column elementor-element elementor-element-be1a3ab\" data-id=\"be1a3ab\" data-element_type=\"column\" data-e-type=\"column\">\n\t\t\t<div class=\"elementor-widget-wrap elementor-element-populated\">\n\t\t\t\t\t\t<div class=\"elementor-element elementor-element-d961cd8 elementor-widget elementor-widget-text-editor\" data-id=\"d961cd8\" data-element_type=\"widget\" data-e-type=\"widget\" data-widget_type=\"text-editor.default\">\n\t\t\t\t<div class=\"elementor-widget-container\">\n\t\t\t\t\t\t\t\t\t<h4><strong>Kann ich Einlagen nur auf Rezept erhalten?\u00a0\u00a0\u00a0\u00a0\u00a0\u00a0\u00a0\u00a0\u00a0\u00a0\u00a0\u00a0\u00a0\u00a0\u00a0\u00a0\u00a0\u00a0\u00a0\u00a0\u00a0\u00a0\u00a0\u00a0\u00a0\u00a0\u00a0\u00a0\u00a0\u00a0\u00a0\u00a0\u00a0\u00a0\u00a0\u00a0\u00a0\u00a0\u00a0\u00a0\u00a0\u00a0\u00a0\u00a0\u00a0\u00a0 <\/strong><\/h4><p>Nein, Sie k\u00f6nnen zwei Paar orthop\u00e4dische Einlagen pro Jahr auf Rezept von Ihrem Orthop\u00e4den oder Hausarzt erhalten. Daneben k\u00f6nnen Sie auch selbst bezahlen.<\/p>\t\t\t\t\t\t\t\t<\/div>\n\t\t\t\t<\/div>\n\t\t\t\t\t<\/div>\n\t\t<\/div>\n\t\t\t\t<div class=\"elementor-column elementor-col-33 elementor-top-column elementor-element elementor-element-27d0ce5\" data-id=\"27d0ce5\" data-element_type=\"column\" data-e-type=\"column\">\n\t\t\t<div class=\"elementor-widget-wrap elementor-element-populated\">\n\t\t\t\t\t\t<div class=\"elementor-element elementor-element-85f23e5 elementor-widget elementor-widget-text-editor\" data-id=\"85f23e5\" data-element_type=\"widget\" data-e-type=\"widget\" data-widget_type=\"text-editor.default\">\n\t\t\t\t<div class=\"elementor-widget-container\">\n\t\t\t\t\t\t\t\t\t<h4><strong>Wer braucht orthop\u00e4dische Einlagen?<\/strong><\/h4><p>Orthop\u00e4dische Schuheinlagen werden von Menschen mit Fu\u00dfproblemen oder besonderen orthop\u00e4dischen Bed\u00fcrfnissen ben\u00f6tigt. Dies kann Personen mit bestimmten Fu\u00dfdeformit\u00e4ten, Fu\u00df- oder Beinfehlstellungen, Arthritis, Diabetes oder anderen Gesundheitsproblemen betreffen, die sich auf die Fu\u00dfgesundheit auswirken.<\/p>\t\t\t\t\t\t\t\t<\/div>\n\t\t\t\t<\/div>\n\t\t\t\t\t<\/div>\n\t\t<\/div>\n\t\t\t\t<div class=\"elementor-column elementor-col-33 elementor-top-column elementor-element elementor-element-39b7fd4\" data-id=\"39b7fd4\" data-element_type=\"column\" data-e-type=\"column\">\n\t\t\t<div class=\"elementor-widget-wrap elementor-element-populated\">\n\t\t\t\t\t\t<div class=\"elementor-element elementor-element-a6f7158 elementor-widget elementor-widget-text-editor\" data-id=\"a6f7158\" data-element_type=\"widget\" data-e-type=\"widget\" data-widget_type=\"text-editor.default\">\n\t\t\t\t<div class=\"elementor-widget-container\">\n\t\t\t\t\t\t\t\t\t<h4><strong>Wie lange ist ein Rezept g\u00fcltig?<\/strong><\/h4><p>Gesetzlich versicherte Patienten erhalten vom Arzt ein rosafarbenes Rezept, das 28 Tage g\u00fcltig ist.<\/p>\t\t\t\t\t\t\t\t<\/div>\n\t\t\t\t<\/div>\n\t\t\t\t\t<\/div>\n\t\t<\/div>\n\t\t\t\t\t<\/div>\n\t\t<\/section>\n\t\t\t\t<section class=\"elementor-section elementor-top-section elementor-element elementor-element-40959f9 elementor-section-boxed elementor-section-height-default elementor-section-height-default\" data-id=\"40959f9\" data-element_type=\"section\" data-e-type=\"section\">\n\t\t\t\t\t\t<div class=\"elementor-container elementor-column-gap-extended\">\n\t\t\t\t\t<div class=\"elementor-column elementor-col-33 elementor-top-column elementor-element elementor-element-1fa18a9\" data-id=\"1fa18a9\" data-element_type=\"column\" data-e-type=\"column\">\n\t\t\t<div class=\"elementor-widget-wrap elementor-element-populated\">\n\t\t\t\t\t\t<div class=\"elementor-element elementor-element-9e27458 elementor-widget elementor-widget-text-editor\" data-id=\"9e27458\" data-element_type=\"widget\" data-e-type=\"widget\" data-widget_type=\"text-editor.default\">\n\t\t\t\t<div class=\"elementor-widget-container\">\n\t\t\t\t\t\t\t\t\t<h4><strong>Passen meine Einlagen in alle Schuhe?<\/strong><\/h4><p>In der Regel passen ma\u00dfgefertigte Einlagen in viele, aber nicht in alle Schuhe. F\u00fcr besonders schmale Halbschuhe oder Pumps z. B. ist eine andere Passform erforderlich.<\/p>\t\t\t\t\t\t\t\t<\/div>\n\t\t\t\t<\/div>\n\t\t\t\t\t<\/div>\n\t\t<\/div>\n\t\t\t\t<div class=\"elementor-column elementor-col-33 elementor-top-column elementor-element elementor-element-b519c06\" data-id=\"b519c06\" data-element_type=\"column\" data-e-type=\"column\">\n\t\t\t<div class=\"elementor-widget-wrap elementor-element-populated\">\n\t\t\t\t\t\t<div class=\"elementor-element elementor-element-60d74e9 elementor-widget elementor-widget-text-editor\" data-id=\"60d74e9\" data-element_type=\"widget\" data-e-type=\"widget\" data-widget_type=\"text-editor.default\">\n\t\t\t\t<div class=\"elementor-widget-container\">\n\t\t\t\t\t\t\t\t\t<h4><strong>Wie lange halten Einlagen?<\/strong><\/h4><p>Einlagen sollten alle sechs Monate gewechselt werden. Nach dieser Zeit l\u00e4sst die medizinische Wirksamkeit nach. Die Einlagen bieten dann nicht mehr den vollen Halt und die volle D\u00e4mpfung. Werden 2 Paar Einlagen abwechselnd getragen, halten sie nat\u00fcrlich l\u00e4nger.<\/p>\t\t\t\t\t\t\t\t<\/div>\n\t\t\t\t<\/div>\n\t\t\t\t\t<\/div>\n\t\t<\/div>\n\t\t\t\t<div class=\"elementor-column elementor-col-33 elementor-top-column elementor-element elementor-element-a2b6dce\" data-id=\"a2b6dce\" data-element_type=\"column\" data-e-type=\"column\">\n\t\t\t<div class=\"elementor-widget-wrap elementor-element-populated\">\n\t\t\t\t\t\t<div class=\"elementor-element elementor-element-8203d68 elementor-widget elementor-widget-text-editor\" data-id=\"8203d68\" data-element_type=\"widget\" data-e-type=\"widget\" data-widget_type=\"text-editor.default\">\n\t\t\t\t<div class=\"elementor-widget-container\">\n\t\t\t\t\t\t\t\t\t<h4><strong>Gibt es unterschiedliche Einlagen?<\/strong><\/h4><p>Ja, die gibt es. Unterschiedliche Krankheiten, Fu\u00dfdeformit\u00e4ten und Bed\u00fcrfnisse erfordern unterschiedliche Materialien und Aufbau bei Herstellung einer ma\u00dfgefertigten Einlage. \u00a0\u00a0<\/p>\t\t\t\t\t\t\t\t<\/div>\n\t\t\t\t<\/div>\n\t\t\t\t\t<\/div>\n\t\t<\/div>\n\t\t\t\t\t<\/div>\n\t\t<\/section>\n\t\t\t\t<section class=\"elementor-section elementor-top-section elementor-element elementor-element-c5ba218 elementor-section-boxed elementor-section-height-default elementor-section-height-default\" data-id=\"c5ba218\" data-element_type=\"section\" data-e-type=\"section\">\n\t\t\t\t\t\t<div class=\"elementor-container elementor-column-gap-extended\">\n\t\t\t\t\t<div class=\"elementor-column elementor-col-33 elementor-top-column elementor-element elementor-element-595378b\" data-id=\"595378b\" data-element_type=\"column\" data-e-type=\"column\">\n\t\t\t<div class=\"elementor-widget-wrap elementor-element-populated\">\n\t\t\t\t\t\t<div class=\"elementor-element elementor-element-455e368 elementor-widget elementor-widget-text-editor\" data-id=\"455e368\" data-element_type=\"widget\" data-e-type=\"widget\" data-widget_type=\"text-editor.default\">\n\t\t\t\t<div class=\"elementor-widget-container\">\n\t\t\t\t\t\t\t\t\t<h4><strong>Gibt es eine Eingew\u00f6hnungsphase?<\/strong><\/h4><p>Bei der Erstversorgung ben\u00f6tigen die meisten Patienten einige Tage, um sich an die Einlage zu gew\u00f6hnen. Dies gilt insbesondere f\u00fcr Korrektureinlagen.<\/p>\t\t\t\t\t\t\t\t<\/div>\n\t\t\t\t<\/div>\n\t\t\t\t\t<\/div>\n\t\t<\/div>\n\t\t\t\t<div class=\"elementor-column elementor-col-33 elementor-top-column elementor-element elementor-element-307528b\" data-id=\"307528b\" data-element_type=\"column\" data-e-type=\"column\">\n\t\t\t<div class=\"elementor-widget-wrap elementor-element-populated\">\n\t\t\t\t\t\t<div class=\"elementor-element elementor-element-e12eaa5 elementor-widget elementor-widget-text-editor\" data-id=\"e12eaa5\" data-element_type=\"widget\" data-e-type=\"widget\" data-widget_type=\"text-editor.default\">\n\t\t\t\t<div class=\"elementor-widget-container\">\n\t\t\t\t\t\t\t\t\t<h4><strong>Darf man orthop\u00e4dische Einlagen f\u00fcr den Stra\u00dfenschuh bzw. Sportschuh auch in einen Arbeitssicherheitsschuh legen?<\/strong><\/h4><p>Nein! Einlagen f\u00fcr Stra\u00dfenschuhe bzw. Sportschuhe erf\u00fcllen nicht die Anforderungen des Arbeitsschutzes.<\/p><p>Einlagen f\u00fcr Arbeitssicherheitsschuhe werden von den Krankenkassen nicht \u00fcbernommen. Einlagen f\u00fcr Arbeitssicherheitsschuhe werden bei nachgewiesener Notwendigkeit auf Antrag von der DRV \u00fcbernommen.<\/p><p>Der Antrag G4220-16 ist zusammen mit einer Kopie der Verordnung (blaues oder gr\u00fcnes Rezept) bei der DRV einzureichen.<\/p><p>Die Kosten k\u00f6nnen auch vom Arbeitgeber \u00fcbernommen werden. Es besteht keine Verpflichtung. Achten Sie beim Kauf von Sicherheitsschuhen auf die DGUV 112-191. Sonst gibt es bei einem Unfall Probleme mit der Berufsgenossenschaft.<\/p>\t\t\t\t\t\t\t\t<\/div>\n\t\t\t\t<\/div>\n\t\t\t\t\t<\/div>\n\t\t<\/div>\n\t\t\t\t<div class=\"elementor-column elementor-col-33 elementor-top-column elementor-element elementor-element-8ce237f\" data-id=\"8ce237f\" data-element_type=\"column\" data-e-type=\"column\">\n\t\t\t<div class=\"elementor-widget-wrap\">\n\t\t\t\t\t\t\t<\/div>\n\t\t<\/div>\n\t\t\t\t\t<\/div>\n\t\t<\/section>\n\t\t\t\t<\/div>\n\t\t","protected":false},"excerpt":{"rendered":"<p>Finden Sie Antworten auf h\u00e4ufig gestellte Fragen zu unseren orthop\u00e4dischen Leistungen bei Ortho.Werk Urb\u00e1n in Emmerich am Rhein.<\/p>\n","protected":false},"author":1,"featured_media":0,"parent":0,"menu_order":0,"comment_status":"closed","ping_status":"closed","template":"","meta":{"_acf_changed":false,"footnotes":""},"class_list":["post-7975","page","type-page","status-publish","hentry"],"acf":[],"_links":{"self":[{"href":"https:\/\/orthowerk-urban.de\/de\/wp-json\/wp\/v2\/pages\/7975","targetHints":{"allow":["GET"]}}],"collection":[{"href":"https:\/\/orthowerk-urban.de\/de\/wp-json\/wp\/v2\/pages"}],"about":[{"href":"https:\/\/orthowerk-urban.de\/de\/wp-json\/wp\/v2\/types\/page"}],"author":[{"embeddable":true,"href":"https:\/\/orthowerk-urban.de\/de\/wp-json\/wp\/v2\/users\/1"}],"replies":[{"embeddable":true,"href":"https:\/\/orthowerk-urban.de\/de\/wp-json\/wp\/v2\/comments?post=7975"}],"version-history":[{"count":16,"href":"https:\/\/orthowerk-urban.de\/de\/wp-json\/wp\/v2\/pages\/7975\/revisions"}],"predecessor-version":[{"id":9220,"href":"https:\/\/orthowerk-urban.de\/de\/wp-json\/wp\/v2\/pages\/7975\/revisions\/9220"}],"wp:attachment":[{"href":"https:\/\/orthowerk-urban.de\/de\/wp-json\/wp\/v2\/media?parent=7975"}],"curies":[{"name":"wp","href":"https:\/\/api.w.org\/{rel}","templated":true}]}}