{"id":8048,"date":"2023-09-03T16:09:52","date_gmt":"2023-09-03T16:09:52","guid":{"rendered":"https:\/\/export-demos.qreativethemes.com\/elementor-physio\/?page_id=8048"},"modified":"2025-01-31T14:58:34","modified_gmt":"2025-01-31T13:58:34","slug":"elektronische-fussdruckmessung","status":"publish","type":"page","link":"https:\/\/orthowerk-urban.de\/de\/services\/elektronische-fussdruckmessung\/","title":{"rendered":"Elektronische Fu\u00dfdruckmessung"},"content":{"rendered":"\t\t<div data-elementor-type=\"wp-page\" data-elementor-id=\"8048\" class=\"elementor elementor-8048\">\n\t\t\t\t\t\t<section class=\"elementor-section elementor-top-section elementor-element elementor-element-47c69ee elementor-section-boxed elementor-section-height-default elementor-section-height-default\" data-id=\"47c69ee\" data-element_type=\"section\" data-e-type=\"section\">\n\t\t\t\t\t\t<div class=\"elementor-container elementor-column-gap-default\">\n\t\t\t\t\t<div class=\"elementor-column elementor-col-100 elementor-top-column elementor-element elementor-element-8c389ef\" data-id=\"8c389ef\" data-element_type=\"column\" data-e-type=\"column\">\n\t\t\t<div class=\"elementor-widget-wrap elementor-element-populated\">\n\t\t\t\t\t\t<div class=\"elementor-element elementor-element-705959a elementor-widget elementor-widget-heading\" data-id=\"705959a\" data-element_type=\"widget\" data-e-type=\"widget\" data-widget_type=\"heading.default\">\n\t\t\t\t<div class=\"elementor-widget-container\">\n\t\t\t\t\t<h2 class=\"elementor-heading-title elementor-size-default\">Individuelle F\u00fc\u00dfe - Individuelle Bed\u00fcrfnisse - Inviduelle Versorgung<\/h2>\t\t\t\t<\/div>\n\t\t\t\t<\/div>\n\t\t\t\t\t<\/div>\n\t\t<\/div>\n\t\t\t\t\t<\/div>\n\t\t<\/section>\n\t\t\t\t<section class=\"elementor-section elementor-top-section elementor-element elementor-element-9a8a6ae elementor-section-boxed elementor-section-height-default elementor-section-height-default\" data-id=\"9a8a6ae\" data-element_type=\"section\" data-e-type=\"section\">\n\t\t\t\t\t\t<div class=\"elementor-container elementor-column-gap-default\">\n\t\t\t\t\t<div class=\"elementor-column elementor-col-100 elementor-top-column elementor-element elementor-element-6c98342\" data-id=\"6c98342\" data-element_type=\"column\" data-e-type=\"column\">\n\t\t\t<div class=\"elementor-widget-wrap elementor-element-populated\">\n\t\t\t\t\t\t<div class=\"elementor-element elementor-element-a43896d elementor-widget-divider--view-line elementor-widget elementor-widget-divider\" data-id=\"a43896d\" data-element_type=\"widget\" data-e-type=\"widget\" data-widget_type=\"divider.default\">\n\t\t\t\t<div class=\"elementor-widget-container\">\n\t\t\t\t\t\t\t<div class=\"elementor-divider\">\n\t\t\t<span class=\"elementor-divider-separator\">\n\t\t\t\t\t\t<\/span>\n\t\t<\/div>\n\t\t\t\t\t\t<\/div>\n\t\t\t\t<\/div>\n\t\t\t\t\t<\/div>\n\t\t<\/div>\n\t\t\t\t\t<\/div>\n\t\t<\/section>\n\t\t\t\t<section class=\"elementor-section elementor-top-section elementor-element elementor-element-f71039a elementor-section-boxed elementor-section-height-default elementor-section-height-default\" data-id=\"f71039a\" data-element_type=\"section\" data-e-type=\"section\">\n\t\t\t\t\t\t<div class=\"elementor-container elementor-column-gap-default\">\n\t\t\t\t\t<div class=\"elementor-column elementor-col-50 elementor-top-column elementor-element elementor-element-eeed4a4\" data-id=\"eeed4a4\" data-element_type=\"column\" data-e-type=\"column\">\n\t\t\t<div class=\"elementor-widget-wrap elementor-element-populated\">\n\t\t\t\t\t\t<div class=\"elementor-element elementor-element-4db94cc gallery-spacing-custom elementor-widget elementor-widget-image-gallery\" data-id=\"4db94cc\" data-element_type=\"widget\" data-e-type=\"widget\" data-widget_type=\"image-gallery.default\">\n\t\t\t\t<div class=\"elementor-widget-container\">\n\t\t\t\t\t\t\t<div class=\"elementor-image-gallery\">\n\t\t\t<div id='gallery-1' class='gallery galleryid-8048 gallery-columns-1 gallery-size-full'><figure class='gallery-item'>\n\t\t\t<div class='gallery-icon portrait'>\n\t\t\t\t<a data-elementor-open-lightbox=\"yes\" data-elementor-lightbox-slideshow=\"4db94cc\" data-elementor-lightbox-title=\"Fu\u00dfdruckanalyse\" data-e-action-hash=\"#elementor-action%3Aaction%3Dlightbox%26settings%3DeyJpZCI6OTA5OCwidXJsIjoiaHR0cHM6XC9cL29ydGhvd2Vyay11cmJhbi5kZVwvd3AtY29udGVudFwvdXBsb2Fkc1wvMjAyNVwvMDFcL2Z1c3NkcnVja2FuYWx5c2VfMS5qcGciLCJzbGlkZXNob3ciOiI0ZGI5NGNjIn0%3D\" href='https:\/\/orthowerk-urban.de\/wp-content\/uploads\/2025\/01\/fussdruckanalyse_1.jpg'><img fetchpriority=\"high\" decoding=\"async\" width=\"1334\" height=\"2000\" src=\"https:\/\/orthowerk-urban.de\/wp-content\/uploads\/2025\/01\/fussdruckanalyse_1.jpg\" class=\"attachment-full size-full\" alt=\"Fu\u00dfdruckanalyse\" aria-describedby=\"gallery-1-9098\" srcset=\"https:\/\/orthowerk-urban.de\/wp-content\/uploads\/2025\/01\/fussdruckanalyse_1.jpg 1334w, https:\/\/orthowerk-urban.de\/wp-content\/uploads\/2025\/01\/fussdruckanalyse_1-200x300.jpg 200w, https:\/\/orthowerk-urban.de\/wp-content\/uploads\/2025\/01\/fussdruckanalyse_1-683x1024.jpg 683w, https:\/\/orthowerk-urban.de\/wp-content\/uploads\/2025\/01\/fussdruckanalyse_1-768x1151.jpg 768w, https:\/\/orthowerk-urban.de\/wp-content\/uploads\/2025\/01\/fussdruckanalyse_1-1025x1536.jpg 1025w, https:\/\/orthowerk-urban.de\/wp-content\/uploads\/2025\/01\/fussdruckanalyse_1-8x12.jpg 8w\" sizes=\"(max-width: 1334px) 100vw, 1334px\" \/><\/a>\n\t\t\t<\/div>\n\t\t\t\t<figcaption class='wp-caption-text gallery-caption' id='gallery-1-9098'>\n\t\t\t\tFu\u00dfdruckanalyse\n\t\t\t\t<\/figcaption><\/figure>\n\t\t<\/div>\n\t\t<\/div>\n\t\t\t\t\t\t<\/div>\n\t\t\t\t<\/div>\n\t\t\t\t\t<\/div>\n\t\t<\/div>\n\t\t\t\t<div class=\"elementor-column elementor-col-50 elementor-top-column elementor-element elementor-element-f844cb9\" data-id=\"f844cb9\" data-element_type=\"column\" data-e-type=\"column\">\n\t\t\t<div class=\"elementor-widget-wrap elementor-element-populated\">\n\t\t\t\t\t\t<div class=\"elementor-element elementor-element-d402cbe elementor-widget elementor-widget-text-editor\" data-id=\"d402cbe\" data-element_type=\"widget\" data-e-type=\"widget\" data-widget_type=\"text-editor.default\">\n\t\t\t\t<div class=\"elementor-widget-container\">\n\t\t\t\t\t\t\t\t\t<p>Mit Hilfe einer Fu\u00dfdruckmessung werden Ihre Fu\u00dfsohlen untersucht. Die Messung zeigt, wo Sie beim Stehen und Gehen Druck auf Ihre Fu\u00dfsohle aus\u00fcben. Die elektronische Messung liefert eine exakte Darstellung in 3D-Qualit\u00e4t.<\/p>\n<p>Diese dreidimensionale Information nutze ich zur Diagnostik zum Beispiel nach Operationen, zur genauen Erkennung von nicht-sichtbaren Druckstellen bei Fu\u00dferkrankungen, Fu\u00dfdeformit\u00e4ten und bei der Anpassung von orthop\u00e4dischen Schuhen. Ziel ist es, eine gleichm\u00e4\u00dfige Druckverteilung zu erreichen oder den Fu\u00dfdruck zu reduzieren. So k\u00f6nnen drohende Komplikationen vermieden werden.<\/p>\n<p>Auch bei Nervensch\u00e4den am Fu\u00df wird die Fu\u00dfdruckmessung eingesetzt, um Druckstellen besser zu erkennen. So k\u00f6nnen weitere Verletzungen des Fu\u00dfes vermieden und der Heilungsprozess unterst\u00fctzt werden.<\/p>\t\t\t\t\t\t\t\t<\/div>\n\t\t\t\t<\/div>\n\t\t\t\t\t<\/div>\n\t\t<\/div>\n\t\t\t\t\t<\/div>\n\t\t<\/section>\n\t\t\t\t<section class=\"elementor-section elementor-top-section elementor-element elementor-element-b0a6a8d elementor-section-boxed elementor-section-height-default elementor-section-height-default\" data-id=\"b0a6a8d\" data-element_type=\"section\" data-e-type=\"section\">\n\t\t\t\t\t\t<div class=\"elementor-container elementor-column-gap-default\">\n\t\t\t\t\t<div class=\"elementor-column elementor-col-100 elementor-top-column elementor-element elementor-element-1a4382d\" data-id=\"1a4382d\" data-element_type=\"column\" data-e-type=\"column\">\n\t\t\t<div class=\"elementor-widget-wrap elementor-element-populated\">\n\t\t\t\t\t\t<div class=\"elementor-element elementor-element-13a7ba5 gallery-spacing-custom elementor-widget elementor-widget-image-gallery\" data-id=\"13a7ba5\" data-element_type=\"widget\" data-e-type=\"widget\" data-widget_type=\"image-gallery.default\">\n\t\t\t\t<div class=\"elementor-widget-container\">\n\t\t\t\t\t\t\t<div class=\"elementor-image-gallery\">\n\t\t\t<div id='gallery-2' class='gallery galleryid-8048 gallery-columns-3 gallery-size-full'><figure class='gallery-item'>\n\t\t\t<div class='gallery-icon portrait'>\n\t\t\t\t<a data-elementor-open-lightbox=\"yes\" data-elementor-lightbox-slideshow=\"13a7ba5\" data-elementor-lightbox-title=\"Fu\u00dfdruckanalyse\" data-e-action-hash=\"#elementor-action%3Aaction%3Dlightbox%26settings%3DeyJpZCI6OTA5OSwidXJsIjoiaHR0cHM6XC9cL29ydGhvd2Vyay11cmJhbi5kZVwvd3AtY29udGVudFwvdXBsb2Fkc1wvMjAyNVwvMDFcL2Z1c3NkcnVja2FuYWx5c2VfMi5qcGciLCJzbGlkZXNob3ciOiIxM2E3YmE1In0%3D\" href='https:\/\/orthowerk-urban.de\/wp-content\/uploads\/2025\/01\/fussdruckanalyse_2.jpg'><img decoding=\"async\" width=\"1333\" height=\"2000\" src=\"https:\/\/orthowerk-urban.de\/wp-content\/uploads\/2025\/01\/fussdruckanalyse_2.jpg\" class=\"attachment-full size-full\" alt=\"Fu\u00dfdruckanalyse\" aria-describedby=\"gallery-2-9099\" srcset=\"https:\/\/orthowerk-urban.de\/wp-content\/uploads\/2025\/01\/fussdruckanalyse_2.jpg 1333w, https:\/\/orthowerk-urban.de\/wp-content\/uploads\/2025\/01\/fussdruckanalyse_2-200x300.jpg 200w, https:\/\/orthowerk-urban.de\/wp-content\/uploads\/2025\/01\/fussdruckanalyse_2-682x1024.jpg 682w, https:\/\/orthowerk-urban.de\/wp-content\/uploads\/2025\/01\/fussdruckanalyse_2-768x1152.jpg 768w, https:\/\/orthowerk-urban.de\/wp-content\/uploads\/2025\/01\/fussdruckanalyse_2-1024x1536.jpg 1024w, https:\/\/orthowerk-urban.de\/wp-content\/uploads\/2025\/01\/fussdruckanalyse_2-8x12.jpg 8w\" sizes=\"(max-width: 1333px) 100vw, 1333px\" \/><\/a>\n\t\t\t<\/div>\n\t\t\t\t<figcaption class='wp-caption-text gallery-caption' id='gallery-2-9099'>\n\t\t\t\tFu\u00dfdruckanalyse\n\t\t\t\t<\/figcaption><\/figure><figure class='gallery-item'>\n\t\t\t<div class='gallery-icon portrait'>\n\t\t\t\t<a data-elementor-open-lightbox=\"yes\" data-elementor-lightbox-slideshow=\"13a7ba5\" data-elementor-lightbox-title=\"Fu\u00dfdruckanalyse\" data-e-action-hash=\"#elementor-action%3Aaction%3Dlightbox%26settings%3DeyJpZCI6OTEwMCwidXJsIjoiaHR0cHM6XC9cL29ydGhvd2Vyay11cmJhbi5kZVwvd3AtY29udGVudFwvdXBsb2Fkc1wvMjAyNVwvMDFcL2Z1c3NkcnVja2FuYWx5c2VfMy5qcGciLCJzbGlkZXNob3ciOiIxM2E3YmE1In0%3D\" href='https:\/\/orthowerk-urban.de\/wp-content\/uploads\/2025\/01\/fussdruckanalyse_3.jpg'><img decoding=\"async\" width=\"1333\" height=\"2000\" src=\"https:\/\/orthowerk-urban.de\/wp-content\/uploads\/2025\/01\/fussdruckanalyse_3.jpg\" class=\"attachment-full size-full\" alt=\"Fu\u00dfdruckanalyse\" aria-describedby=\"gallery-2-9100\" srcset=\"https:\/\/orthowerk-urban.de\/wp-content\/uploads\/2025\/01\/fussdruckanalyse_3.jpg 1333w, https:\/\/orthowerk-urban.de\/wp-content\/uploads\/2025\/01\/fussdruckanalyse_3-200x300.jpg 200w, https:\/\/orthowerk-urban.de\/wp-content\/uploads\/2025\/01\/fussdruckanalyse_3-682x1024.jpg 682w, https:\/\/orthowerk-urban.de\/wp-content\/uploads\/2025\/01\/fussdruckanalyse_3-768x1152.jpg 768w, https:\/\/orthowerk-urban.de\/wp-content\/uploads\/2025\/01\/fussdruckanalyse_3-1024x1536.jpg 1024w, https:\/\/orthowerk-urban.de\/wp-content\/uploads\/2025\/01\/fussdruckanalyse_3-8x12.jpg 8w\" sizes=\"(max-width: 1333px) 100vw, 1333px\" \/><\/a>\n\t\t\t<\/div>\n\t\t\t\t<figcaption class='wp-caption-text gallery-caption' id='gallery-2-9100'>\n\t\t\t\tFu\u00dfdruckanalyse\n\t\t\t\t<\/figcaption><\/figure><figure class='gallery-item'>\n\t\t\t<div class='gallery-icon portrait'>\n\t\t\t\t<a data-elementor-open-lightbox=\"yes\" data-elementor-lightbox-slideshow=\"13a7ba5\" data-elementor-lightbox-title=\"Fu\u00dfdruckanalyse\" data-e-action-hash=\"#elementor-action%3Aaction%3Dlightbox%26settings%3DeyJpZCI6OTEwMSwidXJsIjoiaHR0cHM6XC9cL29ydGhvd2Vyay11cmJhbi5kZVwvd3AtY29udGVudFwvdXBsb2Fkc1wvMjAyNVwvMDFcL2Z1c3NkcnVja2FuYWx5c2VfNC5qcGciLCJzbGlkZXNob3ciOiIxM2E3YmE1In0%3D\" href='https:\/\/orthowerk-urban.de\/wp-content\/uploads\/2025\/01\/fussdruckanalyse_4.jpg'><img loading=\"lazy\" decoding=\"async\" width=\"1333\" height=\"2000\" src=\"https:\/\/orthowerk-urban.de\/wp-content\/uploads\/2025\/01\/fussdruckanalyse_4.jpg\" class=\"attachment-full size-full\" alt=\"Fu\u00dfdruckanalyse\" aria-describedby=\"gallery-2-9101\" srcset=\"https:\/\/orthowerk-urban.de\/wp-content\/uploads\/2025\/01\/fussdruckanalyse_4.jpg 1333w, https:\/\/orthowerk-urban.de\/wp-content\/uploads\/2025\/01\/fussdruckanalyse_4-200x300.jpg 200w, https:\/\/orthowerk-urban.de\/wp-content\/uploads\/2025\/01\/fussdruckanalyse_4-682x1024.jpg 682w, https:\/\/orthowerk-urban.de\/wp-content\/uploads\/2025\/01\/fussdruckanalyse_4-768x1152.jpg 768w, https:\/\/orthowerk-urban.de\/wp-content\/uploads\/2025\/01\/fussdruckanalyse_4-1024x1536.jpg 1024w, https:\/\/orthowerk-urban.de\/wp-content\/uploads\/2025\/01\/fussdruckanalyse_4-8x12.jpg 8w\" sizes=\"(max-width: 1333px) 100vw, 1333px\" \/><\/a>\n\t\t\t<\/div>\n\t\t\t\t<figcaption class='wp-caption-text gallery-caption' id='gallery-2-9101'>\n\t\t\t\tFu\u00dfdruckanalyse\n\t\t\t\t<\/figcaption><\/figure>\n\t\t<\/div>\n\t\t<\/div>\n\t\t\t\t\t\t<\/div>\n\t\t\t\t<\/div>\n\t\t\t\t\t<\/div>\n\t\t<\/div>\n\t\t\t\t\t<\/div>\n\t\t<\/section>\n\t\t\t\t<\/div>\n\t\t","protected":false},"excerpt":{"rendered":"<p>Mit Hilfe einer Fu\u00dfdruckmessung werden Ihre Fu\u00dfsohlen untersucht. Die Messung zeigt, wo Sie beim Stehen und Gehen Druck auf Ihre Fu\u00dfsohle aus\u00fcben. <\/p>\n","protected":false},"author":1,"featured_media":8747,"parent":8030,"menu_order":0,"comment_status":"closed","ping_status":"closed","template":"","meta":{"_acf_changed":false,"footnotes":""},"class_list":["post-8048","page","type-page","status-publish","has-post-thumbnail","hentry"],"acf":[],"_links":{"self":[{"href":"https:\/\/orthowerk-urban.de\/de\/wp-json\/wp\/v2\/pages\/8048","targetHints":{"allow":["GET"]}}],"collection":[{"href":"https:\/\/orthowerk-urban.de\/de\/wp-json\/wp\/v2\/pages"}],"about":[{"href":"https:\/\/orthowerk-urban.de\/de\/wp-json\/wp\/v2\/types\/page"}],"author":[{"embeddable":true,"href":"https:\/\/orthowerk-urban.de\/de\/wp-json\/wp\/v2\/users\/1"}],"replies":[{"embeddable":true,"href":"https:\/\/orthowerk-urban.de\/de\/wp-json\/wp\/v2\/comments?post=8048"}],"version-history":[{"count":34,"href":"https:\/\/orthowerk-urban.de\/de\/wp-json\/wp\/v2\/pages\/8048\/revisions"}],"predecessor-version":[{"id":9241,"href":"https:\/\/orthowerk-urban.de\/de\/wp-json\/wp\/v2\/pages\/8048\/revisions\/9241"}],"up":[{"embeddable":true,"href":"https:\/\/orthowerk-urban.de\/de\/wp-json\/wp\/v2\/pages\/8030"}],"wp:featuredmedia":[{"embeddable":true,"href":"https:\/\/orthowerk-urban.de\/de\/wp-json\/wp\/v2\/media\/8747"}],"wp:attachment":[{"href":"https:\/\/orthowerk-urban.de\/de\/wp-json\/wp\/v2\/media?parent=8048"}],"curies":[{"name":"wp","href":"https:\/\/api.w.org\/{rel}","templated":true}]}}