{"id":8068,"date":"2023-09-03T16:25:20","date_gmt":"2023-09-03T16:25:20","guid":{"rendered":"https:\/\/export-demos.qreativethemes.com\/elementor-physio\/?page_id=8068"},"modified":"2025-01-31T14:58:51","modified_gmt":"2025-01-31T13:58:51","slug":"gang-und-laufanalyse","status":"publish","type":"page","link":"https:\/\/orthowerk-urban.de\/de\/services\/gang-und-laufanalyse\/","title":{"rendered":"Gang- und Laufanalyse"},"content":{"rendered":"\t\t<div data-elementor-type=\"wp-page\" data-elementor-id=\"8068\" class=\"elementor elementor-8068\">\n\t\t\t\t\t\t<section class=\"elementor-section elementor-top-section elementor-element elementor-element-9e0d5d2 elementor-section-boxed elementor-section-height-default elementor-section-height-default\" data-id=\"9e0d5d2\" data-element_type=\"section\" data-e-type=\"section\">\n\t\t\t\t\t\t<div class=\"elementor-container elementor-column-gap-extended\">\n\t\t\t\t\t<div class=\"elementor-column elementor-col-50 elementor-top-column elementor-element elementor-element-8ddd175\" data-id=\"8ddd175\" data-element_type=\"column\" data-e-type=\"column\">\n\t\t\t<div class=\"elementor-widget-wrap elementor-element-populated\">\n\t\t\t\t\t\t<div class=\"elementor-element elementor-element-e08012b elementor-widget elementor-widget-image-gallery\" data-id=\"e08012b\" data-element_type=\"widget\" data-e-type=\"widget\" data-widget_type=\"image-gallery.default\">\n\t\t\t\t<div class=\"elementor-widget-container\">\n\t\t\t\t\t\t\t<div class=\"elementor-image-gallery\">\n\t\t\t<div id='gallery-1' class='gallery galleryid-8068 gallery-columns-1 gallery-size-full'><figure class='gallery-item'>\n\t\t\t<div class='gallery-icon portrait'>\n\t\t\t\t<a data-elementor-open-lightbox=\"yes\" data-elementor-lightbox-slideshow=\"e08012b\" data-elementor-lightbox-title=\"Ganganalyse\" data-e-action-hash=\"#elementor-action%3Aaction%3Dlightbox%26settings%3DeyJpZCI6OTEyMCwidXJsIjoiaHR0cHM6XC9cL29ydGhvd2Vyay11cmJhbi5kZVwvd3AtY29udGVudFwvdXBsb2Fkc1wvMjAyNVwvMDFcL2dhbmdhbmFseXNlLmpwZyIsInNsaWRlc2hvdyI6ImUwODAxMmIifQ%3D%3D\" href='https:\/\/orthowerk-urban.de\/wp-content\/uploads\/2025\/01\/ganganalyse.jpg'><img fetchpriority=\"high\" decoding=\"async\" width=\"1333\" height=\"2000\" src=\"https:\/\/orthowerk-urban.de\/wp-content\/uploads\/2025\/01\/ganganalyse.jpg\" class=\"attachment-full size-full\" alt=\"Ganganalyse\" aria-describedby=\"gallery-1-9120\" srcset=\"https:\/\/orthowerk-urban.de\/wp-content\/uploads\/2025\/01\/ganganalyse.jpg 1333w, https:\/\/orthowerk-urban.de\/wp-content\/uploads\/2025\/01\/ganganalyse-200x300.jpg 200w, https:\/\/orthowerk-urban.de\/wp-content\/uploads\/2025\/01\/ganganalyse-682x1024.jpg 682w, https:\/\/orthowerk-urban.de\/wp-content\/uploads\/2025\/01\/ganganalyse-768x1152.jpg 768w, https:\/\/orthowerk-urban.de\/wp-content\/uploads\/2025\/01\/ganganalyse-1024x1536.jpg 1024w, https:\/\/orthowerk-urban.de\/wp-content\/uploads\/2025\/01\/ganganalyse-8x12.jpg 8w\" sizes=\"(max-width: 1333px) 100vw, 1333px\" \/><\/a>\n\t\t\t<\/div>\n\t\t\t\t<figcaption class='wp-caption-text gallery-caption' id='gallery-1-9120'>\n\t\t\t\tGanganalyse\n\t\t\t\t<\/figcaption><\/figure>\n\t\t<\/div>\n\t\t<\/div>\n\t\t\t\t\t\t<\/div>\n\t\t\t\t<\/div>\n\t\t\t\t\t<\/div>\n\t\t<\/div>\n\t\t\t\t<div class=\"elementor-column elementor-col-50 elementor-top-column elementor-element elementor-element-610998e\" data-id=\"610998e\" data-element_type=\"column\" data-e-type=\"column\">\n\t\t\t<div class=\"elementor-widget-wrap elementor-element-populated\">\n\t\t\t\t\t\t<div class=\"elementor-element elementor-element-a45fbc9 elementor-widget elementor-widget-text-editor\" data-id=\"a45fbc9\" data-element_type=\"widget\" data-e-type=\"widget\" data-widget_type=\"text-editor.default\">\n\t\t\t\t<div class=\"elementor-widget-container\">\n\t\t\t\t\t\t\t\t\t<p>Sie m\u00f6chten mit dem Joggen beginnen oder Sie sind ein erfahrener L\u00e4ufer? Sie waren verletzt und fangen wieder mit dem Laufen an?<\/p><p>Mit der Laufanalyse nehme ich Ihren K\u00f6rper genau unter die Lupe. So lassen sich Schwachstellen erkennen und Ihre K\u00f6rperhaltung wird verbessert. Sie werden sehen: Sie steigern Ihre Leistung!<\/p><p>Der aufrechte Gang des Menschen ist ein komplexes Zusammenspiel des ganzen K\u00f6rpers. Ein falscher Sportschuh oder eine falsche K\u00f6rperhaltung erh\u00f6hen das Verletzungsrisiko.<\/p><p>Eine gute Laufanalyse hilft, sich nach einer Verletzung schneller zu erholen und die Leistung zu steigern.<\/p><p>Damit Sie wieder Freude an der Bewegung haben!<\/p><p><b>Terminvereinbarung leicht gemacht!<\/b><\/p><p>Auf unserer Internetseite k\u00f6nnen Sie bequem einen Termin vereinbaren.<\/p><p>Sollten Sie jedoch einen Terminwunsch au\u00dferhalb der angebotenen Zeit haben, insbesondere, wenn Sie werkt\u00e4tig sind, schreiben Sie uns gerne eine E-Mail an l.urban@orthowerk-urban.de.<\/p><p>Wir finden gemeinsam einen passenden Termin f\u00fcr Sie!<\/p><p><strong>F\u00fcr die Analyse ben\u00f6tigen Sie Sportkleidung, kurze Hose und getragene, aber saubere Laufschuhe. Falls vorhanden, bringen Sie Ihre Einlagen mit &#8211; und ausreichend Zeit.<\/strong><\/p><p>\u00a0<\/p>\t\t\t\t\t\t\t\t<\/div>\n\t\t\t\t<\/div>\n\t\t\t\t\t<\/div>\n\t\t<\/div>\n\t\t\t\t\t<\/div>\n\t\t<\/section>\n\t\t\t\t<section class=\"elementor-section elementor-top-section elementor-element elementor-element-bbd5862 elementor-section-boxed elementor-section-height-default elementor-section-height-default\" data-id=\"bbd5862\" data-element_type=\"section\" data-e-type=\"section\">\n\t\t\t\t\t\t<div class=\"elementor-container elementor-column-gap-default\">\n\t\t\t\t\t<div class=\"elementor-column elementor-col-100 elementor-top-column elementor-element elementor-element-9affd22\" data-id=\"9affd22\" data-element_type=\"column\" data-e-type=\"column\">\n\t\t\t<div class=\"elementor-widget-wrap elementor-element-populated\">\n\t\t\t\t\t\t<div class=\"elementor-element elementor-element-774b213 elementor-widget elementor-widget-text-editor\" data-id=\"774b213\" data-element_type=\"widget\" data-e-type=\"widget\" data-widget_type=\"text-editor.default\">\n\t\t\t\t<div class=\"elementor-widget-container\">\n\t\t\t\t\t\t\t\t\t<p style=\"font-weight: 400;\"><strong>Eine grundlegende (Basis) Laufanalyse besteht aus<\/strong><\/p><p style=\"font-weight: 400;\">&#8211; 2D-Fu\u00dfscan<br \/>&#8211; Laufbandanalyse mit Filmaufnahme nach Wunsch<br \/>&#8211; Analysegespr\u00e4ch und Beratung<\/p><p style=\"font-weight: 400;\">Die Basis Laufanalyse kostet \u20ac 58,-.<\/p><p style=\"font-weight: 400;\"><br \/>Zus\u00e4tzliche Option (erweiterte Laufanalyse):<br \/>&#8211; Elektronische Fu\u00dfdruckmessung w\u00e4hrend der Laufanalyse<\/p><p style=\"font-weight: 400;\">Die Premium Laufanalyse kostet \u20ac 98,-.<\/p><p style=\"font-weight: 400;\"><strong><br \/>Beim Schuhkauf bei Ortho.werk erh\u00e4lt der Kunde 50% Rabatt auf die Analyse.<\/strong><\/p>\t\t\t\t\t\t\t\t<\/div>\n\t\t\t\t<\/div>\n\t\t\t\t\t<\/div>\n\t\t<\/div>\n\t\t\t\t\t<\/div>\n\t\t<\/section>\n\t\t\t\t<section class=\"elementor-section elementor-top-section elementor-element elementor-element-3ecebb6 elementor-section-boxed elementor-section-height-default elementor-section-height-default\" data-id=\"3ecebb6\" data-element_type=\"section\" data-e-type=\"section\">\n\t\t\t\t\t\t<div class=\"elementor-container elementor-column-gap-default\">\n\t\t\t\t\t<div class=\"elementor-column elementor-col-100 elementor-top-column elementor-element elementor-element-4b80493\" data-id=\"4b80493\" data-element_type=\"column\" data-e-type=\"column\">\n\t\t\t<div class=\"elementor-widget-wrap\">\n\t\t\t\t\t\t\t<\/div>\n\t\t<\/div>\n\t\t\t\t\t<\/div>\n\t\t<\/section>\n\t\t\t\t<\/div>\n\t\t","protected":false},"excerpt":{"rendered":"<p>Der aufrechte Gang des Menschen ist ein komplexes Zusammenspiel des ganzen K\u00f6rpers. Ein falscher Sportschuh oder eine falsche K\u00f6rperhaltung erh\u00f6hen das Verletzungsrisiko.<\/p>\n","protected":false},"author":1,"featured_media":8641,"parent":8030,"menu_order":0,"comment_status":"closed","ping_status":"closed","template":"","meta":{"_acf_changed":false,"footnotes":""},"class_list":["post-8068","page","type-page","status-publish","has-post-thumbnail","hentry"],"acf":[],"_links":{"self":[{"href":"https:\/\/orthowerk-urban.de\/de\/wp-json\/wp\/v2\/pages\/8068","targetHints":{"allow":["GET"]}}],"collection":[{"href":"https:\/\/orthowerk-urban.de\/de\/wp-json\/wp\/v2\/pages"}],"about":[{"href":"https:\/\/orthowerk-urban.de\/de\/wp-json\/wp\/v2\/types\/page"}],"author":[{"embeddable":true,"href":"https:\/\/orthowerk-urban.de\/de\/wp-json\/wp\/v2\/users\/1"}],"replies":[{"embeddable":true,"href":"https:\/\/orthowerk-urban.de\/de\/wp-json\/wp\/v2\/comments?post=8068"}],"version-history":[{"count":47,"href":"https:\/\/orthowerk-urban.de\/de\/wp-json\/wp\/v2\/pages\/8068\/revisions"}],"predecessor-version":[{"id":9238,"href":"https:\/\/orthowerk-urban.de\/de\/wp-json\/wp\/v2\/pages\/8068\/revisions\/9238"}],"up":[{"embeddable":true,"href":"https:\/\/orthowerk-urban.de\/de\/wp-json\/wp\/v2\/pages\/8030"}],"wp:featuredmedia":[{"embeddable":true,"href":"https:\/\/orthowerk-urban.de\/de\/wp-json\/wp\/v2\/media\/8641"}],"wp:attachment":[{"href":"https:\/\/orthowerk-urban.de\/de\/wp-json\/wp\/v2\/media?parent=8068"}],"curies":[{"name":"wp","href":"https:\/\/api.w.org\/{rel}","templated":true}]}}