{"id":8466,"date":"2024-04-18T10:01:45","date_gmt":"2024-04-18T08:01:45","guid":{"rendered":"https:\/\/orthowerk-urban.de\/?page_id=8466"},"modified":"2026-04-17T13:34:51","modified_gmt":"2026-04-17T11:34:51","slug":"produkte","status":"publish","type":"page","link":"https:\/\/orthowerk-urban.de\/de\/produkte\/","title":{"rendered":"Produkte"},"content":{"rendered":"\t\t<div data-elementor-type=\"wp-page\" data-elementor-id=\"8466\" class=\"elementor elementor-8466\">\n\t\t\t\t\t\t<section class=\"elementor-section elementor-top-section elementor-element elementor-element-186747c elementor-section-boxed elementor-section-height-default elementor-section-height-default\" data-id=\"186747c\" data-element_type=\"section\" data-e-type=\"section\">\n\t\t\t\t\t\t<div class=\"elementor-container elementor-column-gap-default\">\n\t\t\t\t\t<div class=\"elementor-column elementor-col-33 elementor-top-column elementor-element elementor-element-f05b3cf\" data-id=\"f05b3cf\" data-element_type=\"column\" data-e-type=\"column\">\n\t\t\t<div class=\"elementor-widget-wrap elementor-element-populated\">\n\t\t\t\t\t\t<div class=\"elementor-element elementor-element-653a500 elementor-widget elementor-widget-heading\" data-id=\"653a500\" data-element_type=\"widget\" data-e-type=\"widget\" data-widget_type=\"heading.default\">\n\t\t\t\t<div class=\"elementor-widget-container\">\n\t\t\t\t\t<h2 class=\"elementor-heading-title elementor-size-default\"><a href=\"http:\/\/www.varomed.de\/de\/\">VAROMED<\/a><\/h2>\t\t\t\t<\/div>\n\t\t\t\t<\/div>\n\t\t\t\t<div class=\"elementor-element elementor-element-e2738f4 elementor-widget elementor-widget-image\" data-id=\"e2738f4\" data-element_type=\"widget\" data-e-type=\"widget\" data-widget_type=\"image.default\">\n\t\t\t\t<div class=\"elementor-widget-container\">\n\t\t\t\t\t\t\t\t\t\t\t\t\t\t\t\t<a href=\"http:\/\/www.varomed.de\/de\/\">\n\t\t\t\t\t\t\t<img fetchpriority=\"high\" decoding=\"async\" width=\"768\" height=\"512\" src=\"https:\/\/orthowerk-urban.de\/wp-content\/uploads\/2026\/03\/varomed-768x512.jpg\" class=\"attachment-medium_large size-medium_large wp-image-9321\" alt=\"Varomed\" srcset=\"https:\/\/orthowerk-urban.de\/wp-content\/uploads\/2026\/03\/varomed-768x512.jpg 768w, https:\/\/orthowerk-urban.de\/wp-content\/uploads\/2026\/03\/varomed-300x200.jpg 300w, https:\/\/orthowerk-urban.de\/wp-content\/uploads\/2026\/03\/varomed-1024x683.jpg 1024w, https:\/\/orthowerk-urban.de\/wp-content\/uploads\/2026\/03\/varomed-1536x1024.jpg 1536w, https:\/\/orthowerk-urban.de\/wp-content\/uploads\/2026\/03\/varomed-2048x1365.jpg 2048w, https:\/\/orthowerk-urban.de\/wp-content\/uploads\/2026\/03\/varomed-18x12.jpg 18w, https:\/\/orthowerk-urban.de\/wp-content\/uploads\/2026\/03\/varomed-360x240.jpg 360w, https:\/\/orthowerk-urban.de\/wp-content\/uploads\/2026\/03\/varomed-850x567.jpg 850w\" sizes=\"(max-width: 768px) 100vw, 768px\" \/>\t\t\t\t\t\t\t\t<\/a>\n\t\t\t\t\t\t\t\t\t\t\t\t\t\t\t<\/div>\n\t\t\t\t<\/div>\n\t\t\t\t\t<\/div>\n\t\t<\/div>\n\t\t\t\t<div class=\"elementor-column elementor-col-33 elementor-top-column elementor-element elementor-element-ee5fd76\" data-id=\"ee5fd76\" data-element_type=\"column\" data-e-type=\"column\">\n\t\t\t<div class=\"elementor-widget-wrap elementor-element-populated\">\n\t\t\t\t\t\t<div class=\"elementor-element elementor-element-1b142da elementor-widget elementor-widget-heading\" data-id=\"1b142da\" data-element_type=\"widget\" data-e-type=\"widget\" data-widget_type=\"heading.default\">\n\t\t\t\t<div class=\"elementor-widget-container\">\n\t\t\t\t\t<h2 class=\"elementor-heading-title elementor-size-default\"><a href=\"https:\/\/www.brooksrunning.com\/\">Brooks Sportschuhe<\/a><\/h2>\t\t\t\t<\/div>\n\t\t\t\t<\/div>\n\t\t\t\t<div class=\"elementor-element elementor-element-c2b2180 elementor-widget elementor-widget-image\" data-id=\"c2b2180\" data-element_type=\"widget\" data-e-type=\"widget\" data-widget_type=\"image.default\">\n\t\t\t\t<div class=\"elementor-widget-container\">\n\t\t\t\t\t\t\t\t\t\t\t\t\t\t\t\t<a href=\"https:\/\/www.brooksrunning.com\/\">\n\t\t\t\t\t\t\t<img decoding=\"async\" width=\"675\" height=\"450\" src=\"https:\/\/orthowerk-urban.de\/wp-content\/uploads\/2024\/04\/brooks_sportschuh.png\" class=\"attachment-medium_large size-medium_large wp-image-8882\" alt=\"Brooks Sportschuhe\" srcset=\"https:\/\/orthowerk-urban.de\/wp-content\/uploads\/2024\/04\/brooks_sportschuh.png 675w, https:\/\/orthowerk-urban.de\/wp-content\/uploads\/2024\/04\/brooks_sportschuh-300x200.png 300w, https:\/\/orthowerk-urban.de\/wp-content\/uploads\/2024\/04\/brooks_sportschuh-18x12.png 18w, https:\/\/orthowerk-urban.de\/wp-content\/uploads\/2024\/04\/brooks_sportschuh-360x240.png 360w\" sizes=\"(max-width: 675px) 100vw, 675px\" \/>\t\t\t\t\t\t\t\t<\/a>\n\t\t\t\t\t\t\t\t\t\t\t\t\t\t\t<\/div>\n\t\t\t\t<\/div>\n\t\t\t\t\t<\/div>\n\t\t<\/div>\n\t\t\t\t<div class=\"elementor-column elementor-col-33 elementor-top-column elementor-element elementor-element-2acca7e\" data-id=\"2acca7e\" data-element_type=\"column\" data-e-type=\"column\">\n\t\t\t<div class=\"elementor-widget-wrap elementor-element-populated\">\n\t\t\t\t\t\t<div class=\"elementor-element elementor-element-210288b elementor-widget elementor-widget-heading\" data-id=\"210288b\" data-element_type=\"widget\" data-e-type=\"widget\" data-widget_type=\"heading.default\">\n\t\t\t\t<div class=\"elementor-widget-container\">\n\t\t\t\t\t<h2 class=\"elementor-heading-title elementor-size-default\"><a href=\"https:\/\/www.bort.com\/de\/\">Bort Bandagen<\/a><\/h2>\t\t\t\t<\/div>\n\t\t\t\t<\/div>\n\t\t\t\t<div class=\"elementor-element elementor-element-23eb07c elementor-widget elementor-widget-image\" data-id=\"23eb07c\" data-element_type=\"widget\" data-e-type=\"widget\" data-widget_type=\"image.default\">\n\t\t\t\t<div class=\"elementor-widget-container\">\n\t\t\t\t\t\t\t\t\t\t\t\t\t\t\t\t<a href=\"https:\/\/www.bort.com\/de\/\">\n\t\t\t\t\t\t\t<img decoding=\"async\" width=\"675\" height=\"450\" src=\"https:\/\/orthowerk-urban.de\/wp-content\/uploads\/2024\/04\/brooksrunning_sport.png\" class=\"attachment-medium_large size-medium_large wp-image-8861\" alt=\"Brooks Running Sport\" srcset=\"https:\/\/orthowerk-urban.de\/wp-content\/uploads\/2024\/04\/brooksrunning_sport.png 675w, https:\/\/orthowerk-urban.de\/wp-content\/uploads\/2024\/04\/brooksrunning_sport-300x200.png 300w, https:\/\/orthowerk-urban.de\/wp-content\/uploads\/2024\/04\/brooksrunning_sport-18x12.png 18w, https:\/\/orthowerk-urban.de\/wp-content\/uploads\/2024\/04\/brooksrunning_sport-360x240.png 360w\" sizes=\"(max-width: 675px) 100vw, 675px\" \/>\t\t\t\t\t\t\t\t<\/a>\n\t\t\t\t\t\t\t\t\t\t\t\t\t\t\t<\/div>\n\t\t\t\t<\/div>\n\t\t\t\t\t<\/div>\n\t\t<\/div>\n\t\t\t\t\t<\/div>\n\t\t<\/section>\n\t\t\t\t<section class=\"elementor-section elementor-top-section elementor-element elementor-element-ee6e4ae elementor-section-boxed elementor-section-height-default elementor-section-height-default\" data-id=\"ee6e4ae\" data-element_type=\"section\" data-e-type=\"section\">\n\t\t\t\t\t\t<div class=\"elementor-container elementor-column-gap-default\">\n\t\t\t\t\t<div class=\"elementor-column elementor-col-33 elementor-top-column elementor-element elementor-element-3b2cb0f\" data-id=\"3b2cb0f\" data-element_type=\"column\" data-e-type=\"column\">\n\t\t\t<div class=\"elementor-widget-wrap elementor-element-populated\">\n\t\t\t\t\t\t<div class=\"elementor-element elementor-element-81d9e4a elementor-widget elementor-widget-heading\" data-id=\"81d9e4a\" data-element_type=\"widget\" data-e-type=\"widget\" data-widget_type=\"heading.default\">\n\t\t\t\t<div class=\"elementor-widget-container\">\n\t\t\t\t\t<h2 class=\"elementor-heading-title elementor-size-default\"><a href=\"https:\/\/www.bort.com\/de\/produktdetail.html?product=930400R\/930400L\">Verbandschuhe<\/a><\/h2>\t\t\t\t<\/div>\n\t\t\t\t<\/div>\n\t\t\t\t<div class=\"elementor-element elementor-element-897dbc6 elementor-widget elementor-widget-image\" data-id=\"897dbc6\" data-element_type=\"widget\" data-e-type=\"widget\" data-widget_type=\"image.default\">\n\t\t\t\t<div class=\"elementor-widget-container\">\n\t\t\t\t\t\t\t\t\t\t\t\t\t\t\t\t<a href=\"https:\/\/www.bort.com\/de\/produktdetail.html?product=930400R\/930400L\">\n\t\t\t\t\t\t\t<img loading=\"lazy\" decoding=\"async\" width=\"675\" height=\"450\" src=\"https:\/\/orthowerk-urban.de\/wp-content\/uploads\/2024\/04\/verbandschuhe.png\" class=\"attachment-medium_large size-medium_large wp-image-8878\" alt=\"Verbandschuhe\" srcset=\"https:\/\/orthowerk-urban.de\/wp-content\/uploads\/2024\/04\/verbandschuhe.png 675w, https:\/\/orthowerk-urban.de\/wp-content\/uploads\/2024\/04\/verbandschuhe-300x200.png 300w, https:\/\/orthowerk-urban.de\/wp-content\/uploads\/2024\/04\/verbandschuhe-18x12.png 18w, https:\/\/orthowerk-urban.de\/wp-content\/uploads\/2024\/04\/verbandschuhe-360x240.png 360w\" sizes=\"(max-width: 675px) 100vw, 675px\" \/>\t\t\t\t\t\t\t\t<\/a>\n\t\t\t\t\t\t\t\t\t\t\t\t\t\t\t<\/div>\n\t\t\t\t<\/div>\n\t\t\t\t\t<\/div>\n\t\t<\/div>\n\t\t\t\t<div class=\"elementor-column elementor-col-33 elementor-top-column elementor-element elementor-element-e11405d\" data-id=\"e11405d\" data-element_type=\"column\" data-e-type=\"column\">\n\t\t\t<div class=\"elementor-widget-wrap elementor-element-populated\">\n\t\t\t\t\t\t<div class=\"elementor-element elementor-element-f73a0f3 elementor-widget elementor-widget-heading\" data-id=\"f73a0f3\" data-element_type=\"widget\" data-e-type=\"widget\" data-widget_type=\"heading.default\">\n\t\t\t\t<div class=\"elementor-widget-container\">\n\t\t\t\t\t<h2 class=\"elementor-heading-title elementor-size-default\"><a href=\"https:\/\/www.falke.com\/de_de\/ts\/sports-socks\/?p=1&#038;sort=bestseller&#038;gad_source=1&#038;gclid=Cj0KCQjwir2xBhC_ARIsAMTXk84pBfg4yEdmPvO5B41zycHh-3p4saTEC4Ljg4bHVbPKr6fr2lRsaNYaAjPYEALw_wcB\">Falke Sportsocken<\/a><\/h2>\t\t\t\t<\/div>\n\t\t\t\t<\/div>\n\t\t\t\t<div class=\"elementor-element elementor-element-12cbea0 elementor-widget elementor-widget-image\" data-id=\"12cbea0\" data-element_type=\"widget\" data-e-type=\"widget\" data-widget_type=\"image.default\">\n\t\t\t\t<div class=\"elementor-widget-container\">\n\t\t\t\t\t\t\t\t\t\t\t\t\t\t\t\t<a href=\"https:\/\/www.falke.com\/de_de\/ts\/sports-socks\/?p=1&#038;sort=bestseller&#038;gad_source=1&#038;gclid=Cj0KCQjwir2xBhC_ARIsAMTXk84pBfg4yEdmPvO5B41zycHh-3p4saTEC4Ljg4bHVbPKr6fr2lRsaNYaAjPYEALw_wcB\">\n\t\t\t\t\t\t\t<img loading=\"lazy\" decoding=\"async\" width=\"675\" height=\"450\" src=\"https:\/\/orthowerk-urban.de\/wp-content\/uploads\/2024\/04\/falke_sportsocken.png\" class=\"attachment-medium_large size-medium_large wp-image-8874\" alt=\"Falke Sportsocken\" srcset=\"https:\/\/orthowerk-urban.de\/wp-content\/uploads\/2024\/04\/falke_sportsocken.png 675w, https:\/\/orthowerk-urban.de\/wp-content\/uploads\/2024\/04\/falke_sportsocken-300x200.png 300w, https:\/\/orthowerk-urban.de\/wp-content\/uploads\/2024\/04\/falke_sportsocken-18x12.png 18w, https:\/\/orthowerk-urban.de\/wp-content\/uploads\/2024\/04\/falke_sportsocken-360x240.png 360w\" sizes=\"(max-width: 675px) 100vw, 675px\" \/>\t\t\t\t\t\t\t\t<\/a>\n\t\t\t\t\t\t\t\t\t\t\t\t\t\t\t<\/div>\n\t\t\t\t<\/div>\n\t\t\t\t\t<\/div>\n\t\t<\/div>\n\t\t\t\t<div class=\"elementor-column elementor-col-33 elementor-top-column elementor-element elementor-element-6615f10\" data-id=\"6615f10\" data-element_type=\"column\" data-e-type=\"column\">\n\t\t\t<div class=\"elementor-widget-wrap elementor-element-populated\">\n\t\t\t\t\t\t<div class=\"elementor-element elementor-element-4b3d0c7 elementor-widget elementor-widget-heading\" data-id=\"4b3d0c7\" data-element_type=\"widget\" data-e-type=\"widget\" data-widget_type=\"heading.default\">\n\t\t\t\t<div class=\"elementor-widget-container\">\n\t\t\t\t\t<h2 class=\"elementor-heading-title elementor-size-default\"><a href=\"https:\/\/www.bauerfeind-sports.de\/\">Schuhpflege und Zubeh\u00f6r<\/a><\/h2>\t\t\t\t<\/div>\n\t\t\t\t<\/div>\n\t\t\t\t<div class=\"elementor-element elementor-element-26cd3e1 elementor-widget elementor-widget-image\" data-id=\"26cd3e1\" data-element_type=\"widget\" data-e-type=\"widget\" data-widget_type=\"image.default\">\n\t\t\t\t<div class=\"elementor-widget-container\">\n\t\t\t\t\t\t\t\t\t\t\t\t\t\t\t<img loading=\"lazy\" decoding=\"async\" width=\"768\" height=\"512\" src=\"https:\/\/orthowerk-urban.de\/wp-content\/uploads\/2024\/04\/orthowerk_zubehoer-768x512.jpg\" class=\"attachment-medium_large size-medium_large wp-image-8635\" alt=\"Zubeh\u00f6r\" srcset=\"https:\/\/orthowerk-urban.de\/wp-content\/uploads\/2024\/04\/orthowerk_zubehoer-768x512.jpg 768w, https:\/\/orthowerk-urban.de\/wp-content\/uploads\/2024\/04\/orthowerk_zubehoer-300x200.jpg 300w, https:\/\/orthowerk-urban.de\/wp-content\/uploads\/2024\/04\/orthowerk_zubehoer-360x240.jpg 360w, https:\/\/orthowerk-urban.de\/wp-content\/uploads\/2024\/04\/orthowerk_zubehoer.jpg 800w\" sizes=\"(max-width: 768px) 100vw, 768px\" \/>\t\t\t\t\t\t\t\t\t\t\t\t\t\t\t<\/div>\n\t\t\t\t<\/div>\n\t\t\t\t\t<\/div>\n\t\t<\/div>\n\t\t\t\t\t<\/div>\n\t\t<\/section>\n\t\t\t\t<section class=\"elementor-section elementor-top-section elementor-element elementor-element-012ef2e elementor-section-boxed elementor-section-height-default elementor-section-height-default\" data-id=\"012ef2e\" data-element_type=\"section\" data-e-type=\"section\">\n\t\t\t\t\t\t<div class=\"elementor-container elementor-column-gap-default\">\n\t\t\t\t\t<div class=\"elementor-column elementor-col-100 elementor-top-column elementor-element elementor-element-e5594d3\" data-id=\"e5594d3\" data-element_type=\"column\" data-e-type=\"column\">\n\t\t\t<div class=\"elementor-widget-wrap elementor-element-populated\">\n\t\t\t\t\t\t<div class=\"elementor-element elementor-element-f4b15ab elementor-widget-divider--view-line elementor-widget elementor-widget-divider\" data-id=\"f4b15ab\" data-element_type=\"widget\" data-e-type=\"widget\" data-widget_type=\"divider.default\">\n\t\t\t\t<div class=\"elementor-widget-container\">\n\t\t\t\t\t\t\t<div class=\"elementor-divider\">\n\t\t\t<span class=\"elementor-divider-separator\">\n\t\t\t\t\t\t<\/span>\n\t\t<\/div>\n\t\t\t\t\t\t<\/div>\n\t\t\t\t<\/div>\n\t\t\t\t\t<\/div>\n\t\t<\/div>\n\t\t\t\t\t<\/div>\n\t\t<\/section>\n\t\t\t\t<section class=\"elementor-section elementor-top-section elementor-element elementor-element-128cb29 elementor-section-boxed elementor-section-height-default elementor-section-height-default\" data-id=\"128cb29\" data-element_type=\"section\" data-e-type=\"section\">\n\t\t\t\t\t\t<div class=\"elementor-container elementor-column-gap-default\">\n\t\t\t\t\t<div class=\"elementor-column elementor-col-100 elementor-top-column elementor-element elementor-element-3cc0baa\" data-id=\"3cc0baa\" data-element_type=\"column\" data-e-type=\"column\">\n\t\t\t<div class=\"elementor-widget-wrap elementor-element-populated\">\n\t\t\t\t\t\t<div class=\"elementor-element elementor-element-438825d elementor-widget elementor-widget-heading\" data-id=\"438825d\" data-element_type=\"widget\" data-e-type=\"widget\" data-widget_type=\"heading.default\">\n\t\t\t\t<div class=\"elementor-widget-container\">\n\t\t\t\t\t<h2 class=\"elementor-heading-title elementor-size-default\">Zeigt her Eure F\u00fc\u00dfe \u2013 sie tragen uns durchs Leben.<\/h2>\t\t\t\t<\/div>\n\t\t\t\t<\/div>\n\t\t\t\t\t<\/div>\n\t\t<\/div>\n\t\t\t\t\t<\/div>\n\t\t<\/section>\n\t\t\t\t<section class=\"elementor-section elementor-top-section elementor-element elementor-element-88e0760 elementor-section-boxed elementor-section-height-default elementor-section-height-default\" data-id=\"88e0760\" data-element_type=\"section\" data-e-type=\"section\">\n\t\t\t\t\t\t<div class=\"elementor-container elementor-column-gap-default\">\n\t\t\t\t\t<div class=\"elementor-column elementor-col-100 elementor-top-column elementor-element elementor-element-0b5436c\" data-id=\"0b5436c\" data-element_type=\"column\" data-e-type=\"column\">\n\t\t\t<div class=\"elementor-widget-wrap elementor-element-populated\">\n\t\t\t\t\t\t<div class=\"elementor-element elementor-element-8760974 elementor-widget elementor-widget-text-editor\" data-id=\"8760974\" data-element_type=\"widget\" data-e-type=\"widget\" data-widget_type=\"text-editor.default\">\n\t\t\t\t<div class=\"elementor-widget-container\">\n\t\t\t\t\t\t\t\t\t<p style=\"font-weight: 400;\">Unsere F\u00fc\u00dfe sind ein wahres Meisterwerk der Natur. Sie bilden die Grundlage unserer gesamten K\u00f6rperstatik und begleiten uns ein Leben lang auf jedem Schritt. Der menschliche Fu\u00df besteht aus 26 Knochen, \u00fcber 33 Gelenken sowie einem komplexen Zusammenspiel aus B\u00e4ndern, Sehnen und Muskeln. Dieses fein abgestimmte System sorgt f\u00fcr Stabilit\u00e4t, Beweglichkeit und Gleichgewicht zugleich.<\/p><p style=\"font-weight: 400;\">T\u00e4glich leisten unsere F\u00fc\u00dfe dabei enorme Arbeit \u2013 oft unbemerkt und selbstverst\u00e4ndlich. Im Laufe eines Lebens legen wir mit ihnen eine Strecke zur\u00fcck, die etwa drei Erdumrundungen entspricht. Umso wichtiger ist es, ihre Funktion und Gesundheit fr\u00fchzeitig zu unterst\u00fctzen und langfristig zu erhalten.<\/p><p style=\"font-weight: 400;\">Als Orthop\u00e4dieschuhmacher in Emmerich am Rhein liegt mein Fokus auf der individuellen Versorgung und nachhaltigen Verbesserung der Fu\u00dfgesundheit. Denn Beschwerden am Fu\u00df entstehen h\u00e4ufig schleichend und bleiben lange unbemerkt. Ursachen sind oft ungeeignetes Schuhwerk, einseitige Belastungen im Alltag, muskul\u00e4re Dysbalancen oder Fehlstellungen im gesamten Bewegungsapparat.<\/p><p style=\"font-weight: 400;\">Der Fu\u00df steht dabei niemals isoliert, sondern ist immer Teil einer komplexen K\u00f6rperstatik. Ver\u00e4nderungen an der Fu\u00dfstellung k\u00f6nnen sich auf Knie, H\u00fcfte, Becken und sogar auf die Wirbels\u00e4ule auswirken. Genau hier setzt die orthop\u00e4dieschuhtechnische Versorgung an.<\/p><p style=\"font-weight: 400;\">In meiner Werkstatt verbinde ich traditionelles Handwerk mit moderner Analyse und individueller Beratung. Ziel ist es, nicht nur Symptome zu behandeln, sondern die Ursache von Beschwerden besser zu verstehen und gezielt zu unterst\u00fctzen.<\/p><p style=\"font-weight: 400;\">Zu meinen Leistungen geh\u00f6ren unter anderem:<\/p><ul style=\"font-weight: 400;\"><li>individuelle, ma\u00dfgefertigte Einlagenversorgung<\/li><li>orthop\u00e4dische Schuhzurichtungen zur funktionellen Anpassung von Konfektionsschuhen<\/li><li>Bandagen und orthop\u00e4dische Hilfsmittel zur Stabilisierung<\/li><li>Gang- und Laufanalysen zur Beurteilung des Bewegungsablaufs<\/li><li>Fu\u00dfdruckmessungen zur gezielten Belastungsanalyse<\/li><li>Anpassung und Optimierung von vorhandenem Schuhwerk<\/li><\/ul><p style=\"font-weight: 400;\">Jeder Mensch und jeder Fu\u00df ist einzigartig. Deshalb steht bei mir eine ausf\u00fchrliche pers\u00f6nliche Beratung im Mittelpunkt. Gemeinsam finden wir L\u00f6sungen, die funktionell sinnvoll, alltagstauglich und komfortabel sind.<\/p><p style=\"font-weight: 400;\">Ziel ist es, die nat\u00fcrliche Funktion des Fu\u00dfes bestm\u00f6glich zu unterst\u00fctzen, Schmerzen zu reduzieren und die Beweglichkeit nachhaltig zu verbessern \u2013 f\u00fcr mehr Lebensqualit\u00e4t im Alltag, Beruf und Sport.<\/p>\t\t\t\t\t\t\t\t<\/div>\n\t\t\t\t<\/div>\n\t\t\t\t\t<\/div>\n\t\t<\/div>\n\t\t\t\t\t<\/div>\n\t\t<\/section>\n\t\t\t\t<\/div>\n\t\t","protected":false},"excerpt":{"rendered":"<p>Entdecken Sie hochwertige Kinderschuhe, Sportschuhe, Bandagen &#038; mehr bei Ortho.Werk Urb\u00e1n in Emmerich am Rhein.<\/p>\n","protected":false},"author":1,"featured_media":0,"parent":0,"menu_order":0,"comment_status":"closed","ping_status":"closed","template":"","meta":{"_acf_changed":false,"footnotes":""},"class_list":["post-8466","page","type-page","status-publish","hentry"],"acf":[],"_links":{"self":[{"href":"https:\/\/orthowerk-urban.de\/de\/wp-json\/wp\/v2\/pages\/8466","targetHints":{"allow":["GET"]}}],"collection":[{"href":"https:\/\/orthowerk-urban.de\/de\/wp-json\/wp\/v2\/pages"}],"about":[{"href":"https:\/\/orthowerk-urban.de\/de\/wp-json\/wp\/v2\/types\/page"}],"author":[{"embeddable":true,"href":"https:\/\/orthowerk-urban.de\/de\/wp-json\/wp\/v2\/users\/1"}],"replies":[{"embeddable":true,"href":"https:\/\/orthowerk-urban.de\/de\/wp-json\/wp\/v2\/comments?post=8466"}],"version-history":[{"count":62,"href":"https:\/\/orthowerk-urban.de\/de\/wp-json\/wp\/v2\/pages\/8466\/revisions"}],"predecessor-version":[{"id":9361,"href":"https:\/\/orthowerk-urban.de\/de\/wp-json\/wp\/v2\/pages\/8466\/revisions\/9361"}],"wp:attachment":[{"href":"https:\/\/orthowerk-urban.de\/de\/wp-json\/wp\/v2\/media?parent=8466"}],"curies":[{"name":"wp","href":"https:\/\/api.w.org\/{rel}","templated":true}]}}