{"id":7926,"date":"2023-09-03T10:07:16","date_gmt":"2023-09-03T10:07:16","guid":{"rendered":"https:\/\/export-demos.qreativethemes.com\/elementor-physio\/?page_id=7926"},"modified":"2026-04-16T14:36:54","modified_gmt":"2026-04-16T12:36:54","slug":"laszlo-urban","status":"publish","type":"page","link":"https:\/\/orthowerk-urban.de\/en\/laszlo-urban\/","title":{"rendered":"About"},"content":{"rendered":"<div data-elementor-type=\"wp-page\" data-elementor-id=\"7926\" class=\"elementor elementor-7926\">\n\t\t\t\t\t\t<section class=\"elementor-section elementor-top-section elementor-element elementor-element-1ee5d26 elementor-section-boxed elementor-section-height-default elementor-section-height-default\" data-id=\"1ee5d26\" data-element_type=\"section\" data-e-type=\"section\">\n\t\t\t\t\t\t<div class=\"elementor-container elementor-column-gap-default\">\n\t\t\t\t\t<div class=\"elementor-column elementor-col-66 elementor-top-column elementor-element elementor-element-82a1137\" data-id=\"82a1137\" data-element_type=\"column\" data-e-type=\"column\">\n\t\t\t<div class=\"elementor-widget-wrap elementor-element-populated\">\n\t\t\t\t\t\t<div class=\"elementor-element elementor-element-95408f3 elementor-widget elementor-widget-text-editor\" data-id=\"95408f3\" data-element_type=\"widget\" data-e-type=\"widget\" data-widget_type=\"text-editor.default\">\n\t\t\t\t<div class=\"elementor-widget-container\">\n\t\t\t\t\t\t\t\t\t<p style=\"font-weight: 400;\">Hello, I am L\u00e1szl\u00f3 Urb\u00e1n,<\/p><p style=\"font-weight: 400;\">Since 2017, I have been working as an orthopedic shoemaker in Emmerich am Rhein and practice my profession with great passion. After completing my master craftsman training in D\u00fcsseldorf in 2022, I was able to gain additional valuable experience in the field of sports orthopedics.<\/p><p style=\"font-weight: 400;\">In my own workshop, I create individual solutions for everything related to the foot. From custom-made insoles to orthopedic adjustments and repairs.<\/p><p style=\"font-weight: 400;\">Personal and detailed consultation is especially important to me in order to find the right solution for every customer.<\/p><p style=\"font-weight: 400;\">I look forward to welcoming you as well at Ortho.werk. You can find my workshop at Emmerich am Rhein station.<\/p><p style=\"font-weight: 400;\"><strong>Your orthopedic shoemaker<br \/>L\u00e1szl\u00f3 Urb\u00e1n<\/strong><\/p>\t\t\t\t\t\t\t\t<\/div>\n\t\t\t\t<\/div>\n\t\t\t\t\t<\/div>\n\t\t<\/div>\n\t\t\t\t<div class=\"elementor-column elementor-col-33 elementor-top-column elementor-element elementor-element-7513f7e\" data-id=\"7513f7e\" data-element_type=\"column\" data-e-type=\"column\">\n\t\t\t<div class=\"elementor-widget-wrap elementor-element-populated\">\n\t\t\t\t\t\t<div class=\"elementor-element elementor-element-e886d95 elementor-widget elementor-widget-image\" data-id=\"e886d95\" data-element_type=\"widget\" data-e-type=\"widget\" data-widget_type=\"image.default\">\n\t\t\t\t<div class=\"elementor-widget-container\">\n\t\t\t\t\t\t\t\t\t\t\t\t\t\t\t<img fetchpriority=\"high\" decoding=\"async\" width=\"1707\" height=\"2560\" src=\"https:\/\/orthowerk-urban.de\/wp-content\/uploads\/2026\/04\/laszlo_urban-scaled.jpg\" class=\"attachment-full size-full wp-image-9336\" alt=\"L\u00e1szl\u00f3 Urb\u00e1n\" srcset=\"https:\/\/orthowerk-urban.de\/wp-content\/uploads\/2026\/04\/laszlo_urban-scaled.jpg 1707w, https:\/\/orthowerk-urban.de\/wp-content\/uploads\/2026\/04\/laszlo_urban-200x300.jpg 200w, https:\/\/orthowerk-urban.de\/wp-content\/uploads\/2026\/04\/laszlo_urban-683x1024.jpg 683w, https:\/\/orthowerk-urban.de\/wp-content\/uploads\/2026\/04\/laszlo_urban-768x1152.jpg 768w, https:\/\/orthowerk-urban.de\/wp-content\/uploads\/2026\/04\/laszlo_urban-1024x1536.jpg 1024w, https:\/\/orthowerk-urban.de\/wp-content\/uploads\/2026\/04\/laszlo_urban-1365x2048.jpg 1365w, https:\/\/orthowerk-urban.de\/wp-content\/uploads\/2026\/04\/laszlo_urban-8x12.jpg 8w\" sizes=\"(max-width: 1707px) 100vw, 1707px\" \/>\t\t\t\t\t\t\t\t\t\t\t\t\t\t\t<\/div>\n\t\t\t\t<\/div>\n\t\t\t\t\t<\/div>\n\t\t<\/div>\n\t\t\t\t\t<\/div>\n\t\t<\/section>\n\t\t\t\t<\/div>","protected":false},"excerpt":{"rendered":"<p>Lernen Sie L\u00e1szl\u00f3 Urb\u00e1n kennen \u2013 orthop\u00e4discher Schuhmachermeister bei Ortho.Werk Urb\u00e1n in Emmerich am Rhein.<\/p>","protected":false},"author":1,"featured_media":0,"parent":0,"menu_order":0,"comment_status":"closed","ping_status":"closed","template":"","meta":{"_acf_changed":false,"footnotes":""},"class_list":["post-7926","page","type-page","status-publish","hentry"],"acf":[],"_links":{"self":[{"href":"https:\/\/orthowerk-urban.de\/en\/wp-json\/wp\/v2\/pages\/7926","targetHints":{"allow":["GET"]}}],"collection":[{"href":"https:\/\/orthowerk-urban.de\/en\/wp-json\/wp\/v2\/pages"}],"about":[{"href":"https:\/\/orthowerk-urban.de\/en\/wp-json\/wp\/v2\/types\/page"}],"author":[{"embeddable":true,"href":"https:\/\/orthowerk-urban.de\/en\/wp-json\/wp\/v2\/users\/1"}],"replies":[{"embeddable":true,"href":"https:\/\/orthowerk-urban.de\/en\/wp-json\/wp\/v2\/comments?post=7926"}],"version-history":[{"count":33,"href":"https:\/\/orthowerk-urban.de\/en\/wp-json\/wp\/v2\/pages\/7926\/revisions"}],"predecessor-version":[{"id":9342,"href":"https:\/\/orthowerk-urban.de\/en\/wp-json\/wp\/v2\/pages\/7926\/revisions\/9342"}],"wp:attachment":[{"href":"https:\/\/orthowerk-urban.de\/en\/wp-json\/wp\/v2\/media?parent=7926"}],"curies":[{"name":"wp","href":"https:\/\/api.w.org\/{rel}","templated":true}]}}