{"id":7975,"date":"2023-09-03T15:21:12","date_gmt":"2023-09-03T15:21:12","guid":{"rendered":"https:\/\/export-demos.qreativethemes.com\/elementor-physio\/?page_id=7975"},"modified":"2025-01-29T13:00:09","modified_gmt":"2025-01-29T12:00:09","slug":"faq-page","status":"publish","type":"page","link":"https:\/\/orthowerk-urban.de\/en\/faq-page\/","title":{"rendered":"FAQ"},"content":{"rendered":"<div data-elementor-type=\"wp-page\" data-elementor-id=\"7975\" class=\"elementor elementor-7975\">\n\t\t\t\t\t\t<section class=\"elementor-section elementor-top-section elementor-element elementor-element-b5e3f32 elementor-section-boxed elementor-section-height-default elementor-section-height-default\" data-id=\"b5e3f32\" data-element_type=\"section\" data-e-type=\"section\">\n\t\t\t\t\t\t<div class=\"elementor-container elementor-column-gap-extended\">\n\t\t\t\t\t<div class=\"elementor-column elementor-col-33 elementor-top-column elementor-element elementor-element-be1a3ab\" data-id=\"be1a3ab\" data-element_type=\"column\" data-e-type=\"column\">\n\t\t\t<div class=\"elementor-widget-wrap elementor-element-populated\">\n\t\t\t\t\t\t<div class=\"elementor-element elementor-element-d961cd8 elementor-widget elementor-widget-text-editor\" data-id=\"d961cd8\" data-element_type=\"widget\" data-e-type=\"widget\" data-widget_type=\"text-editor.default\">\n\t\t\t\t<div class=\"elementor-widget-container\">\n\t\t\t\t\t\t\t\t\t<h4><strong>Can I only get insoles on prescription?\u00a0\u00a0\u00a0\u00a0\u00a0\u00a0\u00a0\u00a0\u00a0\u00a0\u00a0\u00a0\u00a0\u00a0\u00a0\u00a0\u00a0\u00a0\u00a0\u00a0\u00a0\u00a0\u00a0\u00a0\u00a0\u00a0\u00a0\u00a0\u00a0\u00a0\u00a0\u00a0\u00a0\u00a0\u00a0\u00a0\u00a0\u00a0\u00a0\u00a0\u00a0\u00a0\u00a0\u00a0\u00a0\u00a0 <\/strong><\/h4><p>Nein, Sie k\u00f6nnen zwei Paar orthop\u00e4dische Einlagen pro Jahr auf Rezept von Ihrem Orthop\u00e4den oder Hausarzt erhalten. Daneben k\u00f6nnen Sie auch selbst bezahlen.<\/p>\t\t\t\t\t\t\t\t<\/div>\n\t\t\t\t<\/div>\n\t\t\t\t\t<\/div>\n\t\t<\/div>\n\t\t\t\t<div class=\"elementor-column elementor-col-33 elementor-top-column elementor-element elementor-element-27d0ce5\" data-id=\"27d0ce5\" data-element_type=\"column\" data-e-type=\"column\">\n\t\t\t<div class=\"elementor-widget-wrap elementor-element-populated\">\n\t\t\t\t\t\t<div class=\"elementor-element elementor-element-85f23e5 elementor-widget elementor-widget-text-editor\" data-id=\"85f23e5\" data-element_type=\"widget\" data-e-type=\"widget\" data-widget_type=\"text-editor.default\">\n\t\t\t\t<div class=\"elementor-widget-container\">\n\t\t\t\t\t\t\t\t\t<h4><strong>Wer braucht orthop\u00e4dische Einlagen?<\/strong><\/h4><p>Orthopaedic insoles are required by people with foot problems or special orthopaedic needs. This can include people with certain foot deformities, foot or leg misalignments, arthritis, diabetes or other health problems that affect foot health.<\/p>\t\t\t\t\t\t\t\t<\/div>\n\t\t\t\t<\/div>\n\t\t\t\t\t<\/div>\n\t\t<\/div>\n\t\t\t\t<div class=\"elementor-column elementor-col-33 elementor-top-column elementor-element elementor-element-39b7fd4\" data-id=\"39b7fd4\" data-element_type=\"column\" data-e-type=\"column\">\n\t\t\t<div class=\"elementor-widget-wrap elementor-element-populated\">\n\t\t\t\t\t\t<div class=\"elementor-element elementor-element-a6f7158 elementor-widget elementor-widget-text-editor\" data-id=\"a6f7158\" data-element_type=\"widget\" data-e-type=\"widget\" data-widget_type=\"text-editor.default\">\n\t\t\t\t<div class=\"elementor-widget-container\">\n\t\t\t\t\t\t\t\t\t<h4><strong>How long is a prescription valid for?<\/strong><\/h4><p>Patients with statutory health insurance receive a pink prescription from their doctor that is valid for 28 days.<\/p>\t\t\t\t\t\t\t\t<\/div>\n\t\t\t\t<\/div>\n\t\t\t\t\t<\/div>\n\t\t<\/div>\n\t\t\t\t\t<\/div>\n\t\t<\/section>\n\t\t\t\t<section class=\"elementor-section elementor-top-section elementor-element elementor-element-40959f9 elementor-section-boxed elementor-section-height-default elementor-section-height-default\" data-id=\"40959f9\" data-element_type=\"section\" data-e-type=\"section\">\n\t\t\t\t\t\t<div class=\"elementor-container elementor-column-gap-extended\">\n\t\t\t\t\t<div class=\"elementor-column elementor-col-33 elementor-top-column elementor-element elementor-element-1fa18a9\" data-id=\"1fa18a9\" data-element_type=\"column\" data-e-type=\"column\">\n\t\t\t<div class=\"elementor-widget-wrap elementor-element-populated\">\n\t\t\t\t\t\t<div class=\"elementor-element elementor-element-9e27458 elementor-widget elementor-widget-text-editor\" data-id=\"9e27458\" data-element_type=\"widget\" data-e-type=\"widget\" data-widget_type=\"text-editor.default\">\n\t\t\t\t<div class=\"elementor-widget-container\">\n\t\t\t\t\t\t\t\t\t<h4><strong>Will my insoles fit in all shoes?<\/strong><\/h4><p>As a rule, custom-made insoles fit many, but not all shoes. A different fit is required for particularly narrow low shoes or pumps, for example.<\/p>\t\t\t\t\t\t\t\t<\/div>\n\t\t\t\t<\/div>\n\t\t\t\t\t<\/div>\n\t\t<\/div>\n\t\t\t\t<div class=\"elementor-column elementor-col-33 elementor-top-column elementor-element elementor-element-b519c06\" data-id=\"b519c06\" data-element_type=\"column\" data-e-type=\"column\">\n\t\t\t<div class=\"elementor-widget-wrap elementor-element-populated\">\n\t\t\t\t\t\t<div class=\"elementor-element elementor-element-60d74e9 elementor-widget elementor-widget-text-editor\" data-id=\"60d74e9\" data-element_type=\"widget\" data-e-type=\"widget\" data-widget_type=\"text-editor.default\">\n\t\t\t\t<div class=\"elementor-widget-container\">\n\t\t\t\t\t\t\t\t\t<h4><strong>How long do insoles last?<\/strong><\/h4><p>Insoles should be changed every six months. After this time, the medical effectiveness diminishes. The insoles then no longer provide full support and cushioning. If 2 pairs of insoles are worn alternately, they will of course last longer.<\/p>\t\t\t\t\t\t\t\t<\/div>\n\t\t\t\t<\/div>\n\t\t\t\t\t<\/div>\n\t\t<\/div>\n\t\t\t\t<div class=\"elementor-column elementor-col-33 elementor-top-column elementor-element elementor-element-a2b6dce\" data-id=\"a2b6dce\" data-element_type=\"column\" data-e-type=\"column\">\n\t\t\t<div class=\"elementor-widget-wrap elementor-element-populated\">\n\t\t\t\t\t\t<div class=\"elementor-element elementor-element-8203d68 elementor-widget elementor-widget-text-editor\" data-id=\"8203d68\" data-element_type=\"widget\" data-e-type=\"widget\" data-widget_type=\"text-editor.default\">\n\t\t\t\t<div class=\"elementor-widget-container\">\n\t\t\t\t\t\t\t\t\t<h4><strong>Are there different inserts?<\/strong><\/h4><p>Yes, they do exist. Different diseases, foot deformities and needs require different materials and structures when producing a custom-made insole. \u00a0\u00a0<\/p>\t\t\t\t\t\t\t\t<\/div>\n\t\t\t\t<\/div>\n\t\t\t\t\t<\/div>\n\t\t<\/div>\n\t\t\t\t\t<\/div>\n\t\t<\/section>\n\t\t\t\t<section class=\"elementor-section elementor-top-section elementor-element elementor-element-c5ba218 elementor-section-boxed elementor-section-height-default elementor-section-height-default\" data-id=\"c5ba218\" data-element_type=\"section\" data-e-type=\"section\">\n\t\t\t\t\t\t<div class=\"elementor-container elementor-column-gap-extended\">\n\t\t\t\t\t<div class=\"elementor-column elementor-col-33 elementor-top-column elementor-element elementor-element-595378b\" data-id=\"595378b\" data-element_type=\"column\" data-e-type=\"column\">\n\t\t\t<div class=\"elementor-widget-wrap elementor-element-populated\">\n\t\t\t\t\t\t<div class=\"elementor-element elementor-element-455e368 elementor-widget elementor-widget-text-editor\" data-id=\"455e368\" data-element_type=\"widget\" data-e-type=\"widget\" data-widget_type=\"text-editor.default\">\n\t\t\t\t<div class=\"elementor-widget-container\">\n\t\t\t\t\t\t\t\t\t<h4><strong>Is there a familiarization phase?<\/strong><\/h4><p>When first fitted, most patients need a few days to get used to the foot orthosis. This applies in particular to corrective foot orthoses.<\/p>\t\t\t\t\t\t\t\t<\/div>\n\t\t\t\t<\/div>\n\t\t\t\t\t<\/div>\n\t\t<\/div>\n\t\t\t\t<div class=\"elementor-column elementor-col-33 elementor-top-column elementor-element elementor-element-307528b\" data-id=\"307528b\" data-element_type=\"column\" data-e-type=\"column\">\n\t\t\t<div class=\"elementor-widget-wrap elementor-element-populated\">\n\t\t\t\t\t\t<div class=\"elementor-element elementor-element-e12eaa5 elementor-widget elementor-widget-text-editor\" data-id=\"e12eaa5\" data-element_type=\"widget\" data-e-type=\"widget\" data-widget_type=\"text-editor.default\">\n\t\t\t\t<div class=\"elementor-widget-container\">\n\t\t\t\t\t\t\t\t\t<h4><strong>Can orthopaedic insoles for street shoes or sports shoes also be placed in a work safety shoe?<\/strong><\/h4><p>No. Insoles for street shoes or sports shoes do not meet the requirements of occupational health and safety.<\/p><p>Insoles for occupational safety shoes are not covered by health insurance. Insoles for occupational safety shoes are covered by the DRV on application if there is a proven need.<\/p><p>The application G4220-16 must be submitted to the DRV together with a copy of the prescription (blue or green prescription).<\/p><p>The costs can also be covered by the employer. There is no obligation. When buying safety shoes, pay attention to DGUV 112-191, otherwise there will be problems with the employers' liability insurance association in the event of an accident.<\/p>\t\t\t\t\t\t\t\t<\/div>\n\t\t\t\t<\/div>\n\t\t\t\t\t<\/div>\n\t\t<\/div>\n\t\t\t\t<div class=\"elementor-column elementor-col-33 elementor-top-column elementor-element elementor-element-8ce237f\" data-id=\"8ce237f\" data-element_type=\"column\" data-e-type=\"column\">\n\t\t\t<div class=\"elementor-widget-wrap\">\n\t\t\t\t\t\t\t<\/div>\n\t\t<\/div>\n\t\t\t\t\t<\/div>\n\t\t<\/section>\n\t\t\t\t<\/div>","protected":false},"excerpt":{"rendered":"<p>Finden Sie Antworten auf h\u00e4ufig gestellte Fragen zu unseren orthop\u00e4dischen Leistungen bei Ortho.Werk Urb\u00e1n in Emmerich am Rhein.<\/p>","protected":false},"author":1,"featured_media":0,"parent":0,"menu_order":0,"comment_status":"closed","ping_status":"closed","template":"","meta":{"_acf_changed":false,"footnotes":""},"class_list":["post-7975","page","type-page","status-publish","hentry"],"acf":[],"_links":{"self":[{"href":"https:\/\/orthowerk-urban.de\/en\/wp-json\/wp\/v2\/pages\/7975","targetHints":{"allow":["GET"]}}],"collection":[{"href":"https:\/\/orthowerk-urban.de\/en\/wp-json\/wp\/v2\/pages"}],"about":[{"href":"https:\/\/orthowerk-urban.de\/en\/wp-json\/wp\/v2\/types\/page"}],"author":[{"embeddable":true,"href":"https:\/\/orthowerk-urban.de\/en\/wp-json\/wp\/v2\/users\/1"}],"replies":[{"embeddable":true,"href":"https:\/\/orthowerk-urban.de\/en\/wp-json\/wp\/v2\/comments?post=7975"}],"version-history":[{"count":16,"href":"https:\/\/orthowerk-urban.de\/en\/wp-json\/wp\/v2\/pages\/7975\/revisions"}],"predecessor-version":[{"id":9220,"href":"https:\/\/orthowerk-urban.de\/en\/wp-json\/wp\/v2\/pages\/7975\/revisions\/9220"}],"wp:attachment":[{"href":"https:\/\/orthowerk-urban.de\/en\/wp-json\/wp\/v2\/media?parent=7975"}],"curies":[{"name":"wp","href":"https:\/\/api.w.org\/{rel}","templated":true}]}}