{"id":9301,"date":"2026-03-05T11:33:45","date_gmt":"2026-03-05T10:33:45","guid":{"rendered":"https:\/\/orthowerk-urban.de\/?page_id=9301"},"modified":"2026-04-16T15:15:12","modified_gmt":"2026-04-16T13:15:12","slug":"karriere","status":"publish","type":"page","link":"https:\/\/orthowerk-urban.de\/en\/karriere\/","title":{"rendered":"Jobs"},"content":{"rendered":"<div data-elementor-type=\"wp-page\" data-elementor-id=\"9301\" class=\"elementor elementor-9301\">\n\t\t\t\t\t\t<section class=\"elementor-section elementor-top-section elementor-element elementor-element-1ee5d26 elementor-section-boxed elementor-section-height-default elementor-section-height-default\" data-id=\"1ee5d26\" data-element_type=\"section\" data-e-type=\"section\">\n\t\t\t\t\t\t<div class=\"elementor-container elementor-column-gap-default\">\n\t\t\t\t\t<div class=\"elementor-column elementor-col-66 elementor-top-column elementor-element elementor-element-82a1137\" data-id=\"82a1137\" data-element_type=\"column\" data-e-type=\"column\">\n\t\t\t<div class=\"elementor-widget-wrap elementor-element-populated\">\n\t\t\t\t\t\t<div class=\"elementor-element elementor-element-457422f elementor-widget elementor-widget-accordion\" data-id=\"457422f\" data-element_type=\"widget\" data-e-type=\"widget\" data-widget_type=\"accordion.default\">\n\t\t\t\t<div class=\"elementor-widget-container\">\n\t\t\t\t\t\t\t<div class=\"elementor-accordion\">\n\t\t\t\t\t\t\t<div class=\"elementor-accordion-item\">\n\t\t\t\t\t<div id=\"elementor-tab-title-7281\" class=\"elementor-tab-title\" data-tab=\"1\" role=\"button\" aria-controls=\"elementor-tab-content-7281\" aria-expanded=\"false\">\n\t\t\t\t\t\t\t\t\t\t\t\t\t<span class=\"elementor-accordion-icon elementor-accordion-icon-left\" aria-hidden=\"true\">\n\t\t\t\t\t\t\t\t\t\t\t\t\t\t\t<span class=\"elementor-accordion-icon-closed\"><svg class=\"e-font-icon-svg e-fas-plus\" viewbox=\"0 0 448 512\" xmlns=\"http:\/\/www.w3.org\/2000\/svg\"><path d=\"M416 208H272V64c0-17.67-14.33-32-32-32h-32c-17.67 0-32 14.33-32 32v144H32c-17.67 0-32 14.33-32 32v32c0 17.67 14.33 32 32 32h144v144c0 17.67 14.33 32 32 32h32c17.67 0 32-14.33 32-32V304h144c17.67 0 32-14.33 32-32v-32c0-17.67-14.33-32-32-32z\"><\/path><\/svg><\/span>\n\t\t\t\t\t\t\t\t<span class=\"elementor-accordion-icon-opened\"><svg class=\"e-font-icon-svg e-fas-minus\" viewbox=\"0 0 448 512\" xmlns=\"http:\/\/www.w3.org\/2000\/svg\"><path d=\"M416 208H32c-17.67 0-32 14.33-32 32v32c0 17.67 14.33 32 32 32h384c17.67 0 32-14.33 32-32v-32c0-17.67-14.33-32-32-32z\"><\/path><\/svg><\/span>\n\t\t\t\t\t\t\t\t\t\t\t\t\t\t<\/span>\n\t\t\t\t\t\t\t\t\t\t\t\t<a class=\"elementor-accordion-title\" tabindex=\"0\">Ausbildung zum Orthop\u00e4dieschuhmacher (m\/w\/d) \u2013 Start 01.08.2026<\/a>\n\t\t\t\t\t<\/div>\n\t\t\t\t\t<div id=\"elementor-tab-content-7281\" class=\"elementor-tab-content elementor-clearfix\" data-tab=\"1\" role=\"region\" aria-labelledby=\"elementor-tab-title-7281\"><p class=\"p1\"><b>Deine Aufgaben in der Ausbildung:<\/b><\/p><ul class=\"ul1\"><li class=\"li1\">Fertigung von orthop\u00e4dischem Schuhwerk und Einlagen \u2013 ma\u00dfgeschneidert f\u00fcr jeden Patienten<\/li><li class=\"li1\">Reparaturen und Anpassungen von Schuhen<\/li><li class=\"li1\">Ma\u00dfnehmen, Gang- und Laufanalysen<\/li><li class=\"li1\">Einblicke in handwerkliche und technische Abl\u00e4ufe der Orthop\u00e4dieschuhtechnik<\/li><li class=\"li1\">Direkter Kontakt zu Kunden und Mitarbeit in einem professionellen Team<\/li><\/ul><p class=\"p1\"><b>Was wir uns von Dir w\u00fcnschen:<\/b><\/p><ul class=\"ul1\"><li class=\"li1\">Realschulabschluss, Gesamtschule oder h\u00f6her<\/li><li class=\"li1\">Handwerkliches Geschick und Freude an pr\u00e4ziser Arbeit<\/li><li class=\"li1\">Interesse an Anatomie ab der H\u00fcfte abw\u00e4rts, dem Aufbau des Bewegungsapparates und an Biomechanik<\/li><li class=\"li1\">Offenheit, Einf\u00fchlungsverm\u00f6gen und Freude im Umgang mit Menschen<\/li><li class=\"li1\">Motivation, k\u00f6rperlich aktiv zu arbeiten und mit Liebe zum Detail zu lernen<\/li><\/ul><p class=\"p1\"><b>Was wir Dir bieten:<\/b><\/p><ul class=\"ul1\"><li class=\"li1\">Eine fundierte 3,5-j\u00e4hrige Ausbildung in einem erfolgreichen Unternehmen<\/li><li class=\"li1\">Moderne Arbeitspl\u00e4tze, ausf\u00fchrliche Einarbeitung und ein unterst\u00fctzendes Team<\/li><li class=\"li1\">W\u00f6chentlicher Berufsschulunterricht in Essen<\/li><li class=\"li1\">Optional: kurzes Praktikum vorab zum Kennenlernen des Berufs<\/li><\/ul><p class=\"p1\">Bei <b>Ortho.werk<\/b> lernst Du, wie man handwerkliche Pr\u00e4zision mit individueller Patientenbetreuung verbindet \u2013 eine Ausbildung, die fachliches Wissen, Technik und Empathie vereint.<\/p><p class=\"p1\"><b>Hast Du Lust, Teil unseres Teams zu werden?<\/b> Dann bewirb Dich jetzt!<\/p><\/div>\n\t\t\t\t<\/div>\n\t\t\t\t\t\t\t<div class=\"elementor-accordion-item\">\n\t\t\t\t\t<div id=\"elementor-tab-title-7282\" class=\"elementor-tab-title\" data-tab=\"2\" role=\"button\" aria-controls=\"elementor-tab-content-7282\" aria-expanded=\"false\">\n\t\t\t\t\t\t\t\t\t\t\t\t\t<span class=\"elementor-accordion-icon elementor-accordion-icon-left\" aria-hidden=\"true\">\n\t\t\t\t\t\t\t\t\t\t\t\t\t\t\t<span class=\"elementor-accordion-icon-closed\"><svg class=\"e-font-icon-svg e-fas-plus\" viewbox=\"0 0 448 512\" xmlns=\"http:\/\/www.w3.org\/2000\/svg\"><path d=\"M416 208H272V64c0-17.67-14.33-32-32-32h-32c-17.67 0-32 14.33-32 32v144H32c-17.67 0-32 14.33-32 32v32c0 17.67 14.33 32 32 32h144v144c0 17.67 14.33 32 32 32h32c17.67 0 32-14.33 32-32V304h144c17.67 0 32-14.33 32-32v-32c0-17.67-14.33-32-32-32z\"><\/path><\/svg><\/span>\n\t\t\t\t\t\t\t\t<span class=\"elementor-accordion-icon-opened\"><svg class=\"e-font-icon-svg e-fas-minus\" viewbox=\"0 0 448 512\" xmlns=\"http:\/\/www.w3.org\/2000\/svg\"><path d=\"M416 208H32c-17.67 0-32 14.33-32 32v32c0 17.67 14.33 32 32 32h384c17.67 0 32-14.33 32-32v-32c0-17.67-14.33-32-32-32z\"><\/path><\/svg><\/span>\n\t\t\t\t\t\t\t\t\t\t\t\t\t\t<\/span>\n\t\t\t\t\t\t\t\t\t\t\t\t<a class=\"elementor-accordion-title\" tabindex=\"0\">Orthop\u00e4dieschuhmacher (m\/w\/d) \u2013 Vollzeit oder Teilzeit<\/a>\n\t\t\t\t\t<\/div>\n\t\t\t\t\t<div id=\"elementor-tab-content-7282\" class=\"elementor-tab-content elementor-clearfix\" data-tab=\"2\" role=\"region\" aria-labelledby=\"elementor-tab-title-7282\"><p class=\"p1\">Zur Verst\u00e4rkung unseres Teams suchen wir zum n\u00e4chstm\u00f6glichen Zeitpunkt eine\/n erfahrene\/n <b>Orthop\u00e4dieschuhmacher\/in (m\/w\/d)<\/b> in Voll- oder Teilzeit.<\/p><p class=\"p1\"><b>Ihre Aufgaben:<\/b><\/p><ul class=\"ul1\"><li class=\"li1\">Fertigung von orthop\u00e4dischen Ma\u00dfschuhen, Einlagen und Schuhzurichtungen<\/li><li class=\"li1\">Anpassung von Diabetikerschutzschuhen und Bettungen<\/li><li class=\"li1\">Ma\u00dfnehmen, Gang- und Laufanalysen<\/li><li class=\"li1\">Individuelle Beratung unserer Kunden und Ansprechpartner f\u00fcr Fragen rund um Orthop\u00e4dieschuhtechnik<\/li><li class=\"li1\">Mitwirkung in einem handwerklich gepr\u00e4gten, modernen Unternehmen<\/li><\/ul><p class=\"p1\"><b>Was wir uns von Ihnen w\u00fcnschen:<\/b><\/p><ul class=\"ul1\"><li class=\"li1\">Abgeschlossene Berufsausbildung als Orthop\u00e4dieschuhmacher\/in oder mehrj\u00e4hrige Berufserfahrung im Bereich Orthop\u00e4dieschuhtechnik<\/li><li class=\"li1\">Interesse an Anatomie ab der H\u00fcfte abw\u00e4rts, dem Aufbau des Bewegungsapparates und an Biomechanik<\/li><li class=\"li1\">Handwerkliches Geschick, Sorgfalt und Pr\u00e4zision<\/li><li class=\"li1\">Zuverl\u00e4ssigkeit, Teamf\u00e4higkeit und selbstst\u00e4ndige Arbeitsweise<\/li><li class=\"li1\">Freude am Kundenkontakt und serviceorientiertes Denken<\/li><\/ul><p class=\"p1\"><b>Was wir bieten:<\/b><\/p><ul class=\"ul1\"><li class=\"li1\">Langfristige Perspektive in einem etablierten Unternehmen<\/li><li class=\"li1\">Flache Hierarchien und kurze Entscheidungswege<\/li><li class=\"li1\">Spannende, abwechslungsreiche und verantwortungsvolle T\u00e4tigkeit<\/li><li class=\"li1\">Unbefristetes Arbeitsverh\u00e4ltnis mit attraktivem Gehalt und flexiblen Arbeitszeiten<\/li><li class=\"li1\">Umfangreiche Fort- und Weiterbildungsm\u00f6glichkeiten<\/li><\/ul><p class=\"p1\"><b>Sie m\u00f6chten Teil des Ortho.werk-Teams werden?<\/b><br \/>Dann senden Sie Ihre Bewerbung per E-Mail an: <b>l.urban@orthowerk-urban.de<\/b><\/p><\/div>\n\t\t\t\t<\/div>\n\t\t\t\t\t\t\t<div class=\"elementor-accordion-item\">\n\t\t\t\t\t<div id=\"elementor-tab-title-7283\" class=\"elementor-tab-title\" data-tab=\"3\" role=\"button\" aria-controls=\"elementor-tab-content-7283\" aria-expanded=\"false\">\n\t\t\t\t\t\t\t\t\t\t\t\t\t<span class=\"elementor-accordion-icon elementor-accordion-icon-left\" aria-hidden=\"true\">\n\t\t\t\t\t\t\t\t\t\t\t\t\t\t\t<span class=\"elementor-accordion-icon-closed\"><svg class=\"e-font-icon-svg e-fas-plus\" viewbox=\"0 0 448 512\" xmlns=\"http:\/\/www.w3.org\/2000\/svg\"><path d=\"M416 208H272V64c0-17.67-14.33-32-32-32h-32c-17.67 0-32 14.33-32 32v144H32c-17.67 0-32 14.33-32 32v32c0 17.67 14.33 32 32 32h144v144c0 17.67 14.33 32 32 32h32c17.67 0 32-14.33 32-32V304h144c17.67 0 32-14.33 32-32v-32c0-17.67-14.33-32-32-32z\"><\/path><\/svg><\/span>\n\t\t\t\t\t\t\t\t<span class=\"elementor-accordion-icon-opened\"><svg class=\"e-font-icon-svg e-fas-minus\" viewbox=\"0 0 448 512\" xmlns=\"http:\/\/www.w3.org\/2000\/svg\"><path d=\"M416 208H32c-17.67 0-32 14.33-32 32v32c0 17.67 14.33 32 32 32h384c17.67 0 32-14.33 32-32v-32c0-17.67-14.33-32-32-32z\"><\/path><\/svg><\/span>\n\t\t\t\t\t\t\t\t\t\t\t\t\t\t<\/span>\n\t\t\t\t\t\t\t\t\t\t\t\t<a class=\"elementor-accordion-title\" tabindex=\"0\">Schuhmacher \/ Reparaturfachkraft (m\/w\/d) \u2013 Teilzeit<\/a>\n\t\t\t\t\t<\/div>\n\t\t\t\t\t<div id=\"elementor-tab-content-7283\" class=\"elementor-tab-content elementor-clearfix\" data-tab=\"3\" role=\"region\" aria-labelledby=\"elementor-tab-title-7283\"><p class=\"p1\">Zur Verst\u00e4rkung unseres Teams suchen wir ab sofort eine <b>zuverl\u00e4ssige und geschickte Fachkraft in Teilzeit<\/b>, die Spa\u00df an handwerklicher Arbeit und abwechslungsreichen Aufgaben hat.<\/p><p class=\"p1\"><b>Ihre Aufgaben:<\/b><\/p><ul class=\"ul1\"><li class=\"li1\">Reparaturen von Schuhen, Stiefeln, Portemonnaies, Leder- und Reitsportartikeln (z.<span class=\"s1\">\u202f<\/span>B. S\u00e4ttel, Halfter)<\/li><li class=\"li1\">Pflege und Aufbereitung von Lederwaren<\/li><li class=\"li1\">Ma\u00dfarbeit und kleine handwerkliche Anpassungen<\/li><li class=\"li1\">Kundenberatung und Abwicklung von Reparaturauftr\u00e4gen<\/li><li class=\"li1\">Mitarbeit in einem handwerklich gepr\u00e4gten, modernen Team<\/li><\/ul><p class=\"p1\"><b>Was wir uns von Ihnen w\u00fcnschen:<\/b><\/p><ul class=\"ul1\"><li class=\"li1\">Abgeschlossene Ausbildung als Schuhmacher\/in, Leder- oder Sattlerhandwerk oder vergleichbare Berufserfahrung<\/li><li class=\"li1\">Handwerkliches Geschick und Freude an pr\u00e4ziser Arbeit<\/li><li class=\"li1\">Zuverl\u00e4ssigkeit, Sorgfalt und selbstst\u00e4ndige Arbeitsweise<\/li><li class=\"li1\">Offenheit f\u00fcr unterschiedliche Materialien und Reparaturtechniken<\/li><li class=\"li1\">Freundlicher Umgang mit Kunden<\/li><\/ul><p class=\"p1\"><b>Was wir bieten:<\/b><\/p><ul class=\"ul1\"><li class=\"li1\">Eine abwechslungsreiche, handwerklich gepr\u00e4gte Teilzeitstelle<\/li><li class=\"li1\">Moderne Werkstatt mit allen notwendigen Werkzeugen<\/li><li class=\"li1\">Kurze Entscheidungswege in einem etablierten Unternehmen<\/li><li class=\"li1\">Flexible Arbeitszeiten und ein unterst\u00fctzendes Team<\/li><li class=\"li1\">M\u00f6glichkeit, handwerkliches K\u00f6nnen weiter auszubauen<\/li><\/ul><p class=\"p1\"><b>Sie m\u00f6chten Teil des Ortho.werk-Teams werden?<\/b><br \/>Dann senden Sie Ihre Bewerbung per E-Mail an: <b>l.urban@orthowerk-urban.de<\/b><\/p><\/div>\n\t\t\t\t<\/div>\n\t\t\t\t\t\t\t\t<\/div>\n\t\t\t\t\t\t<\/div>\n\t\t\t\t<\/div>\n\t\t\t\t\t<\/div>\n\t\t<\/div>\n\t\t\t\t<div class=\"elementor-column elementor-col-33 elementor-top-column elementor-element elementor-element-7513f7e\" data-id=\"7513f7e\" data-element_type=\"column\" data-e-type=\"column\">\n\t\t\t<div class=\"elementor-widget-wrap elementor-element-populated\">\n\t\t\t\t\t\t<div class=\"elementor-element elementor-element-e886d95 elementor-widget elementor-widget-image\" data-id=\"e886d95\" data-element_type=\"widget\" data-e-type=\"widget\" data-widget_type=\"image.default\">\n\t\t\t\t<div class=\"elementor-widget-container\">\n\t\t\t\t\t\t\t\t\t\t\t\t\t\t\t<img fetchpriority=\"high\" decoding=\"async\" width=\"850\" height=\"567\" src=\"https:\/\/orthowerk-urban.de\/wp-content\/uploads\/2026\/04\/orthowerk_karriere-850x567.jpg\" class=\"attachment-physio-qt-featured-l size-physio-qt-featured-l wp-image-9355\" alt=\"Orthowerk Karriere\" srcset=\"https:\/\/orthowerk-urban.de\/wp-content\/uploads\/2026\/04\/orthowerk_karriere-850x567.jpg 850w, https:\/\/orthowerk-urban.de\/wp-content\/uploads\/2026\/04\/orthowerk_karriere-300x200.jpg 300w, https:\/\/orthowerk-urban.de\/wp-content\/uploads\/2026\/04\/orthowerk_karriere-1024x683.jpg 1024w, https:\/\/orthowerk-urban.de\/wp-content\/uploads\/2026\/04\/orthowerk_karriere-768x512.jpg 768w, https:\/\/orthowerk-urban.de\/wp-content\/uploads\/2026\/04\/orthowerk_karriere-1536x1024.jpg 1536w, https:\/\/orthowerk-urban.de\/wp-content\/uploads\/2026\/04\/orthowerk_karriere-2048x1365.jpg 2048w, https:\/\/orthowerk-urban.de\/wp-content\/uploads\/2026\/04\/orthowerk_karriere-18x12.jpg 18w, https:\/\/orthowerk-urban.de\/wp-content\/uploads\/2026\/04\/orthowerk_karriere-360x240.jpg 360w\" sizes=\"(max-width: 850px) 100vw, 850px\" \/>\t\t\t\t\t\t\t\t\t\t\t\t\t\t\t<\/div>\n\t\t\t\t<\/div>\n\t\t\t\t\t<\/div>\n\t\t<\/div>\n\t\t\t\t\t<\/div>\n\t\t<\/section>\n\t\t\t\t<section class=\"elementor-section elementor-top-section elementor-element elementor-element-1663877 elementor-section-boxed elementor-section-height-default elementor-section-height-default\" data-id=\"1663877\" data-element_type=\"section\" data-e-type=\"section\">\n\t\t\t\t\t\t<div class=\"elementor-container elementor-column-gap-default\">\n\t\t\t\t\t<div class=\"elementor-column elementor-col-100 elementor-top-column elementor-element elementor-element-2e01bf2\" data-id=\"2e01bf2\" data-element_type=\"column\" data-e-type=\"column\">\n\t\t\t<div class=\"elementor-widget-wrap\">\n\t\t\t\t\t\t\t<\/div>\n\t\t<\/div>\n\t\t\t\t\t<\/div>\n\t\t<\/section>\n\t\t\t\t<\/div>","protected":false},"excerpt":{"rendered":"<p>Lernen Sie L\u00e1szl\u00f3 Urb\u00e1n kennen \u2013 orthop\u00e4discher Schuhmachermeister bei Ortho.Werk Urb\u00e1n in Emmerich am Rhein.<\/p>","protected":false},"author":1,"featured_media":0,"parent":0,"menu_order":0,"comment_status":"closed","ping_status":"closed","template":"","meta":{"_acf_changed":false,"footnotes":""},"class_list":["post-9301","page","type-page","status-publish","hentry"],"acf":[],"_links":{"self":[{"href":"https:\/\/orthowerk-urban.de\/en\/wp-json\/wp\/v2\/pages\/9301","targetHints":{"allow":["GET"]}}],"collection":[{"href":"https:\/\/orthowerk-urban.de\/en\/wp-json\/wp\/v2\/pages"}],"about":[{"href":"https:\/\/orthowerk-urban.de\/en\/wp-json\/wp\/v2\/types\/page"}],"author":[{"embeddable":true,"href":"https:\/\/orthowerk-urban.de\/en\/wp-json\/wp\/v2\/users\/1"}],"replies":[{"embeddable":true,"href":"https:\/\/orthowerk-urban.de\/en\/wp-json\/wp\/v2\/comments?post=9301"}],"version-history":[{"count":11,"href":"https:\/\/orthowerk-urban.de\/en\/wp-json\/wp\/v2\/pages\/9301\/revisions"}],"predecessor-version":[{"id":9358,"href":"https:\/\/orthowerk-urban.de\/en\/wp-json\/wp\/v2\/pages\/9301\/revisions\/9358"}],"wp:attachment":[{"href":"https:\/\/orthowerk-urban.de\/en\/wp-json\/wp\/v2\/media?parent=9301"}],"curies":[{"name":"wp","href":"https:\/\/api.w.org\/{rel}","templated":true}]}}