{"id":7858,"date":"2023-09-02T14:31:28","date_gmt":"2023-09-02T14:31:28","guid":{"rendered":"https:\/\/export-demos.qreativethemes.com\/elementor-physio\/?page_id=7858"},"modified":"2026-04-08T18:16:14","modified_gmt":"2026-04-08T16:16:14","slug":"ortho-werk","status":"publish","type":"page","link":"https:\/\/orthowerk-urban.de\/hu\/","title":{"rendered":"Kezd\u0151lap"},"content":{"rendered":"<div data-elementor-type=\"wp-page\" data-elementor-id=\"7858\" class=\"elementor elementor-7858\">\n\t\t\t\t\t\t<section class=\"elementor-section elementor-top-section elementor-element elementor-element-e312f02 elementor-section-boxed elementor-section-height-default elementor-section-height-default\" data-id=\"e312f02\" data-element_type=\"section\" data-e-type=\"section\">\n\t\t\t\t\t\t<div class=\"elementor-container elementor-column-gap-default\">\n\t\t\t\t\t<div class=\"elementor-column elementor-col-100 elementor-top-column elementor-element elementor-element-93ba076\" data-id=\"93ba076\" data-element_type=\"column\" data-e-type=\"column\">\n\t\t\t<div class=\"elementor-widget-wrap elementor-element-populated\">\n\t\t\t\t\t\t<div class=\"elementor-element elementor-element-b7cc5da elementor-widget elementor-widget-text-editor\" data-id=\"b7cc5da\" data-element_type=\"widget\" data-e-type=\"widget\" data-widget_type=\"text-editor.default\">\n\t\t\t\t<div class=\"elementor-widget-container\">\n\t\t\t\t\t\t\t\t\t<p><strong>\u00dcdv\u00f6z\u00f6lj\u00fck az Ortho.werk, <\/strong><\/p><p style=\"font-weight: 400;\">Az Ortho.werk t\u00f6bb mint k\u00e9t \u00e9ve k\u00e9pviseli a min\u0151s\u00e9get, a szak\u00e9rtelmet \u00e9s az egyedi megold\u00e1sokat a l\u00e1b eg\u00e9szs\u00e9g\u00e9nek ter\u00fclet\u00e9n. Okleveles ortop\u00e9d cip\u00e9szmesterk\u00e9nt egyedi talpbet\u00e9teket, ortop\u00e9d cip\u0151igaz\u00edt\u00e1sokat, valamint szakszer\u0171 cip\u0151jav\u00edt\u00e1st k\u00edn\u00e1lok, pontosan az \u00d6n egy\u00e9ni ig\u00e9nyeihez igaz\u00edtva.<\/p><p style=\"font-weight: 400;\">Kiemelt figyelmet ford\u00edtok a modern vizsg\u00e1lati m\u00f3dszerekre, mint p\u00e9ld\u00e1ul a j\u00e1r\u00e1s- \u00e9s fut\u00e1selemz\u00e9s, valamint a talpnyom\u00e1s-m\u00e9r\u00e9s, hogy a panaszokat c\u00e9lzottan felismerj\u00fck \u00e9s optim\u00e1lisan kezelj\u00fck.<\/p><p style=\"font-weight: 400;\">Emellett v\u00e1logatott, kiv\u00e1l\u00f3 min\u0151s\u00e9g\u0171 sportcip\u0151ket is k\u00edn\u00e1lok, amelyek ide\u00e1lisan \u00f6tv\u00f6zik a funkcionalit\u00e1st \u00e9s a k\u00e9nyelmet.<\/p><p style=\"font-weight: 400;\">Id\u0151t sz\u00e1nok \u00d6nre, \u00e9s szem\u00e9lyre szabott tan\u00e1csad\u00e1st ny\u00fajtok, a nagyobb mozg\u00e9konys\u00e1g, a j\u00f3 k\u00f6z\u00e9rzet \u00e9s az \u00e9letmin\u0151s\u00e9g \u00e9rdek\u00e9ben.<\/p><p style=\"font-weight: 400;\">\u00d6r\u00f6mmel v\u00e1rom, hogy szem\u00e9lyesen is \u00fcdv\u00f6z\u00f6lhessem az Ortho.werkn\u00e9l.<\/p><p style=\"font-weight: 400;\"><strong>Ortop\u00e9d cip\u00e9szmestere<br \/>L\u00e1szl\u00f3 Urb\u00e1n<\/strong><\/p>\t\t\t\t\t\t\t\t<\/div>\n\t\t\t\t<\/div>\n\t\t\t\t\t<\/div>\n\t\t<\/div>\n\t\t\t\t\t<\/div>\n\t\t<\/section>\n\t\t\t\t<section class=\"elementor-section elementor-top-section elementor-element elementor-element-db212a2 elementor-section-boxed elementor-section-height-default elementor-section-height-default\" data-id=\"db212a2\" data-element_type=\"section\" data-e-type=\"section\">\n\t\t\t\t\t\t<div class=\"elementor-container elementor-column-gap-default\">\n\t\t\t\t\t<div class=\"elementor-column elementor-col-100 elementor-top-column elementor-element elementor-element-1666410\" data-id=\"1666410\" data-element_type=\"column\" data-e-type=\"column\">\n\t\t\t<div class=\"elementor-widget-wrap elementor-element-populated\">\n\t\t\t\t\t\t<div class=\"elementor-element elementor-element-c32cf60 elementor-widget-divider--view-line elementor-widget elementor-widget-divider\" data-id=\"c32cf60\" data-element_type=\"widget\" data-e-type=\"widget\" data-widget_type=\"divider.default\">\n\t\t\t\t<div class=\"elementor-widget-container\">\n\t\t\t\t\t\t\t<div class=\"elementor-divider\">\n\t\t\t<span class=\"elementor-divider-separator\">\n\t\t\t\t\t\t<\/span>\n\t\t<\/div>\n\t\t\t\t\t\t<\/div>\n\t\t\t\t<\/div>\n\t\t\t\t\t<\/div>\n\t\t<\/div>\n\t\t\t\t\t<\/div>\n\t\t<\/section>\n\t\t\t\t<section class=\"elementor-section elementor-top-section elementor-element elementor-element-b6e5d8f elementor-section-boxed elementor-section-height-default elementor-section-height-default\" data-id=\"b6e5d8f\" data-element_type=\"section\" data-e-type=\"section\">\n\t\t\t\t\t\t<div class=\"elementor-container elementor-column-gap-extended\">\n\t\t\t\t\t<div class=\"elementor-column elementor-col-25 elementor-top-column elementor-element elementor-element-31bd127\" data-id=\"31bd127\" data-element_type=\"column\" data-e-type=\"column\">\n\t\t\t<div class=\"elementor-widget-wrap elementor-element-populated\">\n\t\t\t\t\t\t<div class=\"elementor-element elementor-element-5298dd1 elementor-widget elementor-widget-qt-custom-heading\" data-id=\"5298dd1\" data-element_type=\"widget\" data-e-type=\"widget\" data-widget_type=\"qt-custom-heading.default\">\n\t\t\t\t<div class=\"elementor-widget-container\">\n\t\t\t\t\t            <div class=\"custom-heading\">\n                <h2 class=\"widget-title\"><span class=\"normal\"><\/span> Wir bieten umfangreiche<br \/>\nSzolg\u00e1ltat\u00e1sok<\/h2>\n            <\/div>\n        \t\t\t\t<\/div>\n\t\t\t\t<\/div>\n\t\t\t\t<div class=\"elementor-element elementor-element-a70b741 elementor-widget elementor-widget-text-editor\" data-id=\"a70b741\" data-element_type=\"widget\" data-e-type=\"widget\" data-widget_type=\"text-editor.default\">\n\t\t\t\t<div class=\"elementor-widget-container\">\n\t\t\t\t\t\t\t\t\t<p>B\u00fcszk\u00e9k vagyunk arra, hogy \u00e1tfog\u00f3 szolg\u00e1ltat\u00e1sok sz\u00e9les sk\u00e1l\u00e1j\u00e1t k\u00edn\u00e1ljuk a feln\u0151ttek, id\u0151sek \u00e9s gyermekek ig\u00e9nyeinek kiel\u00e9g\u00edt\u00e9s\u00e9re.<\/p>\t\t\t\t\t\t\t\t<\/div>\n\t\t\t\t<\/div>\n\t\t\t\t<div class=\"elementor-element elementor-element-281f302 elementor-widget elementor-widget-qt-button\" data-id=\"281f302\" data-element_type=\"widget\" data-e-type=\"widget\" data-widget_type=\"qt-button.default\">\n\t\t\t\t<div class=\"elementor-widget-container\">\n\t\t\t\t\t        <a href=\"https:\/\/orthowerk-urban.de\/hu\/services\/\" class=\"btn btn-primary\" >Minden szolg\u00e1ltat\u00e1s<\/a>\n        \n        \t\t\t\t<\/div>\n\t\t\t\t<\/div>\n\t\t\t\t\t<\/div>\n\t\t<\/div>\n\t\t\t\t<div class=\"elementor-column elementor-col-25 elementor-top-column elementor-element elementor-element-bbd5a06\" data-id=\"bbd5a06\" data-element_type=\"column\" data-e-type=\"column\">\n\t\t\t<div class=\"elementor-widget-wrap elementor-element-populated\">\n\t\t\t\t\t\t<div class=\"elementor-element elementor-element-e8a1faf elementor-widget elementor-widget-qt-featured-page\" data-id=\"e8a1faf\" data-element_type=\"widget\" data-e-type=\"widget\" data-widget_type=\"qt-featured-page.default\">\n\t\t\t\t<div class=\"elementor-widget-container\">\n\t\t\t\t\t\n        \n            <div class=\"featured-page\">\n                                    <div class=\"featured-page--image\">\n                        <a href=\"https:\/\/orthowerk-urban.de\/hu\/services\/einlagen-nach-mass\/\">\n                            <img fetchpriority=\"high\" decoding=\"async\" width=\"450\" height=\"300\" src=\"https:\/\/orthowerk-urban.de\/wp-content\/uploads\/2024\/04\/einlagen_head.jpg\" class=\"attachment-physio-qt-featured-l size-physio-qt-featured-l\" alt=\"Szem\u00e9lyre szabott talpbet\u00e9tek\" srcset=\"https:\/\/orthowerk-urban.de\/wp-content\/uploads\/2024\/04\/einlagen_head.jpg 450w, https:\/\/orthowerk-urban.de\/wp-content\/uploads\/2024\/04\/einlagen_head-300x200.jpg 300w, https:\/\/orthowerk-urban.de\/wp-content\/uploads\/2024\/04\/einlagen_head-18x12.jpg 18w, https:\/\/orthowerk-urban.de\/wp-content\/uploads\/2024\/04\/einlagen_head-360x240.jpg 360w\" sizes=\"(min-width: 781px) 360px, calc(100vw - 30px)\" \/>                                                            <div class=\"featured-page--overlay\">\n                                    <div class=\"overlay--center\">\n                                        <span>tov\u00e1bbi<\/span>\n                                    <\/div>\n                                <\/div>\n                                                    <\/a>\n                    <\/div>\n                                <div class=\"featured-page--content\">\n                    <h5 class=\"featued-page--title\">\n                        <a href=\"https:\/\/orthowerk-urban.de\/hu\/services\/einlagen-nach-mass\/\">Szem\u00e9lyre szabott talpbet\u00e9tek<\/a>\n                    <\/h5>\n                                            <p>Az egyes l\u00e1baknak egy\u00e9ni ig\u00e9nyeik vannak, \u00e9s egy\u00e9ni gondoz\u00e1st ig\u00e9nyelnek. Az Ortho.werk a megfelel\u0151 hely az \u00d6n sz\u00e1m\u00e1ra.<\/p>\n                                                                <a href=\"https:\/\/orthowerk-urban.de\/hu\/services\/einlagen-nach-mass\/\" class=\"text-link\">tov\u00e1bbi<\/a>\n                                    <\/div>\n            <\/div>\n\n        \n    \t\t\t\t<\/div>\n\t\t\t\t<\/div>\n\t\t\t\t\t<\/div>\n\t\t<\/div>\n\t\t\t\t<div class=\"elementor-column elementor-col-25 elementor-top-column elementor-element elementor-element-c83c0b3\" data-id=\"c83c0b3\" data-element_type=\"column\" data-e-type=\"column\">\n\t\t\t<div class=\"elementor-widget-wrap elementor-element-populated\">\n\t\t\t\t\t\t<div class=\"elementor-element elementor-element-701694a elementor-widget elementor-widget-qt-featured-page\" data-id=\"701694a\" data-element_type=\"widget\" data-e-type=\"widget\" data-widget_type=\"qt-featured-page.default\">\n\t\t\t\t<div class=\"elementor-widget-container\">\n\t\t\t\t\t\n        \n            <div class=\"featured-page\">\n                                    <div class=\"featured-page--image\">\n                        <a href=\"https:\/\/orthowerk-urban.de\/hu\/services\/orthopaedische-schuhaenderungen\/\">\n                            <img decoding=\"async\" width=\"850\" height=\"567\" src=\"https:\/\/orthowerk-urban.de\/wp-content\/uploads\/2025\/01\/Schuhe_5_03-1-850x567.jpg\" class=\"attachment-physio-qt-featured-l size-physio-qt-featured-l\" alt=\"einseitige Schuherh\u00f6hung\" srcset=\"https:\/\/orthowerk-urban.de\/wp-content\/uploads\/2025\/01\/Schuhe_5_03-1-850x567.jpg 850w, https:\/\/orthowerk-urban.de\/wp-content\/uploads\/2025\/01\/Schuhe_5_03-1-300x200.jpg 300w, https:\/\/orthowerk-urban.de\/wp-content\/uploads\/2025\/01\/Schuhe_5_03-1-1024x683.jpg 1024w, https:\/\/orthowerk-urban.de\/wp-content\/uploads\/2025\/01\/Schuhe_5_03-1-768x512.jpg 768w, https:\/\/orthowerk-urban.de\/wp-content\/uploads\/2025\/01\/Schuhe_5_03-1-1536x1025.jpg 1536w, https:\/\/orthowerk-urban.de\/wp-content\/uploads\/2025\/01\/Schuhe_5_03-1-18x12.jpg 18w, https:\/\/orthowerk-urban.de\/wp-content\/uploads\/2025\/01\/Schuhe_5_03-1-360x240.jpg 360w, https:\/\/orthowerk-urban.de\/wp-content\/uploads\/2025\/01\/Schuhe_5_03-1.jpg 2000w\" sizes=\"(min-width: 781px) 360px, calc(100vw - 30px)\" \/>                                                            <div class=\"featured-page--overlay\">\n                                    <div class=\"overlay--center\">\n                                        <span>tov\u00e1bbi<\/span>\n                                    <\/div>\n                                <\/div>\n                                                    <\/a>\n                    <\/div>\n                                <div class=\"featured-page--content\">\n                    <h5 class=\"featued-page--title\">\n                        <a href=\"https:\/\/orthowerk-urban.de\/hu\/services\/orthopaedische-schuhaenderungen\/\">Ortop\u00e9d cip\u0151 m\u00f3dos\u00edt\u00e1sok<\/a>\n                    <\/h5>\n                                            <p>A m\u0171helyemben sz\u00e1mos v\u00e1ltoztat\u00e1st tudok elv\u00e9gezni a cip\u0151j\u00e9n. A szabv\u00e1nyos cip\u0151ket testre tudom szabni a l\u00e1bprobl\u00e9m\u00e1k kezel\u00e9s\u00e9re vagy a kellemetlens\u00e9gek enyh\u00edt\u00e9s\u00e9re.<\/p>\n                                                                <a href=\"https:\/\/orthowerk-urban.de\/hu\/services\/orthopaedische-schuhaenderungen\/\" class=\"text-link\">tov\u00e1bbi<\/a>\n                                    <\/div>\n            <\/div>\n\n        \n    \t\t\t\t<\/div>\n\t\t\t\t<\/div>\n\t\t\t\t\t<\/div>\n\t\t<\/div>\n\t\t\t\t<div class=\"elementor-column elementor-col-25 elementor-top-column elementor-element elementor-element-7b397b8\" data-id=\"7b397b8\" data-element_type=\"column\" data-e-type=\"column\">\n\t\t\t<div class=\"elementor-widget-wrap elementor-element-populated\">\n\t\t\t\t\t\t<div class=\"elementor-element elementor-element-a7afe35 elementor-widget elementor-widget-qt-featured-page\" data-id=\"a7afe35\" data-element_type=\"widget\" data-e-type=\"widget\" data-widget_type=\"qt-featured-page.default\">\n\t\t\t\t<div class=\"elementor-widget-container\">\n\t\t\t\t\t\n        \n            <div class=\"featured-page\">\n                                    <div class=\"featured-page--image\">\n                        <a href=\"https:\/\/orthowerk-urban.de\/hu\/services\/schuhreparatur\/\">\n                            <img decoding=\"async\" width=\"850\" height=\"567\" src=\"https:\/\/orthowerk-urban.de\/wp-content\/uploads\/2025\/01\/reparatur_titel-850x567.jpg\" class=\"attachment-physio-qt-featured-l size-physio-qt-featured-l\" alt=\"Cip\u0151jav\u00edt\u00e1s\" srcset=\"https:\/\/orthowerk-urban.de\/wp-content\/uploads\/2025\/01\/reparatur_titel-850x567.jpg 850w, https:\/\/orthowerk-urban.de\/wp-content\/uploads\/2025\/01\/reparatur_titel-300x200.jpg 300w, https:\/\/orthowerk-urban.de\/wp-content\/uploads\/2025\/01\/reparatur_titel-1024x682.jpg 1024w, https:\/\/orthowerk-urban.de\/wp-content\/uploads\/2025\/01\/reparatur_titel-768x512.jpg 768w, https:\/\/orthowerk-urban.de\/wp-content\/uploads\/2025\/01\/reparatur_titel-1536x1024.jpg 1536w, https:\/\/orthowerk-urban.de\/wp-content\/uploads\/2025\/01\/reparatur_titel-18x12.jpg 18w, https:\/\/orthowerk-urban.de\/wp-content\/uploads\/2025\/01\/reparatur_titel-360x240.jpg 360w, https:\/\/orthowerk-urban.de\/wp-content\/uploads\/2025\/01\/reparatur_titel.jpg 2000w\" sizes=\"(min-width: 781px) 360px, calc(100vw - 30px)\" \/>                                                            <div class=\"featured-page--overlay\">\n                                    <div class=\"overlay--center\">\n                                        <span>tov\u00e1bbi<\/span>\n                                    <\/div>\n                                <\/div>\n                                                    <\/a>\n                    <\/div>\n                                <div class=\"featured-page--content\">\n                    <h5 class=\"featued-page--title\">\n                        <a href=\"https:\/\/orthowerk-urban.de\/hu\/services\/schuhreparatur\/\">Cip\u0151jav\u00edt\u00e1s<\/a>\n                    <\/h5>\n                                            <p>Az Ortho.Werk-n\u00e9l jav\u00edtom \u00e9s \u00e1polom kedvenc cip\u0151it \u2013 az \u00faj talpakt\u00f3l kezdve a varr\u00e1sokon, sarkakon \u00e9s cipz\u00e1rakon \u00e1t.<\/p>\n                                                                <a href=\"https:\/\/orthowerk-urban.de\/hu\/services\/schuhreparatur\/\" class=\"text-link\">tov\u00e1bbi<\/a>\n                                    <\/div>\n            <\/div>\n\n        \n    \t\t\t\t<\/div>\n\t\t\t\t<\/div>\n\t\t\t\t\t<\/div>\n\t\t<\/div>\n\t\t\t\t\t<\/div>\n\t\t<\/section>\n\t\t\t\t<\/div>","protected":false},"excerpt":{"rendered":"<p>Willkommen bei Ortho.werk, Seit \u00fcber zwei Jahren steht Ortho.werk f\u00fcr Qualit\u00e4t, Fachkompetenz und individuelle L\u00f6sungen rund um Ihre Fu\u00dfgesundheit. Als orthop\u00e4discher Schuhmachermeister biete ich Ihnen ma\u00dfgefertigte Einlagen, orthop\u00e4dische Schuhzurichtungen sowie fachgerechte Schuhreparaturen \u2013 pr\u00e4zise abgestimmt auf Ihre pers\u00f6nlichen Bed\u00fcrfnisse. Ein besonderer Schwerpunkt liegt auf modernen Analyseverfahren wie Gang- und Laufanalysen sowie Fu\u00dfdruckmessungen, um Beschwerden gezielt [&hellip;]<\/p>\n","protected":false},"author":1,"featured_media":8676,"parent":0,"menu_order":0,"comment_status":"closed","ping_status":"closed","template":"template-front-jumbtron.php","meta":{"_acf_changed":false,"footnotes":""},"class_list":["post-7858","page","type-page","status-publish","has-post-thumbnail","hentry"],"acf":[],"_links":{"self":[{"href":"https:\/\/orthowerk-urban.de\/hu\/wp-json\/wp\/v2\/pages\/7858","targetHints":{"allow":["GET"]}}],"collection":[{"href":"https:\/\/orthowerk-urban.de\/hu\/wp-json\/wp\/v2\/pages"}],"about":[{"href":"https:\/\/orthowerk-urban.de\/hu\/wp-json\/wp\/v2\/types\/page"}],"author":[{"embeddable":true,"href":"https:\/\/orthowerk-urban.de\/hu\/wp-json\/wp\/v2\/users\/1"}],"replies":[{"embeddable":true,"href":"https:\/\/orthowerk-urban.de\/hu\/wp-json\/wp\/v2\/comments?post=7858"}],"version-history":[{"count":124,"href":"https:\/\/orthowerk-urban.de\/hu\/wp-json\/wp\/v2\/pages\/7858\/revisions"}],"predecessor-version":[{"id":9330,"href":"https:\/\/orthowerk-urban.de\/hu\/wp-json\/wp\/v2\/pages\/7858\/revisions\/9330"}],"wp:featuredmedia":[{"embeddable":true,"href":"https:\/\/orthowerk-urban.de\/hu\/wp-json\/wp\/v2\/media\/8676"}],"wp:attachment":[{"href":"https:\/\/orthowerk-urban.de\/hu\/wp-json\/wp\/v2\/media?parent=7858"}],"curies":[{"name":"wp","href":"https:\/\/api.w.org\/{rel}","templated":true}]}}