{"id":8030,"date":"2023-09-03T15:54:29","date_gmt":"2023-09-03T15:54:29","guid":{"rendered":"https:\/\/export-demos.qreativethemes.com\/elementor-physio\/?page_id=8030"},"modified":"2025-02-03T10:56:37","modified_gmt":"2025-02-03T09:56:37","slug":"services","status":"publish","type":"page","link":"https:\/\/orthowerk-urban.de\/hu\/services\/","title":{"rendered":"Szolg\u00e1ltat\u00e1sok"},"content":{"rendered":"<div data-elementor-type=\"wp-page\" data-elementor-id=\"8030\" class=\"elementor elementor-8030\">\n\t\t\t\t\t\t<section class=\"elementor-section elementor-top-section elementor-element elementor-element-65146d4 elementor-section-boxed elementor-section-height-default elementor-section-height-default\" data-id=\"65146d4\" data-element_type=\"section\" data-e-type=\"section\">\n\t\t\t\t\t\t<div class=\"elementor-container elementor-column-gap-default\">\n\t\t\t\t\t<div class=\"elementor-column elementor-col-100 elementor-top-column elementor-element elementor-element-bdc9ef0\" data-id=\"bdc9ef0\" data-element_type=\"column\" data-e-type=\"column\">\n\t\t\t<div class=\"elementor-widget-wrap elementor-element-populated\">\n\t\t\t\t\t\t<div class=\"elementor-element elementor-element-fa5e6a7 elementor-widget elementor-widget-text-editor\" data-id=\"fa5e6a7\" data-element_type=\"widget\" data-e-type=\"widget\" data-widget_type=\"text-editor.default\">\n\t\t\t\t<div class=\"elementor-widget-container\">\n\t\t\t\t\t\t\t\t\t<p>Az eg\u00e9szs\u00e9ges l\u00e1bak fontosak az eg\u00e9szs\u00e9ges \u00e9lethez. <br \/>Ezek k\u00e9pezik a mozg\u00e1sunk alapj\u00e1t, ezek tartanak minket egyens\u00falyban - eg\u00e9szs\u00e9ges l\u00e1bak n\u00e9lk\u00fcl nem tudunk biztos l\u00e1bakon \u00e1llni az \u00e9letben.<\/p><p>A c\u00e9l teh\u00e1t az \u00fcgyfelek \u00e9letmin\u0151s\u00e9g\u00e9nek jav\u00edt\u00e1sa. <br \/>Mert ha \u00fajra f\u00e1jdalom n\u00e9lk\u00fcl tudsz j\u00e1rni, akkor \u00fajra \u00e9lvezheted a testmozg\u00e1st. \u00c9s ez fontos sz\u00e1momra.<\/p><p>Minden ember m\u00e1s \u00e9s m\u00e1s, ez\u00e9rt nagy hangs\u00falyt fektetek a szem\u00e9lyre szabott tan\u00e1csad\u00e1sra \u00e9s t\u00e1mogat\u00e1sra. <br \/>Egy j\u00f3 besz\u00e9lget\u00e9s a minden \u00e9s minden, \u00e9s erre id\u0151t szak\u00edtok.<\/p><p>Fontos sz\u00e1momra, hogy azt a cip\u0151t viselje, amelyik illik \u00f6nh\u00f6z.<\/p>\t\t\t\t\t\t\t\t<\/div>\n\t\t\t\t<\/div>\n\t\t\t\t\t<\/div>\n\t\t<\/div>\n\t\t\t\t\t<\/div>\n\t\t<\/section>\n\t\t\t\t<section class=\"elementor-section elementor-top-section elementor-element elementor-element-ebf06c2 elementor-section-boxed elementor-section-height-default elementor-section-height-default\" data-id=\"ebf06c2\" data-element_type=\"section\" data-e-type=\"section\">\n\t\t\t\t\t\t<div class=\"elementor-container elementor-column-gap-default\">\n\t\t\t\t\t<div class=\"elementor-column elementor-col-100 elementor-top-column elementor-element elementor-element-209164d\" data-id=\"209164d\" data-element_type=\"column\" data-e-type=\"column\">\n\t\t\t<div class=\"elementor-widget-wrap elementor-element-populated\">\n\t\t\t\t\t\t<div class=\"elementor-element elementor-element-01fa6e0 elementor-widget-divider--view-line elementor-widget elementor-widget-divider\" data-id=\"01fa6e0\" data-element_type=\"widget\" data-e-type=\"widget\" data-widget_type=\"divider.default\">\n\t\t\t\t<div class=\"elementor-widget-container\">\n\t\t\t\t\t\t\t<div class=\"elementor-divider\">\n\t\t\t<span class=\"elementor-divider-separator\">\n\t\t\t\t\t\t<\/span>\n\t\t<\/div>\n\t\t\t\t\t\t<\/div>\n\t\t\t\t<\/div>\n\t\t\t\t\t<\/div>\n\t\t<\/div>\n\t\t\t\t\t<\/div>\n\t\t<\/section>\n\t\t\t\t<section class=\"elementor-section elementor-top-section elementor-element elementor-element-6e7a386 elementor-section-boxed elementor-section-height-default elementor-section-height-default\" data-id=\"6e7a386\" data-element_type=\"section\" data-e-type=\"section\">\n\t\t\t\t\t\t<div class=\"elementor-container elementor-column-gap-extended\">\n\t\t\t\t\t<div class=\"elementor-column elementor-col-33 elementor-top-column elementor-element elementor-element-0312aa6\" data-id=\"0312aa6\" data-element_type=\"column\" data-e-type=\"column\">\n\t\t\t<div class=\"elementor-widget-wrap elementor-element-populated\">\n\t\t\t\t\t\t<div class=\"elementor-element elementor-element-0012ca9 elementor-widget elementor-widget-qt-featured-page\" data-id=\"0012ca9\" data-element_type=\"widget\" data-e-type=\"widget\" data-widget_type=\"qt-featured-page.default\">\n\t\t\t\t<div class=\"elementor-widget-container\">\n\t\t\t\t\t\n        \n            <div class=\"featured-page\">\n                                    <div class=\"featured-page--image\">\n                        <a href=\"https:\/\/orthowerk-urban.de\/hu\/services\/orthopaedische-schuhaenderungen\/\">\n                            <img fetchpriority=\"high\" decoding=\"async\" width=\"850\" height=\"567\" src=\"https:\/\/orthowerk-urban.de\/wp-content\/uploads\/2025\/01\/Schuhe_5_03-1-850x567.jpg\" class=\"attachment-physio-qt-featured-l size-physio-qt-featured-l\" alt=\"einseitige Schuherh\u00f6hung\" srcset=\"https:\/\/orthowerk-urban.de\/wp-content\/uploads\/2025\/01\/Schuhe_5_03-1-850x567.jpg 850w, https:\/\/orthowerk-urban.de\/wp-content\/uploads\/2025\/01\/Schuhe_5_03-1-300x200.jpg 300w, https:\/\/orthowerk-urban.de\/wp-content\/uploads\/2025\/01\/Schuhe_5_03-1-1024x683.jpg 1024w, https:\/\/orthowerk-urban.de\/wp-content\/uploads\/2025\/01\/Schuhe_5_03-1-768x512.jpg 768w, https:\/\/orthowerk-urban.de\/wp-content\/uploads\/2025\/01\/Schuhe_5_03-1-1536x1025.jpg 1536w, https:\/\/orthowerk-urban.de\/wp-content\/uploads\/2025\/01\/Schuhe_5_03-1-18x12.jpg 18w, https:\/\/orthowerk-urban.de\/wp-content\/uploads\/2025\/01\/Schuhe_5_03-1-360x240.jpg 360w, https:\/\/orthowerk-urban.de\/wp-content\/uploads\/2025\/01\/Schuhe_5_03-1.jpg 2000w\" sizes=\"(min-width: 781px) 360px, calc(100vw - 30px)\" \/>                                                            <div class=\"featured-page--overlay\">\n                                    <div class=\"overlay--center\">\n                                        <span>tov\u00e1bbi<\/span>\n                                    <\/div>\n                                <\/div>\n                                                    <\/a>\n                    <\/div>\n                                <div class=\"featured-page--content\">\n                    <h5 class=\"featued-page--title\">\n                        <a href=\"https:\/\/orthowerk-urban.de\/hu\/services\/orthopaedische-schuhaenderungen\/\">Ortop\u00e9d cip\u0151 m\u00f3dos\u00edt\u00e1sok<\/a>\n                    <\/h5>\n                                            <p>A m\u0171helyemben sz\u00e1mos v\u00e1ltoztat\u00e1st tudok elv\u00e9gezni a cip\u0151j\u00e9n. A szabv\u00e1nyos cip\u0151ket testre tudom szabni a l\u00e1bprobl\u00e9m\u00e1k kezel\u00e9s\u00e9re vagy a kellemetlens\u00e9gek enyh\u00edt\u00e9s\u00e9re.<\/p>\n                                                                <a href=\"https:\/\/orthowerk-urban.de\/hu\/services\/orthopaedische-schuhaenderungen\/\" class=\"text-link\">tov\u00e1bbi<\/a>\n                                    <\/div>\n            <\/div>\n\n        \n    \t\t\t\t<\/div>\n\t\t\t\t<\/div>\n\t\t\t\t\t<\/div>\n\t\t<\/div>\n\t\t\t\t<div class=\"elementor-column elementor-col-33 elementor-top-column elementor-element elementor-element-5515f67\" data-id=\"5515f67\" data-element_type=\"column\" data-e-type=\"column\">\n\t\t\t<div class=\"elementor-widget-wrap elementor-element-populated\">\n\t\t\t\t\t\t<div class=\"elementor-element elementor-element-abbf288 elementor-widget elementor-widget-qt-featured-page\" data-id=\"abbf288\" data-element_type=\"widget\" data-e-type=\"widget\" data-widget_type=\"qt-featured-page.default\">\n\t\t\t\t<div class=\"elementor-widget-container\">\n\t\t\t\t\t\n        \n            <div class=\"featured-page\">\n                                    <div class=\"featured-page--image\">\n                        <a href=\"https:\/\/orthowerk-urban.de\/hu\/services\/orthopaedische-massschuhe\/\">\n                            <img decoding=\"async\" width=\"850\" height=\"567\" src=\"https:\/\/orthowerk-urban.de\/wp-content\/uploads\/2025\/01\/3dscan_titel-850x567.jpg\" class=\"attachment-physio-qt-featured-l size-physio-qt-featured-l\" alt=\"3D-szkennel\u00e9ses egyedi cip\u0151k\" srcset=\"https:\/\/orthowerk-urban.de\/wp-content\/uploads\/2025\/01\/3dscan_titel-850x567.jpg 850w, https:\/\/orthowerk-urban.de\/wp-content\/uploads\/2025\/01\/3dscan_titel-300x200.jpg 300w, https:\/\/orthowerk-urban.de\/wp-content\/uploads\/2025\/01\/3dscan_titel-1024x682.jpg 1024w, https:\/\/orthowerk-urban.de\/wp-content\/uploads\/2025\/01\/3dscan_titel-768x512.jpg 768w, https:\/\/orthowerk-urban.de\/wp-content\/uploads\/2025\/01\/3dscan_titel-1536x1024.jpg 1536w, https:\/\/orthowerk-urban.de\/wp-content\/uploads\/2025\/01\/3dscan_titel-18x12.jpg 18w, https:\/\/orthowerk-urban.de\/wp-content\/uploads\/2025\/01\/3dscan_titel-360x240.jpg 360w, https:\/\/orthowerk-urban.de\/wp-content\/uploads\/2025\/01\/3dscan_titel.jpg 2000w\" sizes=\"(min-width: 781px) 360px, calc(100vw - 30px)\" \/>                                                            <div class=\"featured-page--overlay\">\n                                    <div class=\"overlay--center\">\n                                        <span>tov\u00e1bbi<\/span>\n                                    <\/div>\n                                <\/div>\n                                                    <\/a>\n                    <\/div>\n                                <div class=\"featured-page--content\">\n                    <h5 class=\"featued-page--title\">\n                        <a href=\"https:\/\/orthowerk-urban.de\/hu\/services\/orthopaedische-massschuhe\/\">Ortop\u00e9diai egyedi cip\u0151k<\/a>\n                    <\/h5>\n                                            <p>A legmodernebb 3D-szkennel\u00e9si technol\u00f3gi\u00e1nak k\u00f6sz\u00f6nhet\u0151en pontosan r\u00f6gz\u00edtj\u00fck a l\u00e1b\u00e1t \u2013 teljesen gipsz\u00f6ntv\u00e9ny n\u00e9lk\u00fcl.<\/p>\n                                                                <a href=\"https:\/\/orthowerk-urban.de\/hu\/services\/orthopaedische-massschuhe\/\" class=\"text-link\">tov\u00e1bbi<\/a>\n                                    <\/div>\n            <\/div>\n\n        \n    \t\t\t\t<\/div>\n\t\t\t\t<\/div>\n\t\t\t\t\t<\/div>\n\t\t<\/div>\n\t\t\t\t<div class=\"elementor-column elementor-col-33 elementor-top-column elementor-element elementor-element-188fb29\" data-id=\"188fb29\" data-element_type=\"column\" data-e-type=\"column\">\n\t\t\t<div class=\"elementor-widget-wrap elementor-element-populated\">\n\t\t\t\t\t\t<div class=\"elementor-element elementor-element-b939a0f elementor-widget elementor-widget-qt-featured-page\" data-id=\"b939a0f\" data-element_type=\"widget\" data-e-type=\"widget\" data-widget_type=\"qt-featured-page.default\">\n\t\t\t\t<div class=\"elementor-widget-container\">\n\t\t\t\t\t\n        \n            <div class=\"featured-page\">\n                                    <div class=\"featured-page--image\">\n                        <a href=\"https:\/\/orthowerk-urban.de\/hu\/services\/einlagen-nach-mass\/\">\n                            <img decoding=\"async\" width=\"450\" height=\"300\" src=\"https:\/\/orthowerk-urban.de\/wp-content\/uploads\/2024\/04\/einlagen_head.jpg\" class=\"attachment-physio-qt-featured-l size-physio-qt-featured-l\" alt=\"Szem\u00e9lyre szabott talpbet\u00e9tek\" srcset=\"https:\/\/orthowerk-urban.de\/wp-content\/uploads\/2024\/04\/einlagen_head.jpg 450w, https:\/\/orthowerk-urban.de\/wp-content\/uploads\/2024\/04\/einlagen_head-300x200.jpg 300w, https:\/\/orthowerk-urban.de\/wp-content\/uploads\/2024\/04\/einlagen_head-18x12.jpg 18w, https:\/\/orthowerk-urban.de\/wp-content\/uploads\/2024\/04\/einlagen_head-360x240.jpg 360w\" sizes=\"(min-width: 781px) 360px, calc(100vw - 30px)\" \/>                                                            <div class=\"featured-page--overlay\">\n                                    <div class=\"overlay--center\">\n                                        <span>tov\u00e1bbi<\/span>\n                                    <\/div>\n                                <\/div>\n                                                    <\/a>\n                    <\/div>\n                                <div class=\"featured-page--content\">\n                    <h5 class=\"featued-page--title\">\n                        <a href=\"https:\/\/orthowerk-urban.de\/hu\/services\/einlagen-nach-mass\/\">Szem\u00e9lyre szabott talpbet\u00e9tek<\/a>\n                    <\/h5>\n                                            <p>Az egyes l\u00e1baknak egy\u00e9ni ig\u00e9nyeik vannak, \u00e9s egy\u00e9ni gondoz\u00e1st ig\u00e9nyelnek. Az Ortho.werk a megfelel\u0151 hely az \u00d6n sz\u00e1m\u00e1ra.<\/p>\n                                                                <a href=\"https:\/\/orthowerk-urban.de\/hu\/services\/einlagen-nach-mass\/\" class=\"text-link\">tov\u00e1bbi<\/a>\n                                    <\/div>\n            <\/div>\n\n        \n    \t\t\t\t<\/div>\n\t\t\t\t<\/div>\n\t\t\t\t\t<\/div>\n\t\t<\/div>\n\t\t\t\t\t<\/div>\n\t\t<\/section>\n\t\t\t\t<section class=\"elementor-section elementor-top-section elementor-element elementor-element-847e714 elementor-section-boxed elementor-section-height-default elementor-section-height-default\" data-id=\"847e714\" data-element_type=\"section\" data-e-type=\"section\">\n\t\t\t\t\t\t<div class=\"elementor-container elementor-column-gap-extended\">\n\t\t\t\t\t<div class=\"elementor-column elementor-col-33 elementor-top-column elementor-element elementor-element-c49b97a\" data-id=\"c49b97a\" data-element_type=\"column\" data-e-type=\"column\">\n\t\t\t<div class=\"elementor-widget-wrap elementor-element-populated\">\n\t\t\t\t\t\t<div class=\"elementor-element elementor-element-26ce4a6 elementor-widget elementor-widget-qt-featured-page\" data-id=\"26ce4a6\" data-element_type=\"widget\" data-e-type=\"widget\" data-widget_type=\"qt-featured-page.default\">\n\t\t\t\t<div class=\"elementor-widget-container\">\n\t\t\t\t\t\n        \n            <div class=\"featured-page\">\n                                    <div class=\"featured-page--image\">\n                        <a href=\"https:\/\/orthowerk-urban.de\/hu\/services\/elektronische-fussdruckmessung\/\">\n                            <img loading=\"lazy\" decoding=\"async\" width=\"675\" height=\"450\" src=\"https:\/\/orthowerk-urban.de\/wp-content\/uploads\/2024\/04\/orthowerk_fussdruckanalyse_titel.jpg\" class=\"attachment-physio-qt-featured-l size-physio-qt-featured-l\" alt=\"Fu\u00dfdruckanalyse\" srcset=\"https:\/\/orthowerk-urban.de\/wp-content\/uploads\/2024\/04\/orthowerk_fussdruckanalyse_titel.jpg 675w, https:\/\/orthowerk-urban.de\/wp-content\/uploads\/2024\/04\/orthowerk_fussdruckanalyse_titel-300x200.jpg 300w, https:\/\/orthowerk-urban.de\/wp-content\/uploads\/2024\/04\/orthowerk_fussdruckanalyse_titel-360x240.jpg 360w\" sizes=\"(min-width: 781px) 360px, calc(100vw - 30px)\" \/>                                                            <div class=\"featured-page--overlay\">\n                                    <div class=\"overlay--center\">\n                                        <span>tov\u00e1bbi<\/span>\n                                    <\/div>\n                                <\/div>\n                                                    <\/a>\n                    <\/div>\n                                <div class=\"featured-page--content\">\n                    <h5 class=\"featued-page--title\">\n                        <a href=\"https:\/\/orthowerk-urban.de\/hu\/services\/elektronische-fussdruckmessung\/\">Elektronikus l\u00e1bnyom\u00e1sm\u00e9r\u00e9s<\/a>\n                    <\/h5>\n                                            <p>Az \u00d6n talp\u00e1t l\u00e1bnyom\u00e1sm\u00e9r\u00e9s seg\u00edts\u00e9g\u00e9vel vizsg\u00e1lj\u00e1k meg. A m\u00e9r\u00e9s megmutatja, hogy hol gyakorol nyom\u00e1st a talp\u00e1ra, amikor \u00e1ll \u00e9s j\u00e1r.<\/p>\n                                                                <a href=\"https:\/\/orthowerk-urban.de\/hu\/services\/elektronische-fussdruckmessung\/\" class=\"text-link\">tov\u00e1bbi<\/a>\n                                    <\/div>\n            <\/div>\n\n        \n    \t\t\t\t<\/div>\n\t\t\t\t<\/div>\n\t\t\t\t\t<\/div>\n\t\t<\/div>\n\t\t\t\t<div class=\"elementor-column elementor-col-33 elementor-top-column elementor-element elementor-element-02f146d\" data-id=\"02f146d\" data-element_type=\"column\" data-e-type=\"column\">\n\t\t\t<div class=\"elementor-widget-wrap elementor-element-populated\">\n\t\t\t\t\t\t<div class=\"elementor-element elementor-element-8a0f096 elementor-widget elementor-widget-qt-featured-page\" data-id=\"8a0f096\" data-element_type=\"widget\" data-e-type=\"widget\" data-widget_type=\"qt-featured-page.default\">\n\t\t\t\t<div class=\"elementor-widget-container\">\n\t\t\t\t\t\n        \n            <div class=\"featured-page\">\n                                    <div class=\"featured-page--image\">\n                        <a href=\"https:\/\/orthowerk-urban.de\/hu\/services\/gang-und-laufanalyse\/\">\n                            <img loading=\"lazy\" decoding=\"async\" width=\"300\" height=\"199\" src=\"https:\/\/orthowerk-urban.de\/wp-content\/uploads\/2024\/04\/orthowerk_ganganalyse_01.jpg\" class=\"attachment-physio-qt-featured-l size-physio-qt-featured-l\" alt=\"Ganganalyse\" srcset=\"\" sizes=\"(min-width: 781px) 360px, calc(100vw - 30px)\" \/>                                                            <div class=\"featured-page--overlay\">\n                                    <div class=\"overlay--center\">\n                                        <span>tov\u00e1bbi<\/span>\n                                    <\/div>\n                                <\/div>\n                                                    <\/a>\n                    <\/div>\n                                <div class=\"featured-page--content\">\n                    <h5 class=\"featued-page--title\">\n                        <a href=\"https:\/\/orthowerk-urban.de\/hu\/services\/gang-und-laufanalyse\/\">J\u00e1r\u00e1s- \u00e9s fut\u00e1selemz\u00e9s<\/a>\n                    <\/h5>\n                                            <p>Az ember egyenes j\u00e1r\u00e1sa az eg\u00e9sz test \u00f6sszetett \u00f6sszj\u00e1t\u00e9ka. A rossz sportcip\u0151 vagy a helytelen testtart\u00e1s n\u00f6veli a s\u00e9r\u00fcl\u00e9s kock\u00e1zat\u00e1t.<\/p>\n                                                                <a href=\"https:\/\/orthowerk-urban.de\/hu\/services\/gang-und-laufanalyse\/\" class=\"text-link\">tov\u00e1bbi<\/a>\n                                    <\/div>\n            <\/div>\n\n        \n    \t\t\t\t<\/div>\n\t\t\t\t<\/div>\n\t\t\t\t\t<\/div>\n\t\t<\/div>\n\t\t\t\t<div class=\"elementor-column elementor-col-33 elementor-top-column elementor-element elementor-element-4d3c827\" data-id=\"4d3c827\" data-element_type=\"column\" data-e-type=\"column\">\n\t\t\t<div class=\"elementor-widget-wrap elementor-element-populated\">\n\t\t\t\t\t\t<div class=\"elementor-element elementor-element-720051b elementor-widget elementor-widget-qt-featured-page\" data-id=\"720051b\" data-element_type=\"widget\" data-e-type=\"widget\" data-widget_type=\"qt-featured-page.default\">\n\t\t\t\t<div class=\"elementor-widget-container\">\n\t\t\t\t\t\n        \n            <div class=\"featured-page\">\n                                    <div class=\"featured-page--image\">\n                        <a href=\"https:\/\/orthowerk-urban.de\/hu\/services\/schuhreparatur\/\">\n                            <img loading=\"lazy\" decoding=\"async\" width=\"850\" height=\"567\" src=\"https:\/\/orthowerk-urban.de\/wp-content\/uploads\/2025\/01\/reparatur_titel-850x567.jpg\" class=\"attachment-physio-qt-featured-l size-physio-qt-featured-l\" alt=\"Cip\u0151jav\u00edt\u00e1s\" srcset=\"https:\/\/orthowerk-urban.de\/wp-content\/uploads\/2025\/01\/reparatur_titel-850x567.jpg 850w, https:\/\/orthowerk-urban.de\/wp-content\/uploads\/2025\/01\/reparatur_titel-300x200.jpg 300w, https:\/\/orthowerk-urban.de\/wp-content\/uploads\/2025\/01\/reparatur_titel-1024x682.jpg 1024w, https:\/\/orthowerk-urban.de\/wp-content\/uploads\/2025\/01\/reparatur_titel-768x512.jpg 768w, https:\/\/orthowerk-urban.de\/wp-content\/uploads\/2025\/01\/reparatur_titel-1536x1024.jpg 1536w, https:\/\/orthowerk-urban.de\/wp-content\/uploads\/2025\/01\/reparatur_titel-18x12.jpg 18w, https:\/\/orthowerk-urban.de\/wp-content\/uploads\/2025\/01\/reparatur_titel-360x240.jpg 360w, https:\/\/orthowerk-urban.de\/wp-content\/uploads\/2025\/01\/reparatur_titel.jpg 2000w\" sizes=\"(min-width: 781px) 360px, calc(100vw - 30px)\" \/>                                                            <div class=\"featured-page--overlay\">\n                                    <div class=\"overlay--center\">\n                                        <span>tov\u00e1bbi<\/span>\n                                    <\/div>\n                                <\/div>\n                                                    <\/a>\n                    <\/div>\n                                <div class=\"featured-page--content\">\n                    <h5 class=\"featued-page--title\">\n                        <a href=\"https:\/\/orthowerk-urban.de\/hu\/services\/schuhreparatur\/\">Cip\u0151jav\u00edt\u00e1s<\/a>\n                    <\/h5>\n                                            <p>Az Ortho.Werk-n\u00e9l jav\u00edtom \u00e9s \u00e1polom kedvenc cip\u0151it \u2013 az \u00faj talpakt\u00f3l kezdve a varr\u00e1sokon, sarkakon \u00e9s cipz\u00e1rakon \u00e1t.<\/p>\n                                                                <a href=\"https:\/\/orthowerk-urban.de\/hu\/services\/schuhreparatur\/\" class=\"text-link\">tov\u00e1bbi<\/a>\n                                    <\/div>\n            <\/div>\n\n        \n    \t\t\t\t<\/div>\n\t\t\t\t<\/div>\n\t\t\t\t\t<\/div>\n\t\t<\/div>\n\t\t\t\t\t<\/div>\n\t\t<\/section>\n\t\t\t\t<\/div>","protected":false},"excerpt":{"rendered":"<p>Gesunde F\u00fc\u00dfe sind wichtig f\u00fcr ein gesundes Leben. Sie sind die Grundlage unserer Bewegung, sie halten uns im Gleichgewicht \u2013 ohne gesunde F\u00fc\u00dfe haben wir keinen sicheren Stand im Leben.<\/p>","protected":false},"author":1,"featured_media":0,"parent":0,"menu_order":0,"comment_status":"closed","ping_status":"closed","template":"","meta":{"_acf_changed":false,"footnotes":""},"class_list":["post-8030","page","type-page","status-publish","hentry"],"acf":[],"_links":{"self":[{"href":"https:\/\/orthowerk-urban.de\/hu\/wp-json\/wp\/v2\/pages\/8030","targetHints":{"allow":["GET"]}}],"collection":[{"href":"https:\/\/orthowerk-urban.de\/hu\/wp-json\/wp\/v2\/pages"}],"about":[{"href":"https:\/\/orthowerk-urban.de\/hu\/wp-json\/wp\/v2\/types\/page"}],"author":[{"embeddable":true,"href":"https:\/\/orthowerk-urban.de\/hu\/wp-json\/wp\/v2\/users\/1"}],"replies":[{"embeddable":true,"href":"https:\/\/orthowerk-urban.de\/hu\/wp-json\/wp\/v2\/comments?post=8030"}],"version-history":[{"count":59,"href":"https:\/\/orthowerk-urban.de\/hu\/wp-json\/wp\/v2\/pages\/8030\/revisions"}],"predecessor-version":[{"id":9253,"href":"https:\/\/orthowerk-urban.de\/hu\/wp-json\/wp\/v2\/pages\/8030\/revisions\/9253"}],"wp:attachment":[{"href":"https:\/\/orthowerk-urban.de\/hu\/wp-json\/wp\/v2\/media?parent=8030"}],"curies":[{"name":"wp","href":"https:\/\/api.w.org\/{rel}","templated":true}]}}