{"id":8048,"date":"2023-09-03T16:09:52","date_gmt":"2023-09-03T16:09:52","guid":{"rendered":"https:\/\/export-demos.qreativethemes.com\/elementor-physio\/?page_id=8048"},"modified":"2025-01-31T14:58:34","modified_gmt":"2025-01-31T13:58:34","slug":"elektronische-fussdruckmessung","status":"publish","type":"page","link":"https:\/\/orthowerk-urban.de\/hu\/services\/elektronische-fussdruckmessung\/","title":{"rendered":"Elektronikus l\u00e1bnyom\u00e1sm\u00e9r\u00e9s"},"content":{"rendered":"<div data-elementor-type=\"wp-page\" data-elementor-id=\"8048\" class=\"elementor elementor-8048\">\n\t\t\t\t\t\t<section class=\"elementor-section elementor-top-section elementor-element elementor-element-47c69ee elementor-section-boxed elementor-section-height-default elementor-section-height-default\" data-id=\"47c69ee\" data-element_type=\"section\" data-e-type=\"section\">\n\t\t\t\t\t\t<div class=\"elementor-container elementor-column-gap-default\">\n\t\t\t\t\t<div class=\"elementor-column elementor-col-100 elementor-top-column elementor-element elementor-element-8c389ef\" data-id=\"8c389ef\" data-element_type=\"column\" data-e-type=\"column\">\n\t\t\t<div class=\"elementor-widget-wrap elementor-element-populated\">\n\t\t\t\t\t\t<div class=\"elementor-element elementor-element-705959a elementor-widget elementor-widget-heading\" data-id=\"705959a\" data-element_type=\"widget\" data-e-type=\"widget\" data-widget_type=\"heading.default\">\n\t\t\t\t<div class=\"elementor-widget-container\">\n\t\t\t\t\t<h2 class=\"elementor-heading-title elementor-size-default\">Egy\u00e9ni l\u00e1bak - Egy\u00e9ni ig\u00e9nyek - Egy\u00e9ni gondoz\u00e1s<\/h2>\t\t\t\t<\/div>\n\t\t\t\t<\/div>\n\t\t\t\t\t<\/div>\n\t\t<\/div>\n\t\t\t\t\t<\/div>\n\t\t<\/section>\n\t\t\t\t<section class=\"elementor-section elementor-top-section elementor-element elementor-element-9a8a6ae elementor-section-boxed elementor-section-height-default elementor-section-height-default\" data-id=\"9a8a6ae\" data-element_type=\"section\" data-e-type=\"section\">\n\t\t\t\t\t\t<div class=\"elementor-container elementor-column-gap-default\">\n\t\t\t\t\t<div class=\"elementor-column elementor-col-100 elementor-top-column elementor-element elementor-element-6c98342\" data-id=\"6c98342\" data-element_type=\"column\" data-e-type=\"column\">\n\t\t\t<div class=\"elementor-widget-wrap elementor-element-populated\">\n\t\t\t\t\t\t<div class=\"elementor-element elementor-element-a43896d elementor-widget-divider--view-line elementor-widget elementor-widget-divider\" data-id=\"a43896d\" data-element_type=\"widget\" data-e-type=\"widget\" data-widget_type=\"divider.default\">\n\t\t\t\t<div class=\"elementor-widget-container\">\n\t\t\t\t\t\t\t<div class=\"elementor-divider\">\n\t\t\t<span class=\"elementor-divider-separator\">\n\t\t\t\t\t\t<\/span>\n\t\t<\/div>\n\t\t\t\t\t\t<\/div>\n\t\t\t\t<\/div>\n\t\t\t\t\t<\/div>\n\t\t<\/div>\n\t\t\t\t\t<\/div>\n\t\t<\/section>\n\t\t\t\t<section class=\"elementor-section elementor-top-section elementor-element elementor-element-f71039a elementor-section-boxed elementor-section-height-default elementor-section-height-default\" data-id=\"f71039a\" data-element_type=\"section\" data-e-type=\"section\">\n\t\t\t\t\t\t<div class=\"elementor-container elementor-column-gap-default\">\n\t\t\t\t\t<div class=\"elementor-column elementor-col-50 elementor-top-column elementor-element elementor-element-eeed4a4\" data-id=\"eeed4a4\" data-element_type=\"column\" data-e-type=\"column\">\n\t\t\t<div class=\"elementor-widget-wrap elementor-element-populated\">\n\t\t\t\t\t\t<div class=\"elementor-element elementor-element-4db94cc gallery-spacing-custom elementor-widget elementor-widget-image-gallery\" data-id=\"4db94cc\" data-element_type=\"widget\" data-e-type=\"widget\" data-widget_type=\"image-gallery.default\">\n\t\t\t\t<div class=\"elementor-widget-container\">\n\t\t\t\t\t\t\t<div class=\"elementor-image-gallery\">\n\t\t\t<div id='gallery-1' class='gallery galleryid-8048 gallery-columns-1 gallery-size-full'><figure class='gallery-item'>\n\t\t\t<div class='gallery-icon portrait'>\n\t\t\t\t<a data-elementor-open-lightbox=\"yes\" data-elementor-lightbox-slideshow=\"4db94cc\" data-elementor-lightbox-title=\"Fu\u00dfdruckanalyse\" data-e-action-hash=\"#elementor-action%3Aaction%3Dlightbox%26settings%3DeyJpZCI6OTA5OCwidXJsIjoiaHR0cHM6XC9cL29ydGhvd2Vyay11cmJhbi5kZVwvd3AtY29udGVudFwvdXBsb2Fkc1wvMjAyNVwvMDFcL2Z1c3NkcnVja2FuYWx5c2VfMS5qcGciLCJzbGlkZXNob3ciOiI0ZGI5NGNjIn0%3D\" href='https:\/\/orthowerk-urban.de\/wp-content\/uploads\/2025\/01\/fussdruckanalyse_1.jpg'><img fetchpriority=\"high\" decoding=\"async\" width=\"1334\" height=\"2000\" src=\"https:\/\/orthowerk-urban.de\/wp-content\/uploads\/2025\/01\/fussdruckanalyse_1.jpg\" class=\"attachment-full size-full\" alt=\"Fu\u00dfdruckanalyse\" aria-describedby=\"gallery-1-9098\" srcset=\"https:\/\/orthowerk-urban.de\/wp-content\/uploads\/2025\/01\/fussdruckanalyse_1.jpg 1334w, https:\/\/orthowerk-urban.de\/wp-content\/uploads\/2025\/01\/fussdruckanalyse_1-200x300.jpg 200w, https:\/\/orthowerk-urban.de\/wp-content\/uploads\/2025\/01\/fussdruckanalyse_1-683x1024.jpg 683w, https:\/\/orthowerk-urban.de\/wp-content\/uploads\/2025\/01\/fussdruckanalyse_1-768x1151.jpg 768w, https:\/\/orthowerk-urban.de\/wp-content\/uploads\/2025\/01\/fussdruckanalyse_1-1025x1536.jpg 1025w, https:\/\/orthowerk-urban.de\/wp-content\/uploads\/2025\/01\/fussdruckanalyse_1-8x12.jpg 8w\" sizes=\"(max-width: 1334px) 100vw, 1334px\" \/><\/a>\n\t\t\t<\/div>\n\t\t\t\t<figcaption class='wp-caption-text gallery-caption' id='gallery-1-9098'>\n\t\t\t\tFu\u00dfdruckanalyse\n\t\t\t\t<\/figcaption><\/figure>\n\t\t<\/div>\n\t\t<\/div>\n\t\t\t\t\t\t<\/div>\n\t\t\t\t<\/div>\n\t\t\t\t\t<\/div>\n\t\t<\/div>\n\t\t\t\t<div class=\"elementor-column elementor-col-50 elementor-top-column elementor-element elementor-element-f844cb9\" data-id=\"f844cb9\" data-element_type=\"column\" data-e-type=\"column\">\n\t\t\t<div class=\"elementor-widget-wrap elementor-element-populated\">\n\t\t\t\t\t\t<div class=\"elementor-element elementor-element-d402cbe elementor-widget elementor-widget-text-editor\" data-id=\"d402cbe\" data-element_type=\"widget\" data-e-type=\"widget\" data-widget_type=\"text-editor.default\">\n\t\t\t\t<div class=\"elementor-widget-container\">\n\t\t\t\t\t\t\t\t\t<p>Az \u00d6n talp\u00e1t l\u00e1bnyom\u00e1sm\u00e9r\u00e9s seg\u00edts\u00e9g\u00e9vel vizsg\u00e1lj\u00e1k meg. A m\u00e9r\u00e9s megmutatja, hogy hol gyakorol nyom\u00e1st a talp\u00e1ra, amikor \u00e1ll \u00e9s j\u00e1r. Az elektronikus m\u00e9r\u00e9s pontos \u00e1br\u00e1zol\u00e1st ny\u00fajt 3D min\u0151s\u00e9gben.<\/p>\n<p>Ezt a h\u00e1romdimenzi\u00f3s inform\u00e1ci\u00f3t diagnosztikai c\u00e9lokra haszn\u00e1lom, p\u00e9ld\u00e1ul m\u0171t\u00e9tek ut\u00e1n, a l\u00e1bbetegs\u00e9gek, l\u00e1bdeformit\u00e1sok nem l\u00e1that\u00f3 nyom\u00e1spontjainak pontos felismer\u00e9s\u00e9re, valamint ortop\u00e9d cip\u0151illeszt\u00e9skor. A c\u00e9l az egyenletes nyom\u00e1seloszl\u00e1s el\u00e9r\u00e9se vagy a l\u00e1bnyom\u00e1sok cs\u00f6kkent\u00e9se. \u00cdgy elker\u00fclhet\u0151k a fenyeget\u0151 komplik\u00e1ci\u00f3k.<\/p>\n<p>A l\u00e1bnyom\u00e1sm\u00e9r\u00e9st a l\u00e1b idegk\u00e1rosod\u00e1sa eset\u00e9n is alkalmazz\u00e1k a nyom\u00e1spontok jobb felismer\u00e9se \u00e9rdek\u00e9ben. Ez\u00e1ltal megel\u0151zhet\u0151k a l\u00e1b tov\u00e1bbi s\u00e9r\u00fcl\u00e9sei, \u00e9s t\u00e1mogathat\u00f3 a gy\u00f3gyul\u00e1si folyamat.<\/p>\t\t\t\t\t\t\t\t<\/div>\n\t\t\t\t<\/div>\n\t\t\t\t\t<\/div>\n\t\t<\/div>\n\t\t\t\t\t<\/div>\n\t\t<\/section>\n\t\t\t\t<section class=\"elementor-section elementor-top-section elementor-element elementor-element-b0a6a8d elementor-section-boxed elementor-section-height-default elementor-section-height-default\" data-id=\"b0a6a8d\" data-element_type=\"section\" data-e-type=\"section\">\n\t\t\t\t\t\t<div class=\"elementor-container elementor-column-gap-default\">\n\t\t\t\t\t<div class=\"elementor-column elementor-col-100 elementor-top-column elementor-element elementor-element-1a4382d\" data-id=\"1a4382d\" data-element_type=\"column\" data-e-type=\"column\">\n\t\t\t<div class=\"elementor-widget-wrap elementor-element-populated\">\n\t\t\t\t\t\t<div class=\"elementor-element elementor-element-13a7ba5 gallery-spacing-custom elementor-widget elementor-widget-image-gallery\" data-id=\"13a7ba5\" data-element_type=\"widget\" data-e-type=\"widget\" data-widget_type=\"image-gallery.default\">\n\t\t\t\t<div class=\"elementor-widget-container\">\n\t\t\t\t\t\t\t<div class=\"elementor-image-gallery\">\n\t\t\t<div id='gallery-2' class='gallery galleryid-8048 gallery-columns-3 gallery-size-full'><figure class='gallery-item'>\n\t\t\t<div class='gallery-icon portrait'>\n\t\t\t\t<a data-elementor-open-lightbox=\"yes\" data-elementor-lightbox-slideshow=\"13a7ba5\" data-elementor-lightbox-title=\"Fu\u00dfdruckanalyse\" data-e-action-hash=\"#elementor-action%3Aaction%3Dlightbox%26settings%3DeyJpZCI6OTA5OSwidXJsIjoiaHR0cHM6XC9cL29ydGhvd2Vyay11cmJhbi5kZVwvd3AtY29udGVudFwvdXBsb2Fkc1wvMjAyNVwvMDFcL2Z1c3NkcnVja2FuYWx5c2VfMi5qcGciLCJzbGlkZXNob3ciOiIxM2E3YmE1In0%3D\" href='https:\/\/orthowerk-urban.de\/wp-content\/uploads\/2025\/01\/fussdruckanalyse_2.jpg'><img decoding=\"async\" width=\"1333\" height=\"2000\" src=\"https:\/\/orthowerk-urban.de\/wp-content\/uploads\/2025\/01\/fussdruckanalyse_2.jpg\" class=\"attachment-full size-full\" alt=\"Fu\u00dfdruckanalyse\" aria-describedby=\"gallery-2-9099\" srcset=\"https:\/\/orthowerk-urban.de\/wp-content\/uploads\/2025\/01\/fussdruckanalyse_2.jpg 1333w, https:\/\/orthowerk-urban.de\/wp-content\/uploads\/2025\/01\/fussdruckanalyse_2-200x300.jpg 200w, https:\/\/orthowerk-urban.de\/wp-content\/uploads\/2025\/01\/fussdruckanalyse_2-682x1024.jpg 682w, https:\/\/orthowerk-urban.de\/wp-content\/uploads\/2025\/01\/fussdruckanalyse_2-768x1152.jpg 768w, https:\/\/orthowerk-urban.de\/wp-content\/uploads\/2025\/01\/fussdruckanalyse_2-1024x1536.jpg 1024w, https:\/\/orthowerk-urban.de\/wp-content\/uploads\/2025\/01\/fussdruckanalyse_2-8x12.jpg 8w\" sizes=\"(max-width: 1333px) 100vw, 1333px\" \/><\/a>\n\t\t\t<\/div>\n\t\t\t\t<figcaption class='wp-caption-text gallery-caption' id='gallery-2-9099'>\n\t\t\t\tFu\u00dfdruckanalyse\n\t\t\t\t<\/figcaption><\/figure><figure class='gallery-item'>\n\t\t\t<div class='gallery-icon portrait'>\n\t\t\t\t<a data-elementor-open-lightbox=\"yes\" data-elementor-lightbox-slideshow=\"13a7ba5\" data-elementor-lightbox-title=\"Fu\u00dfdruckanalyse\" data-e-action-hash=\"#elementor-action%3Aaction%3Dlightbox%26settings%3DeyJpZCI6OTEwMCwidXJsIjoiaHR0cHM6XC9cL29ydGhvd2Vyay11cmJhbi5kZVwvd3AtY29udGVudFwvdXBsb2Fkc1wvMjAyNVwvMDFcL2Z1c3NkcnVja2FuYWx5c2VfMy5qcGciLCJzbGlkZXNob3ciOiIxM2E3YmE1In0%3D\" href='https:\/\/orthowerk-urban.de\/wp-content\/uploads\/2025\/01\/fussdruckanalyse_3.jpg'><img decoding=\"async\" width=\"1333\" height=\"2000\" src=\"https:\/\/orthowerk-urban.de\/wp-content\/uploads\/2025\/01\/fussdruckanalyse_3.jpg\" class=\"attachment-full size-full\" alt=\"Fu\u00dfdruckanalyse\" aria-describedby=\"gallery-2-9100\" srcset=\"https:\/\/orthowerk-urban.de\/wp-content\/uploads\/2025\/01\/fussdruckanalyse_3.jpg 1333w, https:\/\/orthowerk-urban.de\/wp-content\/uploads\/2025\/01\/fussdruckanalyse_3-200x300.jpg 200w, https:\/\/orthowerk-urban.de\/wp-content\/uploads\/2025\/01\/fussdruckanalyse_3-682x1024.jpg 682w, https:\/\/orthowerk-urban.de\/wp-content\/uploads\/2025\/01\/fussdruckanalyse_3-768x1152.jpg 768w, https:\/\/orthowerk-urban.de\/wp-content\/uploads\/2025\/01\/fussdruckanalyse_3-1024x1536.jpg 1024w, https:\/\/orthowerk-urban.de\/wp-content\/uploads\/2025\/01\/fussdruckanalyse_3-8x12.jpg 8w\" sizes=\"(max-width: 1333px) 100vw, 1333px\" \/><\/a>\n\t\t\t<\/div>\n\t\t\t\t<figcaption class='wp-caption-text gallery-caption' id='gallery-2-9100'>\n\t\t\t\tFu\u00dfdruckanalyse\n\t\t\t\t<\/figcaption><\/figure><figure class='gallery-item'>\n\t\t\t<div class='gallery-icon portrait'>\n\t\t\t\t<a data-elementor-open-lightbox=\"yes\" data-elementor-lightbox-slideshow=\"13a7ba5\" data-elementor-lightbox-title=\"Fu\u00dfdruckanalyse\" data-e-action-hash=\"#elementor-action%3Aaction%3Dlightbox%26settings%3DeyJpZCI6OTEwMSwidXJsIjoiaHR0cHM6XC9cL29ydGhvd2Vyay11cmJhbi5kZVwvd3AtY29udGVudFwvdXBsb2Fkc1wvMjAyNVwvMDFcL2Z1c3NkcnVja2FuYWx5c2VfNC5qcGciLCJzbGlkZXNob3ciOiIxM2E3YmE1In0%3D\" href='https:\/\/orthowerk-urban.de\/wp-content\/uploads\/2025\/01\/fussdruckanalyse_4.jpg'><img loading=\"lazy\" decoding=\"async\" width=\"1333\" height=\"2000\" src=\"https:\/\/orthowerk-urban.de\/wp-content\/uploads\/2025\/01\/fussdruckanalyse_4.jpg\" class=\"attachment-full size-full\" alt=\"Fu\u00dfdruckanalyse\" aria-describedby=\"gallery-2-9101\" srcset=\"https:\/\/orthowerk-urban.de\/wp-content\/uploads\/2025\/01\/fussdruckanalyse_4.jpg 1333w, https:\/\/orthowerk-urban.de\/wp-content\/uploads\/2025\/01\/fussdruckanalyse_4-200x300.jpg 200w, https:\/\/orthowerk-urban.de\/wp-content\/uploads\/2025\/01\/fussdruckanalyse_4-682x1024.jpg 682w, https:\/\/orthowerk-urban.de\/wp-content\/uploads\/2025\/01\/fussdruckanalyse_4-768x1152.jpg 768w, https:\/\/orthowerk-urban.de\/wp-content\/uploads\/2025\/01\/fussdruckanalyse_4-1024x1536.jpg 1024w, https:\/\/orthowerk-urban.de\/wp-content\/uploads\/2025\/01\/fussdruckanalyse_4-8x12.jpg 8w\" sizes=\"(max-width: 1333px) 100vw, 1333px\" \/><\/a>\n\t\t\t<\/div>\n\t\t\t\t<figcaption class='wp-caption-text gallery-caption' id='gallery-2-9101'>\n\t\t\t\tFu\u00dfdruckanalyse\n\t\t\t\t<\/figcaption><\/figure>\n\t\t<\/div>\n\t\t<\/div>\n\t\t\t\t\t\t<\/div>\n\t\t\t\t<\/div>\n\t\t\t\t\t<\/div>\n\t\t<\/div>\n\t\t\t\t\t<\/div>\n\t\t<\/section>\n\t\t\t\t<\/div>","protected":false},"excerpt":{"rendered":"<p>Az \u00d6n talp\u00e1t l\u00e1bnyom\u00e1sm\u00e9r\u00e9s seg\u00edts\u00e9g\u00e9vel vizsg\u00e1lj\u00e1k meg. A m\u00e9r\u00e9s megmutatja, hogy hol gyakorol nyom\u00e1st a talp\u00e1ra, amikor \u00e1ll \u00e9s j\u00e1r. <\/p>","protected":false},"author":1,"featured_media":8747,"parent":8030,"menu_order":0,"comment_status":"closed","ping_status":"closed","template":"","meta":{"_acf_changed":false,"footnotes":""},"class_list":["post-8048","page","type-page","status-publish","has-post-thumbnail","hentry"],"acf":[],"_links":{"self":[{"href":"https:\/\/orthowerk-urban.de\/hu\/wp-json\/wp\/v2\/pages\/8048","targetHints":{"allow":["GET"]}}],"collection":[{"href":"https:\/\/orthowerk-urban.de\/hu\/wp-json\/wp\/v2\/pages"}],"about":[{"href":"https:\/\/orthowerk-urban.de\/hu\/wp-json\/wp\/v2\/types\/page"}],"author":[{"embeddable":true,"href":"https:\/\/orthowerk-urban.de\/hu\/wp-json\/wp\/v2\/users\/1"}],"replies":[{"embeddable":true,"href":"https:\/\/orthowerk-urban.de\/hu\/wp-json\/wp\/v2\/comments?post=8048"}],"version-history":[{"count":34,"href":"https:\/\/orthowerk-urban.de\/hu\/wp-json\/wp\/v2\/pages\/8048\/revisions"}],"predecessor-version":[{"id":9241,"href":"https:\/\/orthowerk-urban.de\/hu\/wp-json\/wp\/v2\/pages\/8048\/revisions\/9241"}],"up":[{"embeddable":true,"href":"https:\/\/orthowerk-urban.de\/hu\/wp-json\/wp\/v2\/pages\/8030"}],"wp:featuredmedia":[{"embeddable":true,"href":"https:\/\/orthowerk-urban.de\/hu\/wp-json\/wp\/v2\/media\/8747"}],"wp:attachment":[{"href":"https:\/\/orthowerk-urban.de\/hu\/wp-json\/wp\/v2\/media?parent=8048"}],"curies":[{"name":"wp","href":"https:\/\/api.w.org\/{rel}","templated":true}]}}