{"id":8068,"date":"2023-09-03T16:25:20","date_gmt":"2023-09-03T16:25:20","guid":{"rendered":"https:\/\/export-demos.qreativethemes.com\/elementor-physio\/?page_id=8068"},"modified":"2025-01-31T14:58:51","modified_gmt":"2025-01-31T13:58:51","slug":"gang-und-laufanalyse","status":"publish","type":"page","link":"https:\/\/orthowerk-urban.de\/hu\/services\/gang-und-laufanalyse\/","title":{"rendered":"J\u00e1r\u00e1s- \u00e9s fut\u00e1selemz\u00e9s"},"content":{"rendered":"<div data-elementor-type=\"wp-page\" data-elementor-id=\"8068\" class=\"elementor elementor-8068\">\n\t\t\t\t\t\t<section class=\"elementor-section elementor-top-section elementor-element elementor-element-9e0d5d2 elementor-section-boxed elementor-section-height-default elementor-section-height-default\" data-id=\"9e0d5d2\" data-element_type=\"section\" data-e-type=\"section\">\n\t\t\t\t\t\t<div class=\"elementor-container elementor-column-gap-extended\">\n\t\t\t\t\t<div class=\"elementor-column elementor-col-50 elementor-top-column elementor-element elementor-element-8ddd175\" data-id=\"8ddd175\" data-element_type=\"column\" data-e-type=\"column\">\n\t\t\t<div class=\"elementor-widget-wrap elementor-element-populated\">\n\t\t\t\t\t\t<div class=\"elementor-element elementor-element-e08012b elementor-widget elementor-widget-image-gallery\" data-id=\"e08012b\" data-element_type=\"widget\" data-e-type=\"widget\" data-widget_type=\"image-gallery.default\">\n\t\t\t\t<div class=\"elementor-widget-container\">\n\t\t\t\t\t\t\t<div class=\"elementor-image-gallery\">\n\t\t\t<div id='gallery-1' class='gallery galleryid-8068 gallery-columns-1 gallery-size-full'><figure class='gallery-item'>\n\t\t\t<div class='gallery-icon portrait'>\n\t\t\t\t<a data-elementor-open-lightbox=\"yes\" data-elementor-lightbox-slideshow=\"e08012b\" data-elementor-lightbox-title=\"Ganganalyse\" data-e-action-hash=\"#elementor-action%3Aaction%3Dlightbox%26settings%3DeyJpZCI6OTEyMCwidXJsIjoiaHR0cHM6XC9cL29ydGhvd2Vyay11cmJhbi5kZVwvd3AtY29udGVudFwvdXBsb2Fkc1wvMjAyNVwvMDFcL2dhbmdhbmFseXNlLmpwZyIsInNsaWRlc2hvdyI6ImUwODAxMmIifQ%3D%3D\" href='https:\/\/orthowerk-urban.de\/wp-content\/uploads\/2025\/01\/ganganalyse.jpg'><img fetchpriority=\"high\" decoding=\"async\" width=\"1333\" height=\"2000\" src=\"https:\/\/orthowerk-urban.de\/wp-content\/uploads\/2025\/01\/ganganalyse.jpg\" class=\"attachment-full size-full\" alt=\"Ganganalyse\" aria-describedby=\"gallery-1-9120\" srcset=\"https:\/\/orthowerk-urban.de\/wp-content\/uploads\/2025\/01\/ganganalyse.jpg 1333w, https:\/\/orthowerk-urban.de\/wp-content\/uploads\/2025\/01\/ganganalyse-200x300.jpg 200w, https:\/\/orthowerk-urban.de\/wp-content\/uploads\/2025\/01\/ganganalyse-682x1024.jpg 682w, https:\/\/orthowerk-urban.de\/wp-content\/uploads\/2025\/01\/ganganalyse-768x1152.jpg 768w, https:\/\/orthowerk-urban.de\/wp-content\/uploads\/2025\/01\/ganganalyse-1024x1536.jpg 1024w, https:\/\/orthowerk-urban.de\/wp-content\/uploads\/2025\/01\/ganganalyse-8x12.jpg 8w\" sizes=\"(max-width: 1333px) 100vw, 1333px\" \/><\/a>\n\t\t\t<\/div>\n\t\t\t\t<figcaption class='wp-caption-text gallery-caption' id='gallery-1-9120'>\n\t\t\t\tGanganalyse\n\t\t\t\t<\/figcaption><\/figure>\n\t\t<\/div>\n\t\t<\/div>\n\t\t\t\t\t\t<\/div>\n\t\t\t\t<\/div>\n\t\t\t\t\t<\/div>\n\t\t<\/div>\n\t\t\t\t<div class=\"elementor-column elementor-col-50 elementor-top-column elementor-element elementor-element-610998e\" data-id=\"610998e\" data-element_type=\"column\" data-e-type=\"column\">\n\t\t\t<div class=\"elementor-widget-wrap elementor-element-populated\">\n\t\t\t\t\t\t<div class=\"elementor-element elementor-element-a45fbc9 elementor-widget elementor-widget-text-editor\" data-id=\"a45fbc9\" data-element_type=\"widget\" data-e-type=\"widget\" data-widget_type=\"text-editor.default\">\n\t\t\t\t<div class=\"elementor-widget-container\">\n\t\t\t\t\t\t\t\t\t<p>Szeretn\u00e9 elkezdeni a kocog\u00e1st, vagy m\u00e1r tapasztalt fut\u00f3? Megs\u00e9r\u00fclt\u00e9l \u00e9s most kezdesz \u00fajra futni?<\/p><p>A fut\u00e1selemz\u00e9ssel alaposan megvizsg\u00e1lom a test\u00e9t. Ez lehet\u0151v\u00e9 teszi sz\u00e1momra, hogy felismerjem a gyenge pontokat \u00e9s jav\u00edtsam a testtart\u00e1s\u00e1t. L\u00e1tni fogja: Javulni fog a teljes\u00edtm\u00e9nye!<\/p><p>Az ember egyenes j\u00e1r\u00e1sa az eg\u00e9sz test \u00f6sszetett \u00f6sszj\u00e1t\u00e9ka. A rossz sportcip\u0151 vagy a helytelen testtart\u00e1s n\u00f6veli a s\u00e9r\u00fcl\u00e9s kock\u00e1zat\u00e1t.<\/p><p>A j\u00f3 fut\u00e1selemz\u00e9s seg\u00edt gyorsabban fel\u00e9p\u00fclni egy s\u00e9r\u00fcl\u00e9s ut\u00e1n, \u00e9s jav\u00edtani a teljes\u00edtm\u00e9nyt.<\/p><p>Hogy \u00fajra \u00e9lvezhesse a testmozg\u00e1st!<\/p><p><b>Egyszer\u0171v\u00e9 tett id\u0151pontfoglal\u00e1s!<\/b><\/p><p>Weboldalunkon k\u00f6nnyen tud id\u0151pontot foglalni.<\/p><p>Ha azonban a felaj\u00e1nlott id\u0151pontokon k\u00edv\u00fcl szeretne id\u0151pontot k\u00e9rni, k\u00fcl\u00f6n\u00f6sen, ha dolgozik, k\u00e9rj\u00fck, k\u00fcldj\u00f6n nek\u00fcnk egy e-mailt a l.urban@orthowerk-urban.de c\u00edmre.<\/p><p>Egy\u00fctt megtal\u00e1ljuk az \u00d6nnek megfelel\u0151 id\u0151pontot!<\/p><p><strong>Az elemz\u00e9shez sportruh\u00e1zatra, r\u00f6vidnadr\u00e1gra \u00e9s haszn\u00e1lt, de tiszta fut\u00f3cip\u0151re lesz sz\u00fcks\u00e9ged. Ha van, hozza mag\u00e1val a talpbet\u00e9tj\u00e9t - \u00e9s elegend\u0151 id\u0151t.<\/strong><\/p><p>\u00a0<\/p>\t\t\t\t\t\t\t\t<\/div>\n\t\t\t\t<\/div>\n\t\t\t\t\t<\/div>\n\t\t<\/div>\n\t\t\t\t\t<\/div>\n\t\t<\/section>\n\t\t\t\t<section class=\"elementor-section elementor-top-section elementor-element elementor-element-bbd5862 elementor-section-boxed elementor-section-height-default elementor-section-height-default\" data-id=\"bbd5862\" data-element_type=\"section\" data-e-type=\"section\">\n\t\t\t\t\t\t<div class=\"elementor-container elementor-column-gap-default\">\n\t\t\t\t\t<div class=\"elementor-column elementor-col-100 elementor-top-column elementor-element elementor-element-9affd22\" data-id=\"9affd22\" data-element_type=\"column\" data-e-type=\"column\">\n\t\t\t<div class=\"elementor-widget-wrap elementor-element-populated\">\n\t\t\t\t\t\t<div class=\"elementor-element elementor-element-774b213 elementor-widget elementor-widget-text-editor\" data-id=\"774b213\" data-element_type=\"widget\" data-e-type=\"widget\" data-widget_type=\"text-editor.default\">\n\t\t\t\t<div class=\"elementor-widget-container\">\n\t\t\t\t\t\t\t\t\t<p style=\"font-weight: 400;\"><strong>Az alapvet\u0151 fut\u00e1selemz\u00e9s a k\u00f6vetkez\u0151kb\u0151l \u00e1ll<\/strong><\/p><p style=\"font-weight: 400;\">- 2D l\u00e1bszkennel\u00e9s<br \/>- Fut\u00f3pados elemz\u00e9s filmfelv\u00e9tellel k\u00e9r\u00e9sre<br \/>- Elemz\u00e9si konzult\u00e1ci\u00f3 \u00e9s tan\u00e1csad\u00e1s<\/p><p style=\"font-weight: 400;\">Az alap fut\u00e1selemz\u00e9s \u00e1ra 58 \u20ac<\/p><p style=\"font-weight: 400;\"><br \/>Kieg\u00e9sz\u00edt\u0151 opci\u00f3 (kib\u0151v\u00edtett fut\u00e1selemz\u00e9s):<br \/>- Elektronikus l\u00e1bnyom\u00e1sm\u00e9r\u00e9s a fut\u00e1selemz\u00e9s sor\u00e1n<\/p><p style=\"font-weight: 400;\">A pr\u00e9mium fut\u00e1selemz\u00e9s \u00e1ra 98 \u20ac<\/p><p style=\"font-weight: 400;\"><strong><br \/>Az Ortho.werk cip\u0151 v\u00e1s\u00e1rl\u00e1sa eset\u00e9n az \u00fcgyf\u00e9l 50%-os kedvezm\u00e9nyt kap az elemz\u00e9sre.<\/strong><\/p>\t\t\t\t\t\t\t\t<\/div>\n\t\t\t\t<\/div>\n\t\t\t\t\t<\/div>\n\t\t<\/div>\n\t\t\t\t\t<\/div>\n\t\t<\/section>\n\t\t\t\t<section class=\"elementor-section elementor-top-section elementor-element elementor-element-3ecebb6 elementor-section-boxed elementor-section-height-default elementor-section-height-default\" data-id=\"3ecebb6\" data-element_type=\"section\" data-e-type=\"section\">\n\t\t\t\t\t\t<div class=\"elementor-container elementor-column-gap-default\">\n\t\t\t\t\t<div class=\"elementor-column elementor-col-100 elementor-top-column elementor-element elementor-element-4b80493\" data-id=\"4b80493\" data-element_type=\"column\" data-e-type=\"column\">\n\t\t\t<div class=\"elementor-widget-wrap\">\n\t\t\t\t\t\t\t<\/div>\n\t\t<\/div>\n\t\t\t\t\t<\/div>\n\t\t<\/section>\n\t\t\t\t<\/div>","protected":false},"excerpt":{"rendered":"<p>Az ember egyenes j\u00e1r\u00e1sa az eg\u00e9sz test \u00f6sszetett \u00f6sszj\u00e1t\u00e9ka. A rossz sportcip\u0151 vagy a helytelen testtart\u00e1s n\u00f6veli a s\u00e9r\u00fcl\u00e9s kock\u00e1zat\u00e1t.<\/p>","protected":false},"author":1,"featured_media":8641,"parent":8030,"menu_order":0,"comment_status":"closed","ping_status":"closed","template":"","meta":{"_acf_changed":false,"footnotes":""},"class_list":["post-8068","page","type-page","status-publish","has-post-thumbnail","hentry"],"acf":[],"_links":{"self":[{"href":"https:\/\/orthowerk-urban.de\/hu\/wp-json\/wp\/v2\/pages\/8068","targetHints":{"allow":["GET"]}}],"collection":[{"href":"https:\/\/orthowerk-urban.de\/hu\/wp-json\/wp\/v2\/pages"}],"about":[{"href":"https:\/\/orthowerk-urban.de\/hu\/wp-json\/wp\/v2\/types\/page"}],"author":[{"embeddable":true,"href":"https:\/\/orthowerk-urban.de\/hu\/wp-json\/wp\/v2\/users\/1"}],"replies":[{"embeddable":true,"href":"https:\/\/orthowerk-urban.de\/hu\/wp-json\/wp\/v2\/comments?post=8068"}],"version-history":[{"count":47,"href":"https:\/\/orthowerk-urban.de\/hu\/wp-json\/wp\/v2\/pages\/8068\/revisions"}],"predecessor-version":[{"id":9238,"href":"https:\/\/orthowerk-urban.de\/hu\/wp-json\/wp\/v2\/pages\/8068\/revisions\/9238"}],"up":[{"embeddable":true,"href":"https:\/\/orthowerk-urban.de\/hu\/wp-json\/wp\/v2\/pages\/8030"}],"wp:featuredmedia":[{"embeddable":true,"href":"https:\/\/orthowerk-urban.de\/hu\/wp-json\/wp\/v2\/media\/8641"}],"wp:attachment":[{"href":"https:\/\/orthowerk-urban.de\/hu\/wp-json\/wp\/v2\/media?parent=8068"}],"curies":[{"name":"wp","href":"https:\/\/api.w.org\/{rel}","templated":true}]}}