{"id":8342,"date":"2024-04-08T23:08:54","date_gmt":"2024-04-08T21:08:54","guid":{"rendered":"http:\/\/orthowerk-urban.de\/?page_id=8342"},"modified":"2025-01-29T12:59:35","modified_gmt":"2025-01-29T11:59:35","slug":"impressum","status":"publish","type":"page","link":"https:\/\/orthowerk-urban.de\/hu\/impressum\/","title":{"rendered":"Impresszum"},"content":{"rendered":"<div data-elementor-type=\"wp-page\" data-elementor-id=\"8342\" class=\"elementor elementor-8342\">\n\t\t\t\t\t\t<section class=\"elementor-section elementor-top-section elementor-element elementor-element-84eb48f elementor-section-boxed elementor-section-height-default elementor-section-height-default\" data-id=\"84eb48f\" data-element_type=\"section\" data-e-type=\"section\">\n\t\t\t\t\t\t<div class=\"elementor-container elementor-column-gap-default\">\n\t\t\t\t\t<div class=\"elementor-column elementor-col-100 elementor-top-column elementor-element elementor-element-63ace97\" data-id=\"63ace97\" data-element_type=\"column\" data-e-type=\"column\">\n\t\t\t<div class=\"elementor-widget-wrap elementor-element-populated\">\n\t\t\t\t\t\t<div class=\"elementor-element elementor-element-8836001 elementor-widget elementor-widget-text-editor\" data-id=\"8836001\" data-element_type=\"widget\" data-e-type=\"widget\" data-widget_type=\"text-editor.default\">\n\t\t\t\t<div class=\"elementor-widget-container\">\n\t\t\t\t\t\t\t\t\t<h1>Impresszum<\/h1><p>L\u00e1szl\u00f3 Urb\u00e1n<br \/>Ortho.werk Orthop\u00e4dieschuhtechnik Urb\u00e1n<br \/>Bahnhofstra\u00dfe 21 &#8211; 25<br \/>46446 Emmerich am Rhein<\/p><h2>Kapcsolat<\/h2><p>Telefon: 0 28 22 \u2013 981- 7007<br \/>Telefax: 0 28 22 \u2013 981- 7003<br \/>E-Mail: info@orthowerk-urban.de<\/p><h2>Forgalmiad\u00f3-azonos\u00edt\u00f3<\/h2><p>Az \u00e1ltal\u00e1nos forgalmi ad\u00f3r\u00f3l sz\u00f3l\u00f3 t\u00f6rv\u00e9ny 27. \u00a7-a szerinti forgalmi ad\u00f3azonos\u00edt\u00f3 sz\u00e1m:<br \/>DE364162471<\/p><h2>Szerkeszt\u0151i felel\u0151ss\u00e9g<\/h2><p>L\u00e1szl\u00f3 Urb\u00e1n<\/p><h2>Fogyaszt\u00f3i jogvit\u00e1k rendez\u00e9se\/egyetemes v\u00e1lasztottb\u00edr\u00f3s\u00e1gi k\u00f6zpont<\/h2><p>Nem vagyunk hajland\u00f3ak vagy k\u00f6telesek r\u00e9szt venni a fogyaszt\u00f3i d\u00f6nt\u0151bizotts\u00e1g el\u0151tti vitarendez\u00e9si elj\u00e1r\u00e1sban.<\/p><p>Quelle: <a href=\"https:\/\/www.e-recht24.de\">e-recht24.de<\/a><\/p>\t\t\t\t\t\t\t\t<\/div>\n\t\t\t\t<\/div>\n\t\t\t\t\t<\/div>\n\t\t<\/div>\n\t\t\t\t\t<\/div>\n\t\t<\/section>\n\t\t\t\t<\/div>","protected":false},"excerpt":{"rendered":"<p>Erfahren Sie alles \u00fcber unsere Kontaktinformationen, rechtliche Hinweise und unsere Orthop\u00e4dieschuhtechnik in Emmerich am Rhein.<\/p>","protected":false},"author":1,"featured_media":0,"parent":0,"menu_order":0,"comment_status":"closed","ping_status":"closed","template":"","meta":{"_acf_changed":false,"footnotes":""},"class_list":["post-8342","page","type-page","status-publish","hentry"],"acf":[],"_links":{"self":[{"href":"https:\/\/orthowerk-urban.de\/hu\/wp-json\/wp\/v2\/pages\/8342","targetHints":{"allow":["GET"]}}],"collection":[{"href":"https:\/\/orthowerk-urban.de\/hu\/wp-json\/wp\/v2\/pages"}],"about":[{"href":"https:\/\/orthowerk-urban.de\/hu\/wp-json\/wp\/v2\/types\/page"}],"author":[{"embeddable":true,"href":"https:\/\/orthowerk-urban.de\/hu\/wp-json\/wp\/v2\/users\/1"}],"replies":[{"embeddable":true,"href":"https:\/\/orthowerk-urban.de\/hu\/wp-json\/wp\/v2\/comments?post=8342"}],"version-history":[{"count":11,"href":"https:\/\/orthowerk-urban.de\/hu\/wp-json\/wp\/v2\/pages\/8342\/revisions"}],"predecessor-version":[{"id":9219,"href":"https:\/\/orthowerk-urban.de\/hu\/wp-json\/wp\/v2\/pages\/8342\/revisions\/9219"}],"wp:attachment":[{"href":"https:\/\/orthowerk-urban.de\/hu\/wp-json\/wp\/v2\/media?parent=8342"}],"curies":[{"name":"wp","href":"https:\/\/api.w.org\/{rel}","templated":true}]}}