{"id":8466,"date":"2024-04-18T10:01:45","date_gmt":"2024-04-18T08:01:45","guid":{"rendered":"https:\/\/orthowerk-urban.de\/?page_id=8466"},"modified":"2026-04-17T13:34:51","modified_gmt":"2026-04-17T11:34:51","slug":"produkte","status":"publish","type":"page","link":"https:\/\/orthowerk-urban.de\/hu\/produkte\/","title":{"rendered":"Term\u00e9kek"},"content":{"rendered":"<div data-elementor-type=\"wp-page\" data-elementor-id=\"8466\" class=\"elementor elementor-8466\">\n\t\t\t\t\t\t<section class=\"elementor-section elementor-top-section elementor-element elementor-element-186747c elementor-section-boxed elementor-section-height-default elementor-section-height-default\" data-id=\"186747c\" data-element_type=\"section\" data-e-type=\"section\">\n\t\t\t\t\t\t<div class=\"elementor-container elementor-column-gap-default\">\n\t\t\t\t\t<div class=\"elementor-column elementor-col-33 elementor-top-column elementor-element elementor-element-f05b3cf\" data-id=\"f05b3cf\" data-element_type=\"column\" data-e-type=\"column\">\n\t\t\t<div class=\"elementor-widget-wrap elementor-element-populated\">\n\t\t\t\t\t\t<div class=\"elementor-element elementor-element-653a500 elementor-widget elementor-widget-heading\" data-id=\"653a500\" data-element_type=\"widget\" data-e-type=\"widget\" data-widget_type=\"heading.default\">\n\t\t\t\t<div class=\"elementor-widget-container\">\n\t\t\t\t\t<h2 class=\"elementor-heading-title elementor-size-default\"><a href=\"http:\/\/www.varomed.de\/de\/\">VAROMED<\/a><\/h2>\t\t\t\t<\/div>\n\t\t\t\t<\/div>\n\t\t\t\t<div class=\"elementor-element elementor-element-e2738f4 elementor-widget elementor-widget-image\" data-id=\"e2738f4\" data-element_type=\"widget\" data-e-type=\"widget\" data-widget_type=\"image.default\">\n\t\t\t\t<div class=\"elementor-widget-container\">\n\t\t\t\t\t\t\t\t\t\t\t\t\t\t\t\t<a href=\"http:\/\/www.varomed.de\/de\/\">\n\t\t\t\t\t\t\t<img fetchpriority=\"high\" decoding=\"async\" width=\"768\" height=\"512\" src=\"https:\/\/orthowerk-urban.de\/wp-content\/uploads\/2026\/03\/varomed-768x512.jpg\" class=\"attachment-medium_large size-medium_large wp-image-9321\" alt=\"Varomed\" srcset=\"https:\/\/orthowerk-urban.de\/wp-content\/uploads\/2026\/03\/varomed-768x512.jpg 768w, https:\/\/orthowerk-urban.de\/wp-content\/uploads\/2026\/03\/varomed-300x200.jpg 300w, https:\/\/orthowerk-urban.de\/wp-content\/uploads\/2026\/03\/varomed-1024x683.jpg 1024w, https:\/\/orthowerk-urban.de\/wp-content\/uploads\/2026\/03\/varomed-1536x1024.jpg 1536w, https:\/\/orthowerk-urban.de\/wp-content\/uploads\/2026\/03\/varomed-2048x1365.jpg 2048w, https:\/\/orthowerk-urban.de\/wp-content\/uploads\/2026\/03\/varomed-18x12.jpg 18w, https:\/\/orthowerk-urban.de\/wp-content\/uploads\/2026\/03\/varomed-360x240.jpg 360w, https:\/\/orthowerk-urban.de\/wp-content\/uploads\/2026\/03\/varomed-850x567.jpg 850w\" sizes=\"(max-width: 768px) 100vw, 768px\" \/>\t\t\t\t\t\t\t\t<\/a>\n\t\t\t\t\t\t\t\t\t\t\t\t\t\t\t<\/div>\n\t\t\t\t<\/div>\n\t\t\t\t\t<\/div>\n\t\t<\/div>\n\t\t\t\t<div class=\"elementor-column elementor-col-33 elementor-top-column elementor-element elementor-element-ee5fd76\" data-id=\"ee5fd76\" data-element_type=\"column\" data-e-type=\"column\">\n\t\t\t<div class=\"elementor-widget-wrap elementor-element-populated\">\n\t\t\t\t\t\t<div class=\"elementor-element elementor-element-1b142da elementor-widget elementor-widget-heading\" data-id=\"1b142da\" data-element_type=\"widget\" data-e-type=\"widget\" data-widget_type=\"heading.default\">\n\t\t\t\t<div class=\"elementor-widget-container\">\n\t\t\t\t\t<h2 class=\"elementor-heading-title elementor-size-default\"><a href=\"https:\/\/www.brooksrunning.com\/\">Brooks Sportcip\u0151k<\/a><\/h2>\t\t\t\t<\/div>\n\t\t\t\t<\/div>\n\t\t\t\t<div class=\"elementor-element elementor-element-c2b2180 elementor-widget elementor-widget-image\" data-id=\"c2b2180\" data-element_type=\"widget\" data-e-type=\"widget\" data-widget_type=\"image.default\">\n\t\t\t\t<div class=\"elementor-widget-container\">\n\t\t\t\t\t\t\t\t\t\t\t\t\t\t\t\t<a href=\"https:\/\/www.brooksrunning.com\/\">\n\t\t\t\t\t\t\t<img decoding=\"async\" width=\"675\" height=\"450\" src=\"https:\/\/orthowerk-urban.de\/wp-content\/uploads\/2024\/04\/brooks_sportschuh.png\" class=\"attachment-medium_large size-medium_large wp-image-8882\" alt=\"Brooks Sportcip\u0151k\" srcset=\"https:\/\/orthowerk-urban.de\/wp-content\/uploads\/2024\/04\/brooks_sportschuh.png 675w, https:\/\/orthowerk-urban.de\/wp-content\/uploads\/2024\/04\/brooks_sportschuh-300x200.png 300w, https:\/\/orthowerk-urban.de\/wp-content\/uploads\/2024\/04\/brooks_sportschuh-18x12.png 18w, https:\/\/orthowerk-urban.de\/wp-content\/uploads\/2024\/04\/brooks_sportschuh-360x240.png 360w\" sizes=\"(max-width: 675px) 100vw, 675px\" \/>\t\t\t\t\t\t\t\t<\/a>\n\t\t\t\t\t\t\t\t\t\t\t\t\t\t\t<\/div>\n\t\t\t\t<\/div>\n\t\t\t\t\t<\/div>\n\t\t<\/div>\n\t\t\t\t<div class=\"elementor-column elementor-col-33 elementor-top-column elementor-element elementor-element-2acca7e\" data-id=\"2acca7e\" data-element_type=\"column\" data-e-type=\"column\">\n\t\t\t<div class=\"elementor-widget-wrap elementor-element-populated\">\n\t\t\t\t\t\t<div class=\"elementor-element elementor-element-210288b elementor-widget elementor-widget-heading\" data-id=\"210288b\" data-element_type=\"widget\" data-e-type=\"widget\" data-widget_type=\"heading.default\">\n\t\t\t\t<div class=\"elementor-widget-container\">\n\t\t\t\t\t<h2 class=\"elementor-heading-title elementor-size-default\"><a href=\"https:\/\/www.bort.com\/de\/\">Bort k\u00f6tszerek<\/a><\/h2>\t\t\t\t<\/div>\n\t\t\t\t<\/div>\n\t\t\t\t<div class=\"elementor-element elementor-element-23eb07c elementor-widget elementor-widget-image\" data-id=\"23eb07c\" data-element_type=\"widget\" data-e-type=\"widget\" data-widget_type=\"image.default\">\n\t\t\t\t<div class=\"elementor-widget-container\">\n\t\t\t\t\t\t\t\t\t\t\t\t\t\t\t\t<a href=\"https:\/\/www.bort.com\/de\/\">\n\t\t\t\t\t\t\t<img decoding=\"async\" width=\"675\" height=\"450\" src=\"https:\/\/orthowerk-urban.de\/wp-content\/uploads\/2024\/04\/brooksrunning_sport.png\" class=\"attachment-medium_large size-medium_large wp-image-8861\" alt=\"Brooks Running Sport\" srcset=\"https:\/\/orthowerk-urban.de\/wp-content\/uploads\/2024\/04\/brooksrunning_sport.png 675w, https:\/\/orthowerk-urban.de\/wp-content\/uploads\/2024\/04\/brooksrunning_sport-300x200.png 300w, https:\/\/orthowerk-urban.de\/wp-content\/uploads\/2024\/04\/brooksrunning_sport-18x12.png 18w, https:\/\/orthowerk-urban.de\/wp-content\/uploads\/2024\/04\/brooksrunning_sport-360x240.png 360w\" sizes=\"(max-width: 675px) 100vw, 675px\" \/>\t\t\t\t\t\t\t\t<\/a>\n\t\t\t\t\t\t\t\t\t\t\t\t\t\t\t<\/div>\n\t\t\t\t<\/div>\n\t\t\t\t\t<\/div>\n\t\t<\/div>\n\t\t\t\t\t<\/div>\n\t\t<\/section>\n\t\t\t\t<section class=\"elementor-section elementor-top-section elementor-element elementor-element-ee6e4ae elementor-section-boxed elementor-section-height-default elementor-section-height-default\" data-id=\"ee6e4ae\" data-element_type=\"section\" data-e-type=\"section\">\n\t\t\t\t\t\t<div class=\"elementor-container elementor-column-gap-default\">\n\t\t\t\t\t<div class=\"elementor-column elementor-col-33 elementor-top-column elementor-element elementor-element-3b2cb0f\" data-id=\"3b2cb0f\" data-element_type=\"column\" data-e-type=\"column\">\n\t\t\t<div class=\"elementor-widget-wrap elementor-element-populated\">\n\t\t\t\t\t\t<div class=\"elementor-element elementor-element-81d9e4a elementor-widget elementor-widget-heading\" data-id=\"81d9e4a\" data-element_type=\"widget\" data-e-type=\"widget\" data-widget_type=\"heading.default\">\n\t\t\t\t<div class=\"elementor-widget-container\">\n\t\t\t\t\t<h2 class=\"elementor-heading-title elementor-size-default\"><a href=\"https:\/\/www.bort.com\/de\/produktdetail.html?product=930400R\/930400L\">Band\u00e1zs cip\u0151<\/a><\/h2>\t\t\t\t<\/div>\n\t\t\t\t<\/div>\n\t\t\t\t<div class=\"elementor-element elementor-element-897dbc6 elementor-widget elementor-widget-image\" data-id=\"897dbc6\" data-element_type=\"widget\" data-e-type=\"widget\" data-widget_type=\"image.default\">\n\t\t\t\t<div class=\"elementor-widget-container\">\n\t\t\t\t\t\t\t\t\t\t\t\t\t\t\t\t<a href=\"https:\/\/www.bort.com\/de\/produktdetail.html?product=930400R\/930400L\">\n\t\t\t\t\t\t\t<img loading=\"lazy\" decoding=\"async\" width=\"675\" height=\"450\" src=\"https:\/\/orthowerk-urban.de\/wp-content\/uploads\/2024\/04\/verbandschuhe.png\" class=\"attachment-medium_large size-medium_large wp-image-8878\" alt=\"Band\u00e1zs cip\u0151\" srcset=\"https:\/\/orthowerk-urban.de\/wp-content\/uploads\/2024\/04\/verbandschuhe.png 675w, https:\/\/orthowerk-urban.de\/wp-content\/uploads\/2024\/04\/verbandschuhe-300x200.png 300w, https:\/\/orthowerk-urban.de\/wp-content\/uploads\/2024\/04\/verbandschuhe-18x12.png 18w, https:\/\/orthowerk-urban.de\/wp-content\/uploads\/2024\/04\/verbandschuhe-360x240.png 360w\" sizes=\"(max-width: 675px) 100vw, 675px\" \/>\t\t\t\t\t\t\t\t<\/a>\n\t\t\t\t\t\t\t\t\t\t\t\t\t\t\t<\/div>\n\t\t\t\t<\/div>\n\t\t\t\t\t<\/div>\n\t\t<\/div>\n\t\t\t\t<div class=\"elementor-column elementor-col-33 elementor-top-column elementor-element elementor-element-e11405d\" data-id=\"e11405d\" data-element_type=\"column\" data-e-type=\"column\">\n\t\t\t<div class=\"elementor-widget-wrap elementor-element-populated\">\n\t\t\t\t\t\t<div class=\"elementor-element elementor-element-f73a0f3 elementor-widget elementor-widget-heading\" data-id=\"f73a0f3\" data-element_type=\"widget\" data-e-type=\"widget\" data-widget_type=\"heading.default\">\n\t\t\t\t<div class=\"elementor-widget-container\">\n\t\t\t\t\t<h2 class=\"elementor-heading-title elementor-size-default\"><a href=\"https:\/\/www.falke.com\/de_de\/ts\/sports-socks\/?p=1&amp;sort=bestseller&amp;gad_source=1&amp;gclid=Cj0KCQjwir2xBhC_ARIsAMTXk84pBfg4yEdmPvO5B41zycHh-3p4saTEC4Ljg4bHVbPKr6fr2lRsaNYaAjPYEALw_wcB\">Falke sportzokni<\/a><\/h2>\t\t\t\t<\/div>\n\t\t\t\t<\/div>\n\t\t\t\t<div class=\"elementor-element elementor-element-12cbea0 elementor-widget elementor-widget-image\" data-id=\"12cbea0\" data-element_type=\"widget\" data-e-type=\"widget\" data-widget_type=\"image.default\">\n\t\t\t\t<div class=\"elementor-widget-container\">\n\t\t\t\t\t\t\t\t\t\t\t\t\t\t\t\t<a href=\"https:\/\/www.falke.com\/de_de\/ts\/sports-socks\/?p=1&amp;sort=bestseller&amp;gad_source=1&amp;gclid=Cj0KCQjwir2xBhC_ARIsAMTXk84pBfg4yEdmPvO5B41zycHh-3p4saTEC4Ljg4bHVbPKr6fr2lRsaNYaAjPYEALw_wcB\">\n\t\t\t\t\t\t\t<img loading=\"lazy\" decoding=\"async\" width=\"675\" height=\"450\" src=\"https:\/\/orthowerk-urban.de\/wp-content\/uploads\/2024\/04\/falke_sportsocken.png\" class=\"attachment-medium_large size-medium_large wp-image-8874\" alt=\"Falke sportzokni\" srcset=\"https:\/\/orthowerk-urban.de\/wp-content\/uploads\/2024\/04\/falke_sportsocken.png 675w, https:\/\/orthowerk-urban.de\/wp-content\/uploads\/2024\/04\/falke_sportsocken-300x200.png 300w, https:\/\/orthowerk-urban.de\/wp-content\/uploads\/2024\/04\/falke_sportsocken-18x12.png 18w, https:\/\/orthowerk-urban.de\/wp-content\/uploads\/2024\/04\/falke_sportsocken-360x240.png 360w\" sizes=\"(max-width: 675px) 100vw, 675px\" \/>\t\t\t\t\t\t\t\t<\/a>\n\t\t\t\t\t\t\t\t\t\t\t\t\t\t\t<\/div>\n\t\t\t\t<\/div>\n\t\t\t\t\t<\/div>\n\t\t<\/div>\n\t\t\t\t<div class=\"elementor-column elementor-col-33 elementor-top-column elementor-element elementor-element-6615f10\" data-id=\"6615f10\" data-element_type=\"column\" data-e-type=\"column\">\n\t\t\t<div class=\"elementor-widget-wrap elementor-element-populated\">\n\t\t\t\t\t\t<div class=\"elementor-element elementor-element-4b3d0c7 elementor-widget elementor-widget-heading\" data-id=\"4b3d0c7\" data-element_type=\"widget\" data-e-type=\"widget\" data-widget_type=\"heading.default\">\n\t\t\t\t<div class=\"elementor-widget-container\">\n\t\t\t\t\t<h2 class=\"elementor-heading-title elementor-size-default\"><a href=\"https:\/\/www.bauerfeind-sports.de\/\">Cip\u0151\u00e1pol\u00e1s \u00e9s kieg\u00e9sz\u00edt\u0151k<\/a><\/h2>\t\t\t\t<\/div>\n\t\t\t\t<\/div>\n\t\t\t\t<div class=\"elementor-element elementor-element-26cd3e1 elementor-widget elementor-widget-image\" data-id=\"26cd3e1\" data-element_type=\"widget\" data-e-type=\"widget\" data-widget_type=\"image.default\">\n\t\t\t\t<div class=\"elementor-widget-container\">\n\t\t\t\t\t\t\t\t\t\t\t\t\t\t\t<img loading=\"lazy\" decoding=\"async\" width=\"768\" height=\"512\" src=\"https:\/\/orthowerk-urban.de\/wp-content\/uploads\/2024\/04\/orthowerk_zubehoer-768x512.jpg\" class=\"attachment-medium_large size-medium_large wp-image-8635\" alt=\"Cip\u0151\u00e1pol\u00e1s \u00e9s kieg\u00e9sz\u00edt\u0151k\" srcset=\"\" sizes=\"(max-width: 768px) 100vw, 768px\" data-srcset=\"\" \/>\t\t\t\t\t\t\t\t\t\t\t\t\t\t\t<\/div>\n\t\t\t\t<\/div>\n\t\t\t\t\t<\/div>\n\t\t<\/div>\n\t\t\t\t\t<\/div>\n\t\t<\/section>\n\t\t\t\t<section class=\"elementor-section elementor-top-section elementor-element elementor-element-012ef2e elementor-section-boxed elementor-section-height-default elementor-section-height-default\" data-id=\"012ef2e\" data-element_type=\"section\" data-e-type=\"section\">\n\t\t\t\t\t\t<div class=\"elementor-container elementor-column-gap-default\">\n\t\t\t\t\t<div class=\"elementor-column elementor-col-100 elementor-top-column elementor-element elementor-element-e5594d3\" data-id=\"e5594d3\" data-element_type=\"column\" data-e-type=\"column\">\n\t\t\t<div class=\"elementor-widget-wrap elementor-element-populated\">\n\t\t\t\t\t\t<div class=\"elementor-element elementor-element-f4b15ab elementor-widget-divider--view-line elementor-widget elementor-widget-divider\" data-id=\"f4b15ab\" data-element_type=\"widget\" data-e-type=\"widget\" data-widget_type=\"divider.default\">\n\t\t\t\t<div class=\"elementor-widget-container\">\n\t\t\t\t\t\t\t<div class=\"elementor-divider\">\n\t\t\t<span class=\"elementor-divider-separator\">\n\t\t\t\t\t\t<\/span>\n\t\t<\/div>\n\t\t\t\t\t\t<\/div>\n\t\t\t\t<\/div>\n\t\t\t\t\t<\/div>\n\t\t<\/div>\n\t\t\t\t\t<\/div>\n\t\t<\/section>\n\t\t\t\t<section class=\"elementor-section elementor-top-section elementor-element elementor-element-128cb29 elementor-section-boxed elementor-section-height-default elementor-section-height-default\" data-id=\"128cb29\" data-element_type=\"section\" data-e-type=\"section\">\n\t\t\t\t\t\t<div class=\"elementor-container elementor-column-gap-default\">\n\t\t\t\t\t<div class=\"elementor-column elementor-col-100 elementor-top-column elementor-element elementor-element-3cc0baa\" data-id=\"3cc0baa\" data-element_type=\"column\" data-e-type=\"column\">\n\t\t\t<div class=\"elementor-widget-wrap elementor-element-populated\">\n\t\t\t\t\t\t<div class=\"elementor-element elementor-element-438825d elementor-widget elementor-widget-heading\" data-id=\"438825d\" data-element_type=\"widget\" data-e-type=\"widget\" data-widget_type=\"heading.default\">\n\t\t\t\t<div class=\"elementor-widget-container\">\n\t\t\t\t\t<h2 class=\"elementor-heading-title elementor-size-default\">Mutass\u00e1tok meg a l\u00e1batokat \u2013 eg\u00e9sz \u00e9let\u00fcnk\u00f6n \u00e1t hordoznak minket.<\/h2>\t\t\t\t<\/div>\n\t\t\t\t<\/div>\n\t\t\t\t\t<\/div>\n\t\t<\/div>\n\t\t\t\t\t<\/div>\n\t\t<\/section>\n\t\t\t\t<section class=\"elementor-section elementor-top-section elementor-element elementor-element-88e0760 elementor-section-boxed elementor-section-height-default elementor-section-height-default\" data-id=\"88e0760\" data-element_type=\"section\" data-e-type=\"section\">\n\t\t\t\t\t\t<div class=\"elementor-container elementor-column-gap-default\">\n\t\t\t\t\t<div class=\"elementor-column elementor-col-100 elementor-top-column elementor-element elementor-element-0b5436c\" data-id=\"0b5436c\" data-element_type=\"column\" data-e-type=\"column\">\n\t\t\t<div class=\"elementor-widget-wrap elementor-element-populated\">\n\t\t\t\t\t\t<div class=\"elementor-element elementor-element-8760974 elementor-widget elementor-widget-text-editor\" data-id=\"8760974\" data-element_type=\"widget\" data-e-type=\"widget\" data-widget_type=\"text-editor.default\">\n\t\t\t\t<div class=\"elementor-widget-container\">\n\t\t\t\t\t\t\t\t\t<p style=\"font-weight: 400;\">L\u00e1baink a term\u00e9szet igazi mesterm\u0171vei. Test\u00fcnk teljes statik\u00e1j\u00e1nak alapj\u00e1t k\u00e9pezik, \u00e9s \u00e9let\u00fcnk minden l\u00e9p\u00e9s\u00e9n\u00e9l elk\u00eds\u00e9rnek benn\u00fcnket. Az emberi l\u00e1b 26 csontb\u00f3l, t\u00f6bb mint 33 \u00edz\u00fcletb\u0151l, valamint szalagok, inak \u00e9s izmok \u00f6sszetett egy\u00fcttm\u0171k\u00f6d\u00e9s\u00e9b\u0151l \u00e1ll. Ez a finoman \u00f6sszehangolt rendszer egyszerre biztos\u00edt stabilit\u00e1st, mozg\u00e9konys\u00e1got \u00e9s egyens\u00falyt.<\/p><p style=\"font-weight: 400;\">L\u00e1baink nap mint nap hatalmas munk\u00e1t v\u00e9geznek, gyakran \u00e9szrev\u00e9tlen\u00fcl \u00e9s mag\u00e1t\u00f3l \u00e9rtet\u0151d\u0151en. Egy \u00e9let sor\u00e1n vel\u00fck akkora t\u00e1vols\u00e1got tesz\u00fcnk meg, amely k\u00f6r\u00fclbel\u00fcl h\u00e1rom f\u00f6ldker\u00fcl\u00e9snek felel meg. \u00c9ppen ez\u00e9rt k\u00fcl\u00f6n\u00f6sen fontos, hogy m\u0171k\u00f6d\u00e9s\u00fcket \u00e9s eg\u00e9szs\u00e9g\u00fcket id\u0151ben t\u00e1mogassuk, \u00e9s hossz\u00fa t\u00e1von meg\u0151rizz\u00fck.<\/p><p style=\"font-weight: 400;\">Ortop\u00e9d cip\u00e9szk\u00e9nt Emmerich am Rheinben a hangs\u00falyt az egy\u00e9ni ell\u00e1t\u00e1sra \u00e9s a l\u00e1b eg\u00e9szs\u00e9g\u00e9nek tart\u00f3s jav\u00edt\u00e1s\u00e1ra helyezem. A l\u00e1bpanaszok gyakran fokozatosan alakulnak ki, \u00e9s hossz\u00fa ideig \u00e9szrev\u00e9tlenek maradnak. Okaik sokszor a nem megfelel\u0151 l\u00e1bbeli, a mindennapi egyoldal\u00fa terhel\u00e9s, az izomegyens\u00faly-zavarok vagy a teljes mozg\u00e1sszervrendszer rendellenes helyzetei.<\/p><p style=\"font-weight: 400;\">A l\u00e1b soha nem \u00f6nmag\u00e1ban \u00e1ll, hanem mindig egy \u00f6sszetett teststatika r\u00e9sze. A l\u00e1b helyzet\u00e9nek v\u00e1ltoz\u00e1sai hat\u00e1ssal lehetnek a t\u00e9rdre, a cs\u00edp\u0151re, a medenc\u00e9re \u00e9s ak\u00e1r a gerincre is. Pontosan itt kezd\u0151dik az ortop\u00e9d cip\u0151technikai ell\u00e1t\u00e1s.<\/p><p style=\"font-weight: 400;\">M\u0171helyemben a hagyom\u00e1nyos k\u00e9zm\u0171vess\u00e9get modern elemz\u00e9ssel \u00e9s egy\u00e9ni tan\u00e1csad\u00e1ssal \u00f6tv\u00f6z\u00f6m. A c\u00e9l nem csup\u00e1n a t\u00fcnetek kezel\u00e9se, hanem a panaszok okainak jobb meg\u00e9rt\u00e9se \u00e9s c\u00e9lzott t\u00e1mogat\u00e1sa is.<\/p><p style=\"font-weight: 400;\">Szolg\u00e1ltat\u00e1saim k\u00f6z\u00e9 tartoznak t\u00f6bbek k\u00f6z\u00f6tt:<\/p><ul style=\"font-weight: 400;\"><li>egy\u00e9ni, m\u00e9retre k\u00e9sz\u00edtett talpbet\u00e9t ell\u00e1t\u00e1s<\/li><li>ortop\u00e9d cip\u0151\u00e1talak\u00edt\u00e1sok konfekci\u00f3cip\u0151k funkcion\u00e1lis igaz\u00edt\u00e1s\u00e1hoz<\/li><li>R\u00f6gz\u00edt\u0151k \u00e9s ortop\u00e9diai seg\u00e9deszk\u00f6z\u00f6k a stabiliz\u00e1l\u00e1shoz<\/li><li>J\u00e1r\u00e1s- \u00e9s fut\u00e1selemz\u00e9sek a mozg\u00e1smint\u00e1zat felm\u00e9r\u00e9s\u00e9hez<\/li><li>Talpnyom\u00e1sm\u00e9r\u00e9sek c\u00e9lzott terhel\u00e9selemz\u00e9shez<\/li><li>Megl\u00e9v\u0151 l\u00e1bbeli igaz\u00edt\u00e1sa \u00e9s optimaliz\u00e1l\u00e1sa<\/li><\/ul><p style=\"font-weight: 400;\">Minden ember \u00e9s minden l\u00e1b egyedi. Ez\u00e9rt munk\u00e1m k\u00f6z\u00e9ppontj\u00e1ban a r\u00e9szletes szem\u00e9lyes tan\u00e1csad\u00e1s \u00e1ll. Egy\u00fctt olyan megold\u00e1sokat tal\u00e1lunk, amelyek funkcion\u00e1lisan hat\u00e9konyak, a mindennapokban j\u00f3l haszn\u00e1lhat\u00f3k \u00e9s k\u00e9nyelmesek.<\/p><p style=\"font-weight: 400;\">A c\u00e9l a l\u00e1b term\u00e9szetes m\u0171k\u00f6d\u00e9s\u00e9nek lehet\u0151 legjobb t\u00e1mogat\u00e1sa, a f\u00e1jdalom cs\u00f6kkent\u00e9se \u00e9s a mozg\u00e9konys\u00e1g tart\u00f3s jav\u00edt\u00e1sa. A mindennapi \u00e9let, a munka \u00e9s a sport jobb \u00e9letmin\u0151s\u00e9g\u00e9\u00e9rt.<\/p>\t\t\t\t\t\t\t\t<\/div>\n\t\t\t\t<\/div>\n\t\t\t\t\t<\/div>\n\t\t<\/div>\n\t\t\t\t\t<\/div>\n\t\t<\/section>\n\t\t\t\t<\/div>","protected":false},"excerpt":{"rendered":"<p>Entdecken Sie hochwertige Kinderschuhe, Sportschuhe, Bandagen &#038; mehr bei Ortho.Werk Urb\u00e1n in Emmerich am Rhein.<\/p>","protected":false},"author":1,"featured_media":0,"parent":0,"menu_order":0,"comment_status":"closed","ping_status":"closed","template":"","meta":{"_acf_changed":false,"footnotes":""},"class_list":["post-8466","page","type-page","status-publish","hentry"],"acf":[],"_links":{"self":[{"href":"https:\/\/orthowerk-urban.de\/hu\/wp-json\/wp\/v2\/pages\/8466","targetHints":{"allow":["GET"]}}],"collection":[{"href":"https:\/\/orthowerk-urban.de\/hu\/wp-json\/wp\/v2\/pages"}],"about":[{"href":"https:\/\/orthowerk-urban.de\/hu\/wp-json\/wp\/v2\/types\/page"}],"author":[{"embeddable":true,"href":"https:\/\/orthowerk-urban.de\/hu\/wp-json\/wp\/v2\/users\/1"}],"replies":[{"embeddable":true,"href":"https:\/\/orthowerk-urban.de\/hu\/wp-json\/wp\/v2\/comments?post=8466"}],"version-history":[{"count":62,"href":"https:\/\/orthowerk-urban.de\/hu\/wp-json\/wp\/v2\/pages\/8466\/revisions"}],"predecessor-version":[{"id":9361,"href":"https:\/\/orthowerk-urban.de\/hu\/wp-json\/wp\/v2\/pages\/8466\/revisions\/9361"}],"wp:attachment":[{"href":"https:\/\/orthowerk-urban.de\/hu\/wp-json\/wp\/v2\/media?parent=8466"}],"curies":[{"name":"wp","href":"https:\/\/api.w.org\/{rel}","templated":true}]}}