{"id":8661,"date":"2024-04-24T13:09:41","date_gmt":"2024-04-24T11:09:41","guid":{"rendered":"https:\/\/orthowerk-urban.de\/?page_id=8661"},"modified":"2025-01-31T14:58:00","modified_gmt":"2025-01-31T13:58:00","slug":"einlagen-nach-mass","status":"publish","type":"page","link":"https:\/\/orthowerk-urban.de\/hu\/services\/einlagen-nach-mass\/","title":{"rendered":"Szem\u00e9lyre szabott talpbet\u00e9tek"},"content":{"rendered":"<div data-elementor-type=\"wp-page\" data-elementor-id=\"8661\" class=\"elementor elementor-8661\">\n\t\t\t\t\t\t<section class=\"elementor-section elementor-top-section elementor-element elementor-element-9e0d5d2 elementor-section-boxed elementor-section-height-default elementor-section-height-default\" data-id=\"9e0d5d2\" data-element_type=\"section\" data-e-type=\"section\">\n\t\t\t\t\t\t<div class=\"elementor-container elementor-column-gap-extended\">\n\t\t\t\t\t<div class=\"elementor-column elementor-col-33 elementor-top-column elementor-element elementor-element-8ddd175\" data-id=\"8ddd175\" data-element_type=\"column\" data-e-type=\"column\">\n\t\t\t<div class=\"elementor-widget-wrap elementor-element-populated\">\n\t\t\t\t\t\t<div class=\"elementor-element elementor-element-94daea9 elementor-widget elementor-widget-image-gallery\" data-id=\"94daea9\" data-element_type=\"widget\" data-e-type=\"widget\" data-widget_type=\"image-gallery.default\">\n\t\t\t\t<div class=\"elementor-widget-container\">\n\t\t\t\t\t\t\t<div class=\"elementor-image-gallery\">\n\t\t\t<div id='gallery-1' class='gallery galleryid-8661 gallery-columns-1 gallery-size-full'><figure class='gallery-item'>\n\t\t\t<div class='gallery-icon portrait'>\n\t\t\t\t<a data-elementor-open-lightbox=\"yes\" data-elementor-lightbox-slideshow=\"94daea9\" data-elementor-lightbox-title=\"Einlagen nach Ma\u00df\" data-e-action-hash=\"#elementor-action%3Aaction%3Dlightbox%26settings%3DeyJpZCI6OTA5MywidXJsIjoiaHR0cHM6XC9cL29ydGhvd2Vyay11cmJhbi5kZVwvd3AtY29udGVudFwvdXBsb2Fkc1wvMjAyNVwvMDFcL29ydGhvd2Vya19laW5sYWdlbi5qcGciLCJzbGlkZXNob3ciOiI5NGRhZWE5In0%3D\" href='https:\/\/orthowerk-urban.de\/wp-content\/uploads\/2025\/01\/orthowerk_einlagen.jpg'><img fetchpriority=\"high\" decoding=\"async\" width=\"1500\" height=\"2250\" src=\"https:\/\/orthowerk-urban.de\/wp-content\/uploads\/2025\/01\/orthowerk_einlagen.jpg\" class=\"attachment-full size-full\" alt=\"Szem\u00e9lyre szabott talpbet\u00e9tek\" aria-describedby=\"gallery-1-9093\" srcset=\"https:\/\/orthowerk-urban.de\/wp-content\/uploads\/2025\/01\/orthowerk_einlagen.jpg 1500w, https:\/\/orthowerk-urban.de\/wp-content\/uploads\/2025\/01\/orthowerk_einlagen-200x300.jpg 200w, https:\/\/orthowerk-urban.de\/wp-content\/uploads\/2025\/01\/orthowerk_einlagen-683x1024.jpg 683w, https:\/\/orthowerk-urban.de\/wp-content\/uploads\/2025\/01\/orthowerk_einlagen-768x1152.jpg 768w, https:\/\/orthowerk-urban.de\/wp-content\/uploads\/2025\/01\/orthowerk_einlagen-1024x1536.jpg 1024w, https:\/\/orthowerk-urban.de\/wp-content\/uploads\/2025\/01\/orthowerk_einlagen-1365x2048.jpg 1365w, https:\/\/orthowerk-urban.de\/wp-content\/uploads\/2025\/01\/orthowerk_einlagen-8x12.jpg 8w\" sizes=\"(max-width: 1500px) 100vw, 1500px\" \/><\/a>\n\t\t\t<\/div>\n\t\t\t\t<figcaption class='wp-caption-text gallery-caption' id='gallery-1-9093'>\n\t\t\t\tSzem\u00e9lyre szabott talpbet\u00e9tek\n\t\t\t\t<\/figcaption><\/figure>\n\t\t<\/div>\n\t\t<\/div>\n\t\t\t\t\t\t<\/div>\n\t\t\t\t<\/div>\n\t\t\t\t\t<\/div>\n\t\t<\/div>\n\t\t\t\t<div class=\"elementor-column elementor-col-66 elementor-top-column elementor-element elementor-element-610998e\" data-id=\"610998e\" data-element_type=\"column\" data-e-type=\"column\">\n\t\t\t<div class=\"elementor-widget-wrap elementor-element-populated\">\n\t\t\t\t\t\t<div class=\"elementor-element elementor-element-a45fbc9 elementor-widget elementor-widget-text-editor\" data-id=\"a45fbc9\" data-element_type=\"widget\" data-e-type=\"widget\" data-widget_type=\"text-editor.default\">\n\t\t\t\t<div class=\"elementor-widget-container\">\n\t\t\t\t\t\t\t\t\t<p class=\"p1\">Az egyes l\u00e1baknak egy\u00e9ni ig\u00e9nyeik vannak, \u00e9s egy\u00e9ni gondoz\u00e1st ig\u00e9nyelnek. Az Ortho.werk a megfelel\u0151 hely az \u00d6n sz\u00e1m\u00e1ra.<\/p><p class=\"p1\">K\u00e9zzel k\u00e9sz\u00edtek talpbet\u00e9teket l\u00e1bprobl\u00e9m\u00e1k kezel\u00e9s\u00e9re vagy megel\u0151z\u00e9s\u00e9re.<\/p><p class=\"p1\">A talpbet\u00e9tek seg\u00edtenek enyh\u00edteni a f\u00e1jdalmat, korrig\u00e1lj\u00e1k a l\u00e1bfej helytelen elhelyezked\u00e9s\u00e9t \u00e9s elosztj\u00e1k a terhel\u00e9st a l\u00e1b bizonyos ter\u00fcletein.<b>.<\/b><\/p><p class=\"p1\">A laza testtart\u00e1s f\u00e1jdalomhoz vezet, amely \u00e9rintheti a t\u00e9rdet, a cs\u00edp\u0151t, a h\u00e1tat \u00e9s m\u00e9g a fejet is.<\/p><p class=\"p1\">Talpbet\u00e9teket k\u00e9sz\u00edtek mindennapi cip\u0151kh\u00f6z, sport- vagy t\u00faracip\u0151kh\u00f6z, de eleg\u00e1ns cip\u0151kh\u00f6z is.\u00a0<\/p><p class=\"p1\">Term\u00e9szetesen diabetikus vagy szenzomotoros talpbet\u00e9teket is beszerezhet. Ezek a talpbet\u00e9tek ig\u00e9ny szerint haszn\u00e1lhat\u00f3k t\u00e1maszt\u00f3, korrekci\u00f3s vagy \u00e1gybet\u00e9tes talpbet\u00e9tk\u00e9nt.<\/p>\t\t\t\t\t\t\t\t<\/div>\n\t\t\t\t<\/div>\n\t\t\t\t\t<\/div>\n\t\t<\/div>\n\t\t\t\t\t<\/div>\n\t\t<\/section>\n\t\t\t\t<section class=\"elementor-section elementor-top-section elementor-element elementor-element-b32b762 elementor-section-boxed elementor-section-height-default elementor-section-height-default\" data-id=\"b32b762\" data-element_type=\"section\" data-e-type=\"section\">\n\t\t\t\t\t\t<div class=\"elementor-container elementor-column-gap-default\">\n\t\t\t\t\t<div class=\"elementor-column elementor-col-100 elementor-top-column elementor-element elementor-element-f18db80\" data-id=\"f18db80\" data-element_type=\"column\" data-e-type=\"column\">\n\t\t\t<div class=\"elementor-widget-wrap elementor-element-populated\">\n\t\t\t\t\t\t<div class=\"elementor-element elementor-element-e084e3c elementor-widget elementor-widget-image-gallery\" data-id=\"e084e3c\" data-element_type=\"widget\" data-e-type=\"widget\" data-widget_type=\"image-gallery.default\">\n\t\t\t\t<div class=\"elementor-widget-container\">\n\t\t\t\t\t\t\t<div class=\"elementor-image-gallery\">\n\t\t\t<div id='gallery-2' class='gallery galleryid-8661 gallery-columns-3 gallery-size-full'><figure class='gallery-item'>\n\t\t\t<div class='gallery-icon portrait'>\n\t\t\t\t<a data-elementor-open-lightbox=\"yes\" data-elementor-lightbox-slideshow=\"e084e3c\" data-elementor-lightbox-title=\"Einlagen nach Ma\u00df\" data-e-action-hash=\"#elementor-action%3Aaction%3Dlightbox%26settings%3DeyJpZCI6OTA4OSwidXJsIjoiaHR0cHM6XC9cL29ydGhvd2Vyay11cmJhbi5kZVwvd3AtY29udGVudFwvdXBsb2Fkc1wvMjAyNVwvMDFcL2VpbmxhZ2VuXzAxLmpwZyIsInNsaWRlc2hvdyI6ImUwODRlM2MifQ%3D%3D\" href='https:\/\/orthowerk-urban.de\/wp-content\/uploads\/2025\/01\/einlagen_01.jpg'><img decoding=\"async\" width=\"1334\" height=\"2000\" src=\"https:\/\/orthowerk-urban.de\/wp-content\/uploads\/2025\/01\/einlagen_01.jpg\" class=\"attachment-full size-full\" alt=\"Szem\u00e9lyre szabott talpbet\u00e9tek\" aria-describedby=\"gallery-2-9089\" srcset=\"https:\/\/orthowerk-urban.de\/wp-content\/uploads\/2025\/01\/einlagen_01.jpg 1334w, https:\/\/orthowerk-urban.de\/wp-content\/uploads\/2025\/01\/einlagen_01-200x300.jpg 200w, https:\/\/orthowerk-urban.de\/wp-content\/uploads\/2025\/01\/einlagen_01-683x1024.jpg 683w, https:\/\/orthowerk-urban.de\/wp-content\/uploads\/2025\/01\/einlagen_01-768x1151.jpg 768w, https:\/\/orthowerk-urban.de\/wp-content\/uploads\/2025\/01\/einlagen_01-1025x1536.jpg 1025w, https:\/\/orthowerk-urban.de\/wp-content\/uploads\/2025\/01\/einlagen_01-8x12.jpg 8w\" sizes=\"(max-width: 1334px) 100vw, 1334px\" \/><\/a>\n\t\t\t<\/div>\n\t\t\t\t<figcaption class='wp-caption-text gallery-caption' id='gallery-2-9089'>\n\t\t\t\tSzem\u00e9lyre szabott talpbet\u00e9tek\n\t\t\t\t<\/figcaption><\/figure><figure class='gallery-item'>\n\t\t\t<div class='gallery-icon portrait'>\n\t\t\t\t<a data-elementor-open-lightbox=\"yes\" data-elementor-lightbox-slideshow=\"e084e3c\" data-elementor-lightbox-title=\"Einlagen nach Ma\u00df\" data-e-action-hash=\"#elementor-action%3Aaction%3Dlightbox%26settings%3DeyJpZCI6OTA5MCwidXJsIjoiaHR0cHM6XC9cL29ydGhvd2Vyay11cmJhbi5kZVwvd3AtY29udGVudFwvdXBsb2Fkc1wvMjAyNVwvMDFcL2VpbmxhZ2VuXzAyLmpwZyIsInNsaWRlc2hvdyI6ImUwODRlM2MifQ%3D%3D\" href='https:\/\/orthowerk-urban.de\/wp-content\/uploads\/2025\/01\/einlagen_02.jpg'><img decoding=\"async\" width=\"1500\" height=\"2250\" src=\"https:\/\/orthowerk-urban.de\/wp-content\/uploads\/2025\/01\/einlagen_02.jpg\" class=\"attachment-full size-full\" alt=\"Szem\u00e9lyre szabott talpbet\u00e9tek\" aria-describedby=\"gallery-2-9090\" srcset=\"https:\/\/orthowerk-urban.de\/wp-content\/uploads\/2025\/01\/einlagen_02.jpg 1500w, https:\/\/orthowerk-urban.de\/wp-content\/uploads\/2025\/01\/einlagen_02-200x300.jpg 200w, https:\/\/orthowerk-urban.de\/wp-content\/uploads\/2025\/01\/einlagen_02-683x1024.jpg 683w, https:\/\/orthowerk-urban.de\/wp-content\/uploads\/2025\/01\/einlagen_02-768x1152.jpg 768w, https:\/\/orthowerk-urban.de\/wp-content\/uploads\/2025\/01\/einlagen_02-1024x1536.jpg 1024w, https:\/\/orthowerk-urban.de\/wp-content\/uploads\/2025\/01\/einlagen_02-1365x2048.jpg 1365w, https:\/\/orthowerk-urban.de\/wp-content\/uploads\/2025\/01\/einlagen_02-8x12.jpg 8w\" sizes=\"(max-width: 1500px) 100vw, 1500px\" \/><\/a>\n\t\t\t<\/div>\n\t\t\t\t<figcaption class='wp-caption-text gallery-caption' id='gallery-2-9090'>\n\t\t\t\tSzem\u00e9lyre szabott talpbet\u00e9tek\n\t\t\t\t<\/figcaption><\/figure><figure class='gallery-item'>\n\t\t\t<div class='gallery-icon portrait'>\n\t\t\t\t<a data-elementor-open-lightbox=\"yes\" data-elementor-lightbox-slideshow=\"e084e3c\" data-elementor-lightbox-title=\"Einlagen nach Ma\u00df\" data-e-action-hash=\"#elementor-action%3Aaction%3Dlightbox%26settings%3DeyJpZCI6OTA5MSwidXJsIjoiaHR0cHM6XC9cL29ydGhvd2Vyay11cmJhbi5kZVwvd3AtY29udGVudFwvdXBsb2Fkc1wvMjAyNVwvMDFcL2VpbmxhZ2VuXzAzLmpwZyIsInNsaWRlc2hvdyI6ImUwODRlM2MifQ%3D%3D\" href='https:\/\/orthowerk-urban.de\/wp-content\/uploads\/2025\/01\/einlagen_03.jpg'><img loading=\"lazy\" decoding=\"async\" width=\"1500\" height=\"2250\" src=\"https:\/\/orthowerk-urban.de\/wp-content\/uploads\/2025\/01\/einlagen_03.jpg\" class=\"attachment-full size-full\" alt=\"Szem\u00e9lyre szabott talpbet\u00e9tek\" aria-describedby=\"gallery-2-9091\" srcset=\"https:\/\/orthowerk-urban.de\/wp-content\/uploads\/2025\/01\/einlagen_03.jpg 1500w, https:\/\/orthowerk-urban.de\/wp-content\/uploads\/2025\/01\/einlagen_03-200x300.jpg 200w, https:\/\/orthowerk-urban.de\/wp-content\/uploads\/2025\/01\/einlagen_03-683x1024.jpg 683w, https:\/\/orthowerk-urban.de\/wp-content\/uploads\/2025\/01\/einlagen_03-768x1152.jpg 768w, https:\/\/orthowerk-urban.de\/wp-content\/uploads\/2025\/01\/einlagen_03-1024x1536.jpg 1024w, https:\/\/orthowerk-urban.de\/wp-content\/uploads\/2025\/01\/einlagen_03-1365x2048.jpg 1365w, https:\/\/orthowerk-urban.de\/wp-content\/uploads\/2025\/01\/einlagen_03-8x12.jpg 8w\" sizes=\"(max-width: 1500px) 100vw, 1500px\" \/><\/a>\n\t\t\t<\/div>\n\t\t\t\t<figcaption class='wp-caption-text gallery-caption' id='gallery-2-9091'>\n\t\t\t\tSzem\u00e9lyre szabott talpbet\u00e9tek\n\t\t\t\t<\/figcaption><\/figure>\n\t\t<\/div>\n\t\t<\/div>\n\t\t\t\t\t\t<\/div>\n\t\t\t\t<\/div>\n\t\t\t\t\t<\/div>\n\t\t<\/div>\n\t\t\t\t\t<\/div>\n\t\t<\/section>\n\t\t\t\t<\/div>","protected":false},"excerpt":{"rendered":"<p>Az egyes l\u00e1baknak egy\u00e9ni ig\u00e9nyeik vannak, \u00e9s egy\u00e9ni gondoz\u00e1st ig\u00e9nyelnek. Az Ortho.werk a megfelel\u0151 hely az \u00d6n sz\u00e1m\u00e1ra.<\/p>","protected":false},"author":1,"featured_media":8814,"parent":8030,"menu_order":0,"comment_status":"closed","ping_status":"closed","template":"","meta":{"_acf_changed":false,"footnotes":""},"class_list":["post-8661","page","type-page","status-publish","has-post-thumbnail","hentry"],"acf":[],"_links":{"self":[{"href":"https:\/\/orthowerk-urban.de\/hu\/wp-json\/wp\/v2\/pages\/8661","targetHints":{"allow":["GET"]}}],"collection":[{"href":"https:\/\/orthowerk-urban.de\/hu\/wp-json\/wp\/v2\/pages"}],"about":[{"href":"https:\/\/orthowerk-urban.de\/hu\/wp-json\/wp\/v2\/types\/page"}],"author":[{"embeddable":true,"href":"https:\/\/orthowerk-urban.de\/hu\/wp-json\/wp\/v2\/users\/1"}],"replies":[{"embeddable":true,"href":"https:\/\/orthowerk-urban.de\/hu\/wp-json\/wp\/v2\/comments?post=8661"}],"version-history":[{"count":18,"href":"https:\/\/orthowerk-urban.de\/hu\/wp-json\/wp\/v2\/pages\/8661\/revisions"}],"predecessor-version":[{"id":9240,"href":"https:\/\/orthowerk-urban.de\/hu\/wp-json\/wp\/v2\/pages\/8661\/revisions\/9240"}],"up":[{"embeddable":true,"href":"https:\/\/orthowerk-urban.de\/hu\/wp-json\/wp\/v2\/pages\/8030"}],"wp:featuredmedia":[{"embeddable":true,"href":"https:\/\/orthowerk-urban.de\/hu\/wp-json\/wp\/v2\/media\/8814"}],"wp:attachment":[{"href":"https:\/\/orthowerk-urban.de\/hu\/wp-json\/wp\/v2\/media?parent=8661"}],"curies":[{"name":"wp","href":"https:\/\/api.w.org\/{rel}","templated":true}]}}