{"id":7858,"date":"2023-09-02T14:31:28","date_gmt":"2023-09-02T14:31:28","guid":{"rendered":"https:\/\/export-demos.qreativethemes.com\/elementor-physio\/?page_id=7858"},"modified":"2026-04-08T18:16:14","modified_gmt":"2026-04-08T16:16:14","slug":"ortho-werk","status":"publish","type":"page","link":"https:\/\/orthowerk-urban.de\/nl\/","title":{"rendered":"Startpagina"},"content":{"rendered":"<div data-elementor-type=\"wp-page\" data-elementor-id=\"7858\" class=\"elementor elementor-7858\">\n\t\t\t\t\t\t<section class=\"elementor-section elementor-top-section elementor-element elementor-element-e312f02 elementor-section-boxed elementor-section-height-default elementor-section-height-default\" data-id=\"e312f02\" data-element_type=\"section\" data-e-type=\"section\">\n\t\t\t\t\t\t<div class=\"elementor-container elementor-column-gap-default\">\n\t\t\t\t\t<div class=\"elementor-column elementor-col-100 elementor-top-column elementor-element elementor-element-93ba076\" data-id=\"93ba076\" data-element_type=\"column\" data-e-type=\"column\">\n\t\t\t<div class=\"elementor-widget-wrap elementor-element-populated\">\n\t\t\t\t\t\t<div class=\"elementor-element elementor-element-b7cc5da elementor-widget elementor-widget-text-editor\" data-id=\"b7cc5da\" data-element_type=\"widget\" data-e-type=\"widget\" data-widget_type=\"text-editor.default\">\n\t\t\t\t<div class=\"elementor-widget-container\">\n\t\t\t\t\t\t\t\t\t<p><strong>Welkom bij Ortho.werk, <\/strong><\/p><p style=\"font-weight: 400;\">Al meer dan twee jaar staat Ortho.werk voor kwaliteit, vakkennis en individuele oplossingen rondom uw voetgezondheid. Als gediplomeerd orthopedisch schoenmaker bied ik u op maat gemaakte inlegzolen, orthopedische schoenaanpassingen en vakkundige schoenreparaties, precies afgestemd op uw persoonlijke behoeften.<\/p><p style=\"font-weight: 400;\">Een bijzonder aandachtspunt ligt op moderne analysemethoden zoals gang- en loopanalyses en voetdrukmetingen, om klachten gericht te herkennen en optimaal te behandelen.<\/p><p style=\"font-weight: 400;\">Daarnaast vindt u bij mij een selectie van hoogwaardige sportschoenen die functionaliteit en comfort perfect combineren.<\/p><p style=\"font-weight: 400;\">Ik neem de tijd voor u en geef persoonlijk advies, voor meer mobiliteit, welzijn en levenskwaliteit.<\/p><p style=\"font-weight: 400;\">Ik kijk ernaar uit u persoonlijk bij Ortho.werk te mogen verwelkomen.<\/p><p style=\"font-weight: 400;\"><strong>Uw orthopedisch schoenmaker<br \/>L\u00e1szl\u00f3 Urb\u00e1n<\/strong><\/p>\t\t\t\t\t\t\t\t<\/div>\n\t\t\t\t<\/div>\n\t\t\t\t\t<\/div>\n\t\t<\/div>\n\t\t\t\t\t<\/div>\n\t\t<\/section>\n\t\t\t\t<section class=\"elementor-section elementor-top-section elementor-element elementor-element-db212a2 elementor-section-boxed elementor-section-height-default elementor-section-height-default\" data-id=\"db212a2\" data-element_type=\"section\" data-e-type=\"section\">\n\t\t\t\t\t\t<div class=\"elementor-container elementor-column-gap-default\">\n\t\t\t\t\t<div class=\"elementor-column elementor-col-100 elementor-top-column elementor-element elementor-element-1666410\" data-id=\"1666410\" data-element_type=\"column\" data-e-type=\"column\">\n\t\t\t<div class=\"elementor-widget-wrap elementor-element-populated\">\n\t\t\t\t\t\t<div class=\"elementor-element elementor-element-c32cf60 elementor-widget-divider--view-line elementor-widget elementor-widget-divider\" data-id=\"c32cf60\" data-element_type=\"widget\" data-e-type=\"widget\" data-widget_type=\"divider.default\">\n\t\t\t\t<div class=\"elementor-widget-container\">\n\t\t\t\t\t\t\t<div class=\"elementor-divider\">\n\t\t\t<span class=\"elementor-divider-separator\">\n\t\t\t\t\t\t<\/span>\n\t\t<\/div>\n\t\t\t\t\t\t<\/div>\n\t\t\t\t<\/div>\n\t\t\t\t\t<\/div>\n\t\t<\/div>\n\t\t\t\t\t<\/div>\n\t\t<\/section>\n\t\t\t\t<section class=\"elementor-section elementor-top-section elementor-element elementor-element-b6e5d8f elementor-section-boxed elementor-section-height-default elementor-section-height-default\" data-id=\"b6e5d8f\" data-element_type=\"section\" data-e-type=\"section\">\n\t\t\t\t\t\t<div class=\"elementor-container elementor-column-gap-extended\">\n\t\t\t\t\t<div class=\"elementor-column elementor-col-25 elementor-top-column elementor-element elementor-element-31bd127\" data-id=\"31bd127\" data-element_type=\"column\" data-e-type=\"column\">\n\t\t\t<div class=\"elementor-widget-wrap elementor-element-populated\">\n\t\t\t\t\t\t<div class=\"elementor-element elementor-element-5298dd1 elementor-widget elementor-widget-qt-custom-heading\" data-id=\"5298dd1\" data-element_type=\"widget\" data-e-type=\"widget\" data-widget_type=\"qt-custom-heading.default\">\n\t\t\t\t<div class=\"elementor-widget-container\">\n\t\t\t\t\t            <div class=\"custom-heading\">\n                <h2 class=\"widget-title\"><span class=\"normal\"><\/span> Wir bieten umfangreiche<br \/>\nDiensten<\/h2>\n            <\/div>\n        \t\t\t\t<\/div>\n\t\t\t\t<\/div>\n\t\t\t\t<div class=\"elementor-element elementor-element-a70b741 elementor-widget elementor-widget-text-editor\" data-id=\"a70b741\" data-element_type=\"widget\" data-e-type=\"widget\" data-widget_type=\"text-editor.default\">\n\t\t\t\t<div class=\"elementor-widget-container\">\n\t\t\t\t\t\t\t\t\t<p>We zijn er trots op dat we een breed scala aan uitgebreide diensten aanbieden om aan de behoeften van volwassenen, senioren en kinderen te voldoen.<\/p>\t\t\t\t\t\t\t\t<\/div>\n\t\t\t\t<\/div>\n\t\t\t\t<div class=\"elementor-element elementor-element-281f302 elementor-widget elementor-widget-qt-button\" data-id=\"281f302\" data-element_type=\"widget\" data-e-type=\"widget\" data-widget_type=\"qt-button.default\">\n\t\t\t\t<div class=\"elementor-widget-container\">\n\t\t\t\t\t        <a href=\"https:\/\/orthowerk-urban.de\/nl\/services\/\" class=\"btn btn-primary\" >Alle diensten<\/a>\n        \n        \t\t\t\t<\/div>\n\t\t\t\t<\/div>\n\t\t\t\t\t<\/div>\n\t\t<\/div>\n\t\t\t\t<div class=\"elementor-column elementor-col-25 elementor-top-column elementor-element elementor-element-bbd5a06\" data-id=\"bbd5a06\" data-element_type=\"column\" data-e-type=\"column\">\n\t\t\t<div class=\"elementor-widget-wrap elementor-element-populated\">\n\t\t\t\t\t\t<div class=\"elementor-element elementor-element-e8a1faf elementor-widget elementor-widget-qt-featured-page\" data-id=\"e8a1faf\" data-element_type=\"widget\" data-e-type=\"widget\" data-widget_type=\"qt-featured-page.default\">\n\t\t\t\t<div class=\"elementor-widget-container\">\n\t\t\t\t\t\n        \n            <div class=\"featured-page\">\n                                    <div class=\"featured-page--image\">\n                        <a href=\"https:\/\/orthowerk-urban.de\/nl\/services\/einlagen-nach-mass\/\">\n                            <img fetchpriority=\"high\" decoding=\"async\" width=\"450\" height=\"300\" src=\"https:\/\/orthowerk-urban.de\/wp-content\/uploads\/2024\/04\/einlagen_head.jpg\" class=\"attachment-physio-qt-featured-l size-physio-qt-featured-l\" alt=\"Aangepaste inlegzolen\" srcset=\"https:\/\/orthowerk-urban.de\/wp-content\/uploads\/2024\/04\/einlagen_head.jpg 450w, https:\/\/orthowerk-urban.de\/wp-content\/uploads\/2024\/04\/einlagen_head-300x200.jpg 300w, https:\/\/orthowerk-urban.de\/wp-content\/uploads\/2024\/04\/einlagen_head-18x12.jpg 18w, https:\/\/orthowerk-urban.de\/wp-content\/uploads\/2024\/04\/einlagen_head-360x240.jpg 360w\" sizes=\"(min-width: 781px) 360px, calc(100vw - 30px)\" \/>                                                            <div class=\"featured-page--overlay\">\n                                    <div class=\"overlay--center\">\n                                        <span>meer<\/span>\n                                    <\/div>\n                                <\/div>\n                                                    <\/a>\n                    <\/div>\n                                <div class=\"featured-page--content\">\n                    <h5 class=\"featued-page--title\">\n                        <a href=\"https:\/\/orthowerk-urban.de\/nl\/services\/einlagen-nach-mass\/\">Aangepaste inlegzolen<\/a>\n                    <\/h5>\n                                            <p>Individuele voeten hebben individuele behoeften en vereisen individuele zorg. Bij Ortho.werk ben je aan het juiste adres.<\/p>\n                                                                <a href=\"https:\/\/orthowerk-urban.de\/nl\/services\/einlagen-nach-mass\/\" class=\"text-link\">meer<\/a>\n                                    <\/div>\n            <\/div>\n\n        \n    \t\t\t\t<\/div>\n\t\t\t\t<\/div>\n\t\t\t\t\t<\/div>\n\t\t<\/div>\n\t\t\t\t<div class=\"elementor-column elementor-col-25 elementor-top-column elementor-element elementor-element-c83c0b3\" data-id=\"c83c0b3\" data-element_type=\"column\" data-e-type=\"column\">\n\t\t\t<div class=\"elementor-widget-wrap elementor-element-populated\">\n\t\t\t\t\t\t<div class=\"elementor-element elementor-element-701694a elementor-widget elementor-widget-qt-featured-page\" data-id=\"701694a\" data-element_type=\"widget\" data-e-type=\"widget\" data-widget_type=\"qt-featured-page.default\">\n\t\t\t\t<div class=\"elementor-widget-container\">\n\t\t\t\t\t\n        \n            <div class=\"featured-page\">\n                                    <div class=\"featured-page--image\">\n                        <a href=\"https:\/\/orthowerk-urban.de\/nl\/services\/orthopaedische-schuhaenderungen\/\">\n                            <img decoding=\"async\" width=\"850\" height=\"567\" src=\"https:\/\/orthowerk-urban.de\/wp-content\/uploads\/2025\/01\/Schuhe_5_03-1-850x567.jpg\" class=\"attachment-physio-qt-featured-l size-physio-qt-featured-l\" alt=\"einseitige Schuherh\u00f6hung\" srcset=\"https:\/\/orthowerk-urban.de\/wp-content\/uploads\/2025\/01\/Schuhe_5_03-1-850x567.jpg 850w, https:\/\/orthowerk-urban.de\/wp-content\/uploads\/2025\/01\/Schuhe_5_03-1-300x200.jpg 300w, https:\/\/orthowerk-urban.de\/wp-content\/uploads\/2025\/01\/Schuhe_5_03-1-1024x683.jpg 1024w, https:\/\/orthowerk-urban.de\/wp-content\/uploads\/2025\/01\/Schuhe_5_03-1-768x512.jpg 768w, https:\/\/orthowerk-urban.de\/wp-content\/uploads\/2025\/01\/Schuhe_5_03-1-1536x1025.jpg 1536w, https:\/\/orthowerk-urban.de\/wp-content\/uploads\/2025\/01\/Schuhe_5_03-1-18x12.jpg 18w, https:\/\/orthowerk-urban.de\/wp-content\/uploads\/2025\/01\/Schuhe_5_03-1-360x240.jpg 360w, https:\/\/orthowerk-urban.de\/wp-content\/uploads\/2025\/01\/Schuhe_5_03-1.jpg 2000w\" sizes=\"(min-width: 781px) 360px, calc(100vw - 30px)\" \/>                                                            <div class=\"featured-page--overlay\">\n                                    <div class=\"overlay--center\">\n                                        <span>meer<\/span>\n                                    <\/div>\n                                <\/div>\n                                                    <\/a>\n                    <\/div>\n                                <div class=\"featured-page--content\">\n                    <h5 class=\"featued-page--title\">\n                        <a href=\"https:\/\/orthowerk-urban.de\/nl\/services\/orthopaedische-schuhaenderungen\/\">Orthopedische schoenaanpassingen<\/a>\n                    <\/h5>\n                                            <p>In mijn werkplaats kan ik je schoenen op verschillende manieren aanpassen. Ik kan standaardschoenen op maat maken om voetproblemen te behandelen of ongemak te verlichten.<\/p>\n                                                                <a href=\"https:\/\/orthowerk-urban.de\/nl\/services\/orthopaedische-schuhaenderungen\/\" class=\"text-link\">meer<\/a>\n                                    <\/div>\n            <\/div>\n\n        \n    \t\t\t\t<\/div>\n\t\t\t\t<\/div>\n\t\t\t\t\t<\/div>\n\t\t<\/div>\n\t\t\t\t<div class=\"elementor-column elementor-col-25 elementor-top-column elementor-element elementor-element-7b397b8\" data-id=\"7b397b8\" data-element_type=\"column\" data-e-type=\"column\">\n\t\t\t<div class=\"elementor-widget-wrap elementor-element-populated\">\n\t\t\t\t\t\t<div class=\"elementor-element elementor-element-a7afe35 elementor-widget elementor-widget-qt-featured-page\" data-id=\"a7afe35\" data-element_type=\"widget\" data-e-type=\"widget\" data-widget_type=\"qt-featured-page.default\">\n\t\t\t\t<div class=\"elementor-widget-container\">\n\t\t\t\t\t\n        \n            <div class=\"featured-page\">\n                                    <div class=\"featured-page--image\">\n                        <a href=\"https:\/\/orthowerk-urban.de\/nl\/services\/schuhreparatur\/\">\n                            <img decoding=\"async\" width=\"850\" height=\"567\" src=\"https:\/\/orthowerk-urban.de\/wp-content\/uploads\/2025\/01\/reparatur_titel-850x567.jpg\" class=\"attachment-physio-qt-featured-l size-physio-qt-featured-l\" alt=\"Schoenreparatie\" srcset=\"https:\/\/orthowerk-urban.de\/wp-content\/uploads\/2025\/01\/reparatur_titel-850x567.jpg 850w, https:\/\/orthowerk-urban.de\/wp-content\/uploads\/2025\/01\/reparatur_titel-300x200.jpg 300w, https:\/\/orthowerk-urban.de\/wp-content\/uploads\/2025\/01\/reparatur_titel-1024x682.jpg 1024w, https:\/\/orthowerk-urban.de\/wp-content\/uploads\/2025\/01\/reparatur_titel-768x512.jpg 768w, https:\/\/orthowerk-urban.de\/wp-content\/uploads\/2025\/01\/reparatur_titel-1536x1024.jpg 1536w, https:\/\/orthowerk-urban.de\/wp-content\/uploads\/2025\/01\/reparatur_titel-18x12.jpg 18w, https:\/\/orthowerk-urban.de\/wp-content\/uploads\/2025\/01\/reparatur_titel-360x240.jpg 360w, https:\/\/orthowerk-urban.de\/wp-content\/uploads\/2025\/01\/reparatur_titel.jpg 2000w\" sizes=\"(min-width: 781px) 360px, calc(100vw - 30px)\" \/>                                                            <div class=\"featured-page--overlay\">\n                                    <div class=\"overlay--center\">\n                                        <span>meer<\/span>\n                                    <\/div>\n                                <\/div>\n                                                    <\/a>\n                    <\/div>\n                                <div class=\"featured-page--content\">\n                    <h5 class=\"featued-page--title\">\n                        <a href=\"https:\/\/orthowerk-urban.de\/nl\/services\/schuhreparatur\/\">Schoenreparatie<\/a>\n                    <\/h5>\n                                            <p>Bij Ortho.Werk repareer en verzorg ik uw favoriete schoenen \u2013 van nieuwe zolen tot stiksels, hakken en ritsen.<\/p>\n                                                                <a href=\"https:\/\/orthowerk-urban.de\/nl\/services\/schuhreparatur\/\" class=\"text-link\">meer<\/a>\n                                    <\/div>\n            <\/div>\n\n        \n    \t\t\t\t<\/div>\n\t\t\t\t<\/div>\n\t\t\t\t\t<\/div>\n\t\t<\/div>\n\t\t\t\t\t<\/div>\n\t\t<\/section>\n\t\t\t\t<\/div>","protected":false},"excerpt":{"rendered":"<p>Willkommen bei Ortho.werk, Seit \u00fcber zwei Jahren steht Ortho.werk f\u00fcr Qualit\u00e4t, Fachkompetenz und individuelle L\u00f6sungen rund um Ihre Fu\u00dfgesundheit. Als orthop\u00e4discher Schuhmachermeister biete ich Ihnen ma\u00dfgefertigte Einlagen, orthop\u00e4dische Schuhzurichtungen sowie fachgerechte Schuhreparaturen \u2013 pr\u00e4zise abgestimmt auf Ihre pers\u00f6nlichen Bed\u00fcrfnisse. Ein besonderer Schwerpunkt liegt auf modernen Analyseverfahren wie Gang- und Laufanalysen sowie Fu\u00dfdruckmessungen, um Beschwerden gezielt [&hellip;]<\/p>\n","protected":false},"author":1,"featured_media":8676,"parent":0,"menu_order":0,"comment_status":"closed","ping_status":"closed","template":"template-front-jumbtron.php","meta":{"_acf_changed":false,"footnotes":""},"class_list":["post-7858","page","type-page","status-publish","has-post-thumbnail","hentry"],"acf":[],"_links":{"self":[{"href":"https:\/\/orthowerk-urban.de\/nl\/wp-json\/wp\/v2\/pages\/7858","targetHints":{"allow":["GET"]}}],"collection":[{"href":"https:\/\/orthowerk-urban.de\/nl\/wp-json\/wp\/v2\/pages"}],"about":[{"href":"https:\/\/orthowerk-urban.de\/nl\/wp-json\/wp\/v2\/types\/page"}],"author":[{"embeddable":true,"href":"https:\/\/orthowerk-urban.de\/nl\/wp-json\/wp\/v2\/users\/1"}],"replies":[{"embeddable":true,"href":"https:\/\/orthowerk-urban.de\/nl\/wp-json\/wp\/v2\/comments?post=7858"}],"version-history":[{"count":124,"href":"https:\/\/orthowerk-urban.de\/nl\/wp-json\/wp\/v2\/pages\/7858\/revisions"}],"predecessor-version":[{"id":9330,"href":"https:\/\/orthowerk-urban.de\/nl\/wp-json\/wp\/v2\/pages\/7858\/revisions\/9330"}],"wp:featuredmedia":[{"embeddable":true,"href":"https:\/\/orthowerk-urban.de\/nl\/wp-json\/wp\/v2\/media\/8676"}],"wp:attachment":[{"href":"https:\/\/orthowerk-urban.de\/nl\/wp-json\/wp\/v2\/media?parent=7858"}],"curies":[{"name":"wp","href":"https:\/\/api.w.org\/{rel}","templated":true}]}}