{"id":7975,"date":"2023-09-03T15:21:12","date_gmt":"2023-09-03T15:21:12","guid":{"rendered":"https:\/\/export-demos.qreativethemes.com\/elementor-physio\/?page_id=7975"},"modified":"2025-01-29T13:00:09","modified_gmt":"2025-01-29T12:00:09","slug":"faq-page","status":"publish","type":"page","link":"https:\/\/orthowerk-urban.de\/nl\/faq-page\/","title":{"rendered":"FAQ"},"content":{"rendered":"<div data-elementor-type=\"wp-page\" data-elementor-id=\"7975\" class=\"elementor elementor-7975\">\n\t\t\t\t\t\t<section class=\"elementor-section elementor-top-section elementor-element elementor-element-b5e3f32 elementor-section-boxed elementor-section-height-default elementor-section-height-default\" data-id=\"b5e3f32\" data-element_type=\"section\" data-e-type=\"section\">\n\t\t\t\t\t\t<div class=\"elementor-container elementor-column-gap-extended\">\n\t\t\t\t\t<div class=\"elementor-column elementor-col-33 elementor-top-column elementor-element elementor-element-be1a3ab\" data-id=\"be1a3ab\" data-element_type=\"column\" data-e-type=\"column\">\n\t\t\t<div class=\"elementor-widget-wrap elementor-element-populated\">\n\t\t\t\t\t\t<div class=\"elementor-element elementor-element-d961cd8 elementor-widget elementor-widget-text-editor\" data-id=\"d961cd8\" data-element_type=\"widget\" data-e-type=\"widget\" data-widget_type=\"text-editor.default\">\n\t\t\t\t<div class=\"elementor-widget-container\">\n\t\t\t\t\t\t\t\t\t<h4><strong>Kan ik inlegzolen alleen op recept krijgen?\u00a0\u00a0\u00a0\u00a0\u00a0\u00a0\u00a0\u00a0\u00a0\u00a0\u00a0\u00a0\u00a0\u00a0\u00a0\u00a0\u00a0\u00a0\u00a0\u00a0\u00a0\u00a0\u00a0\u00a0\u00a0\u00a0\u00a0\u00a0\u00a0\u00a0\u00a0\u00a0\u00a0\u00a0\u00a0\u00a0\u00a0\u00a0\u00a0\u00a0\u00a0\u00a0\u00a0\u00a0\u00a0\u00a0 <\/strong><\/h4><p>Nein, Sie k\u00f6nnen zwei Paar orthop\u00e4dische Einlagen pro Jahr auf Rezept von Ihrem Orthop\u00e4den oder Hausarzt erhalten. Daneben k\u00f6nnen Sie auch selbst bezahlen.<\/p>\t\t\t\t\t\t\t\t<\/div>\n\t\t\t\t<\/div>\n\t\t\t\t\t<\/div>\n\t\t<\/div>\n\t\t\t\t<div class=\"elementor-column elementor-col-33 elementor-top-column elementor-element elementor-element-27d0ce5\" data-id=\"27d0ce5\" data-element_type=\"column\" data-e-type=\"column\">\n\t\t\t<div class=\"elementor-widget-wrap elementor-element-populated\">\n\t\t\t\t\t\t<div class=\"elementor-element elementor-element-85f23e5 elementor-widget elementor-widget-text-editor\" data-id=\"85f23e5\" data-element_type=\"widget\" data-e-type=\"widget\" data-widget_type=\"text-editor.default\">\n\t\t\t\t<div class=\"elementor-widget-container\">\n\t\t\t\t\t\t\t\t\t<h4><strong>Wer braucht orthop\u00e4dische Einlagen?<\/strong><\/h4><p>Orthopedische inlegzolen zijn nodig voor mensen met voetproblemen of speciale orthopedische behoeften. Dit kunnen mensen zijn met bepaalde voetafwijkingen, voet- of beenafwijkingen, artritis, diabetes of andere gezondheidsproblemen die van invloed zijn op de gezondheid van de voeten.<\/p>\t\t\t\t\t\t\t\t<\/div>\n\t\t\t\t<\/div>\n\t\t\t\t\t<\/div>\n\t\t<\/div>\n\t\t\t\t<div class=\"elementor-column elementor-col-33 elementor-top-column elementor-element elementor-element-39b7fd4\" data-id=\"39b7fd4\" data-element_type=\"column\" data-e-type=\"column\">\n\t\t\t<div class=\"elementor-widget-wrap elementor-element-populated\">\n\t\t\t\t\t\t<div class=\"elementor-element elementor-element-a6f7158 elementor-widget elementor-widget-text-editor\" data-id=\"a6f7158\" data-element_type=\"widget\" data-e-type=\"widget\" data-widget_type=\"text-editor.default\">\n\t\t\t\t<div class=\"elementor-widget-container\">\n\t\t\t\t\t\t\t\t\t<h4><strong>Hoe lang is een recept geldig?<\/strong><\/h4><p>Pati\u00ebnten met een wettelijke ziektekostenverzekering krijgen van hun arts een roze recept dat 28 dagen geldig is.<\/p>\t\t\t\t\t\t\t\t<\/div>\n\t\t\t\t<\/div>\n\t\t\t\t\t<\/div>\n\t\t<\/div>\n\t\t\t\t\t<\/div>\n\t\t<\/section>\n\t\t\t\t<section class=\"elementor-section elementor-top-section elementor-element elementor-element-40959f9 elementor-section-boxed elementor-section-height-default elementor-section-height-default\" data-id=\"40959f9\" data-element_type=\"section\" data-e-type=\"section\">\n\t\t\t\t\t\t<div class=\"elementor-container elementor-column-gap-extended\">\n\t\t\t\t\t<div class=\"elementor-column elementor-col-33 elementor-top-column elementor-element elementor-element-1fa18a9\" data-id=\"1fa18a9\" data-element_type=\"column\" data-e-type=\"column\">\n\t\t\t<div class=\"elementor-widget-wrap elementor-element-populated\">\n\t\t\t\t\t\t<div class=\"elementor-element elementor-element-9e27458 elementor-widget elementor-widget-text-editor\" data-id=\"9e27458\" data-element_type=\"widget\" data-e-type=\"widget\" data-widget_type=\"text-editor.default\">\n\t\t\t\t<div class=\"elementor-widget-container\">\n\t\t\t\t\t\t\t\t\t<h4><strong>Passen mijn inlegzolen in alle schoenen?<\/strong><\/h4><p>In de regel passen aangepaste inlegzolen in veel, maar niet alle schoenen. Voor bijzonder smalle lage schoenen of pumps is bijvoorbeeld een andere pasvorm nodig.<\/p>\t\t\t\t\t\t\t\t<\/div>\n\t\t\t\t<\/div>\n\t\t\t\t\t<\/div>\n\t\t<\/div>\n\t\t\t\t<div class=\"elementor-column elementor-col-33 elementor-top-column elementor-element elementor-element-b519c06\" data-id=\"b519c06\" data-element_type=\"column\" data-e-type=\"column\">\n\t\t\t<div class=\"elementor-widget-wrap elementor-element-populated\">\n\t\t\t\t\t\t<div class=\"elementor-element elementor-element-60d74e9 elementor-widget elementor-widget-text-editor\" data-id=\"60d74e9\" data-element_type=\"widget\" data-e-type=\"widget\" data-widget_type=\"text-editor.default\">\n\t\t\t\t<div class=\"elementor-widget-container\">\n\t\t\t\t\t\t\t\t\t<h4><strong>Hoe lang gaan inlegzolen mee?<\/strong><\/h4><p>Inlegzolen moeten elke zes maanden worden vervangen. Na deze periode vermindert de medische effectiviteit. De inlegzolen bieden dan geen volledige ondersteuning en demping meer. Als 2 paar inlegzolen afwisselend worden gedragen, gaan ze natuurlijk langer mee.<\/p>\t\t\t\t\t\t\t\t<\/div>\n\t\t\t\t<\/div>\n\t\t\t\t\t<\/div>\n\t\t<\/div>\n\t\t\t\t<div class=\"elementor-column elementor-col-33 elementor-top-column elementor-element elementor-element-a2b6dce\" data-id=\"a2b6dce\" data-element_type=\"column\" data-e-type=\"column\">\n\t\t\t<div class=\"elementor-widget-wrap elementor-element-populated\">\n\t\t\t\t\t\t<div class=\"elementor-element elementor-element-8203d68 elementor-widget elementor-widget-text-editor\" data-id=\"8203d68\" data-element_type=\"widget\" data-e-type=\"widget\" data-widget_type=\"text-editor.default\">\n\t\t\t\t<div class=\"elementor-widget-container\">\n\t\t\t\t\t\t\t\t\t<h4><strong>Zijn er verschillende inzetstukken?<\/strong><\/h4><p>Ja, die bestaan. Verschillende ziekten, voetafwijkingen en behoeften vereisen verschillende materialen en structuren bij het maken van een inlegzool op maat. \u00a0\u00a0<\/p>\t\t\t\t\t\t\t\t<\/div>\n\t\t\t\t<\/div>\n\t\t\t\t\t<\/div>\n\t\t<\/div>\n\t\t\t\t\t<\/div>\n\t\t<\/section>\n\t\t\t\t<section class=\"elementor-section elementor-top-section elementor-element elementor-element-c5ba218 elementor-section-boxed elementor-section-height-default elementor-section-height-default\" data-id=\"c5ba218\" data-element_type=\"section\" data-e-type=\"section\">\n\t\t\t\t\t\t<div class=\"elementor-container elementor-column-gap-extended\">\n\t\t\t\t\t<div class=\"elementor-column elementor-col-33 elementor-top-column elementor-element elementor-element-595378b\" data-id=\"595378b\" data-element_type=\"column\" data-e-type=\"column\">\n\t\t\t<div class=\"elementor-widget-wrap elementor-element-populated\">\n\t\t\t\t\t\t<div class=\"elementor-element elementor-element-455e368 elementor-widget elementor-widget-text-editor\" data-id=\"455e368\" data-element_type=\"widget\" data-e-type=\"widget\" data-widget_type=\"text-editor.default\">\n\t\t\t\t<div class=\"elementor-widget-container\">\n\t\t\t\t\t\t\t\t\t<h4><strong>Is er een inwerkfase?<\/strong><\/h4><p>Als ze voor het eerst worden aangemeten, hebben de meeste pati\u00ebnten een paar dagen nodig om aan de steunzool te wennen. Dit geldt met name voor corrigerende steunzolen.<\/p>\t\t\t\t\t\t\t\t<\/div>\n\t\t\t\t<\/div>\n\t\t\t\t\t<\/div>\n\t\t<\/div>\n\t\t\t\t<div class=\"elementor-column elementor-col-33 elementor-top-column elementor-element elementor-element-307528b\" data-id=\"307528b\" data-element_type=\"column\" data-e-type=\"column\">\n\t\t\t<div class=\"elementor-widget-wrap elementor-element-populated\">\n\t\t\t\t\t\t<div class=\"elementor-element elementor-element-e12eaa5 elementor-widget elementor-widget-text-editor\" data-id=\"e12eaa5\" data-element_type=\"widget\" data-e-type=\"widget\" data-widget_type=\"text-editor.default\">\n\t\t\t\t<div class=\"elementor-widget-container\">\n\t\t\t\t\t\t\t\t\t<h4><strong>Kunnen orthopedische inlegzolen voor gewone schoenen of sportschoenen ook in een veiligheidsschoen worden geplaatst?<\/strong><\/h4><p>Inlegzolen voor gewone schoenen of sportschoenen voldoen niet aan de eisen van veiligheid en gezondheid op het werk.<\/p><p>Inlegzolen voor veiligheidsschoenen worden niet vergoed door de ziektekostenverzekering. Inlegzolen voor veiligheidsschoenen worden op aanvraag vergoed door de DRV als de noodzaak is aangetoond.<\/p><p>De aanvraag G4220-16 moet samen met een kopie van het recept (blauw of groen recept) worden ingediend bij de DRV.<\/p><p>De kosten kunnen ook worden gedekt door de werkgever. Er is geen verplichting. Let bij het kopen van veiligheidsschoenen op DGUV 112-191, anders krijg je bij een ongeval problemen met de aansprakelijkheidsverzekering van de werkgever.<\/p>\t\t\t\t\t\t\t\t<\/div>\n\t\t\t\t<\/div>\n\t\t\t\t\t<\/div>\n\t\t<\/div>\n\t\t\t\t<div class=\"elementor-column elementor-col-33 elementor-top-column elementor-element elementor-element-8ce237f\" data-id=\"8ce237f\" data-element_type=\"column\" data-e-type=\"column\">\n\t\t\t<div class=\"elementor-widget-wrap\">\n\t\t\t\t\t\t\t<\/div>\n\t\t<\/div>\n\t\t\t\t\t<\/div>\n\t\t<\/section>\n\t\t\t\t<\/div>","protected":false},"excerpt":{"rendered":"<p>Finden Sie Antworten auf h\u00e4ufig gestellte Fragen zu unseren orthop\u00e4dischen Leistungen bei Ortho.Werk Urb\u00e1n in Emmerich am Rhein.<\/p>","protected":false},"author":1,"featured_media":0,"parent":0,"menu_order":0,"comment_status":"closed","ping_status":"closed","template":"","meta":{"_acf_changed":false,"footnotes":""},"class_list":["post-7975","page","type-page","status-publish","hentry"],"acf":[],"_links":{"self":[{"href":"https:\/\/orthowerk-urban.de\/nl\/wp-json\/wp\/v2\/pages\/7975","targetHints":{"allow":["GET"]}}],"collection":[{"href":"https:\/\/orthowerk-urban.de\/nl\/wp-json\/wp\/v2\/pages"}],"about":[{"href":"https:\/\/orthowerk-urban.de\/nl\/wp-json\/wp\/v2\/types\/page"}],"author":[{"embeddable":true,"href":"https:\/\/orthowerk-urban.de\/nl\/wp-json\/wp\/v2\/users\/1"}],"replies":[{"embeddable":true,"href":"https:\/\/orthowerk-urban.de\/nl\/wp-json\/wp\/v2\/comments?post=7975"}],"version-history":[{"count":16,"href":"https:\/\/orthowerk-urban.de\/nl\/wp-json\/wp\/v2\/pages\/7975\/revisions"}],"predecessor-version":[{"id":9220,"href":"https:\/\/orthowerk-urban.de\/nl\/wp-json\/wp\/v2\/pages\/7975\/revisions\/9220"}],"wp:attachment":[{"href":"https:\/\/orthowerk-urban.de\/nl\/wp-json\/wp\/v2\/media?parent=7975"}],"curies":[{"name":"wp","href":"https:\/\/api.w.org\/{rel}","templated":true}]}}