{"id":8030,"date":"2023-09-03T15:54:29","date_gmt":"2023-09-03T15:54:29","guid":{"rendered":"https:\/\/export-demos.qreativethemes.com\/elementor-physio\/?page_id=8030"},"modified":"2025-02-03T10:56:37","modified_gmt":"2025-02-03T09:56:37","slug":"services","status":"publish","type":"page","link":"https:\/\/orthowerk-urban.de\/nl\/services\/","title":{"rendered":"Diensten"},"content":{"rendered":"<div data-elementor-type=\"wp-page\" data-elementor-id=\"8030\" class=\"elementor elementor-8030\">\n\t\t\t\t\t\t<section class=\"elementor-section elementor-top-section elementor-element elementor-element-65146d4 elementor-section-boxed elementor-section-height-default elementor-section-height-default\" data-id=\"65146d4\" data-element_type=\"section\" data-e-type=\"section\">\n\t\t\t\t\t\t<div class=\"elementor-container elementor-column-gap-default\">\n\t\t\t\t\t<div class=\"elementor-column elementor-col-100 elementor-top-column elementor-element elementor-element-bdc9ef0\" data-id=\"bdc9ef0\" data-element_type=\"column\" data-e-type=\"column\">\n\t\t\t<div class=\"elementor-widget-wrap elementor-element-populated\">\n\t\t\t\t\t\t<div class=\"elementor-element elementor-element-fa5e6a7 elementor-widget elementor-widget-text-editor\" data-id=\"fa5e6a7\" data-element_type=\"widget\" data-e-type=\"widget\" data-widget_type=\"text-editor.default\">\n\t\t\t\t<div class=\"elementor-widget-container\">\n\t\t\t\t\t\t\t\t\t<p>Gezonde voeten zijn belangrijk voor een gezond leven. <br \/>Ze vormen de basis van onze beweging, ze houden ons in balans - zonder gezonde voeten hebben we geen houvast in het leven.<\/p><p>Het doel is dus om de levenskwaliteit van klanten te verbeteren. <br \/>Want als je weer kunt lopen zonder pijn, kun je weer genieten van lichaamsbeweging. En dat is belangrijk voor mij.<\/p><p>Iedereen is anders en daarom hecht ik veel waarde aan persoonlijk advies en ondersteuning. <br \/>Een goed gesprek is het allerbelangrijkste en daar maak ik tijd voor.<\/p><p>Ik vind het belangrijk dat je de schoen draagt die bij je past.<\/p>\t\t\t\t\t\t\t\t<\/div>\n\t\t\t\t<\/div>\n\t\t\t\t\t<\/div>\n\t\t<\/div>\n\t\t\t\t\t<\/div>\n\t\t<\/section>\n\t\t\t\t<section class=\"elementor-section elementor-top-section elementor-element elementor-element-ebf06c2 elementor-section-boxed elementor-section-height-default elementor-section-height-default\" data-id=\"ebf06c2\" data-element_type=\"section\" data-e-type=\"section\">\n\t\t\t\t\t\t<div class=\"elementor-container elementor-column-gap-default\">\n\t\t\t\t\t<div class=\"elementor-column elementor-col-100 elementor-top-column elementor-element elementor-element-209164d\" data-id=\"209164d\" data-element_type=\"column\" data-e-type=\"column\">\n\t\t\t<div class=\"elementor-widget-wrap elementor-element-populated\">\n\t\t\t\t\t\t<div class=\"elementor-element elementor-element-01fa6e0 elementor-widget-divider--view-line elementor-widget elementor-widget-divider\" data-id=\"01fa6e0\" data-element_type=\"widget\" data-e-type=\"widget\" data-widget_type=\"divider.default\">\n\t\t\t\t<div class=\"elementor-widget-container\">\n\t\t\t\t\t\t\t<div class=\"elementor-divider\">\n\t\t\t<span class=\"elementor-divider-separator\">\n\t\t\t\t\t\t<\/span>\n\t\t<\/div>\n\t\t\t\t\t\t<\/div>\n\t\t\t\t<\/div>\n\t\t\t\t\t<\/div>\n\t\t<\/div>\n\t\t\t\t\t<\/div>\n\t\t<\/section>\n\t\t\t\t<section class=\"elementor-section elementor-top-section elementor-element elementor-element-6e7a386 elementor-section-boxed elementor-section-height-default elementor-section-height-default\" data-id=\"6e7a386\" data-element_type=\"section\" data-e-type=\"section\">\n\t\t\t\t\t\t<div class=\"elementor-container elementor-column-gap-extended\">\n\t\t\t\t\t<div class=\"elementor-column elementor-col-33 elementor-top-column elementor-element elementor-element-0312aa6\" data-id=\"0312aa6\" data-element_type=\"column\" data-e-type=\"column\">\n\t\t\t<div class=\"elementor-widget-wrap elementor-element-populated\">\n\t\t\t\t\t\t<div class=\"elementor-element elementor-element-0012ca9 elementor-widget elementor-widget-qt-featured-page\" data-id=\"0012ca9\" data-element_type=\"widget\" data-e-type=\"widget\" data-widget_type=\"qt-featured-page.default\">\n\t\t\t\t<div class=\"elementor-widget-container\">\n\t\t\t\t\t\n        \n            <div class=\"featured-page\">\n                                    <div class=\"featured-page--image\">\n                        <a href=\"https:\/\/orthowerk-urban.de\/nl\/services\/orthopaedische-schuhaenderungen\/\">\n                            <img fetchpriority=\"high\" decoding=\"async\" width=\"850\" height=\"567\" src=\"https:\/\/orthowerk-urban.de\/wp-content\/uploads\/2025\/01\/Schuhe_5_03-1-850x567.jpg\" class=\"attachment-physio-qt-featured-l size-physio-qt-featured-l\" alt=\"einseitige Schuherh\u00f6hung\" srcset=\"https:\/\/orthowerk-urban.de\/wp-content\/uploads\/2025\/01\/Schuhe_5_03-1-850x567.jpg 850w, https:\/\/orthowerk-urban.de\/wp-content\/uploads\/2025\/01\/Schuhe_5_03-1-300x200.jpg 300w, https:\/\/orthowerk-urban.de\/wp-content\/uploads\/2025\/01\/Schuhe_5_03-1-1024x683.jpg 1024w, https:\/\/orthowerk-urban.de\/wp-content\/uploads\/2025\/01\/Schuhe_5_03-1-768x512.jpg 768w, https:\/\/orthowerk-urban.de\/wp-content\/uploads\/2025\/01\/Schuhe_5_03-1-1536x1025.jpg 1536w, https:\/\/orthowerk-urban.de\/wp-content\/uploads\/2025\/01\/Schuhe_5_03-1-18x12.jpg 18w, https:\/\/orthowerk-urban.de\/wp-content\/uploads\/2025\/01\/Schuhe_5_03-1-360x240.jpg 360w, https:\/\/orthowerk-urban.de\/wp-content\/uploads\/2025\/01\/Schuhe_5_03-1.jpg 2000w\" sizes=\"(min-width: 781px) 360px, calc(100vw - 30px)\" \/>                                                            <div class=\"featured-page--overlay\">\n                                    <div class=\"overlay--center\">\n                                        <span>meer<\/span>\n                                    <\/div>\n                                <\/div>\n                                                    <\/a>\n                    <\/div>\n                                <div class=\"featured-page--content\">\n                    <h5 class=\"featued-page--title\">\n                        <a href=\"https:\/\/orthowerk-urban.de\/nl\/services\/orthopaedische-schuhaenderungen\/\">Orthopedische schoenaanpassingen<\/a>\n                    <\/h5>\n                                            <p>In mijn werkplaats kan ik je schoenen op verschillende manieren aanpassen. Ik kan standaardschoenen op maat maken om voetproblemen te behandelen of ongemak te verlichten.<\/p>\n                                                                <a href=\"https:\/\/orthowerk-urban.de\/nl\/services\/orthopaedische-schuhaenderungen\/\" class=\"text-link\">meer<\/a>\n                                    <\/div>\n            <\/div>\n\n        \n    \t\t\t\t<\/div>\n\t\t\t\t<\/div>\n\t\t\t\t\t<\/div>\n\t\t<\/div>\n\t\t\t\t<div class=\"elementor-column elementor-col-33 elementor-top-column elementor-element elementor-element-5515f67\" data-id=\"5515f67\" data-element_type=\"column\" data-e-type=\"column\">\n\t\t\t<div class=\"elementor-widget-wrap elementor-element-populated\">\n\t\t\t\t\t\t<div class=\"elementor-element elementor-element-abbf288 elementor-widget elementor-widget-qt-featured-page\" data-id=\"abbf288\" data-element_type=\"widget\" data-e-type=\"widget\" data-widget_type=\"qt-featured-page.default\">\n\t\t\t\t<div class=\"elementor-widget-container\">\n\t\t\t\t\t\n        \n            <div class=\"featured-page\">\n                                    <div class=\"featured-page--image\">\n                        <a href=\"https:\/\/orthowerk-urban.de\/nl\/services\/orthopaedische-massschuhe\/\">\n                            <img decoding=\"async\" width=\"850\" height=\"567\" src=\"https:\/\/orthowerk-urban.de\/wp-content\/uploads\/2025\/01\/3dscan_titel-850x567.jpg\" class=\"attachment-physio-qt-featured-l size-physio-qt-featured-l\" alt=\"3D-scan Maatwerkschoenen\" srcset=\"https:\/\/orthowerk-urban.de\/wp-content\/uploads\/2025\/01\/3dscan_titel-850x567.jpg 850w, https:\/\/orthowerk-urban.de\/wp-content\/uploads\/2025\/01\/3dscan_titel-300x200.jpg 300w, https:\/\/orthowerk-urban.de\/wp-content\/uploads\/2025\/01\/3dscan_titel-1024x682.jpg 1024w, https:\/\/orthowerk-urban.de\/wp-content\/uploads\/2025\/01\/3dscan_titel-768x512.jpg 768w, https:\/\/orthowerk-urban.de\/wp-content\/uploads\/2025\/01\/3dscan_titel-1536x1024.jpg 1536w, https:\/\/orthowerk-urban.de\/wp-content\/uploads\/2025\/01\/3dscan_titel-18x12.jpg 18w, https:\/\/orthowerk-urban.de\/wp-content\/uploads\/2025\/01\/3dscan_titel-360x240.jpg 360w, https:\/\/orthowerk-urban.de\/wp-content\/uploads\/2025\/01\/3dscan_titel.jpg 2000w\" sizes=\"(min-width: 781px) 360px, calc(100vw - 30px)\" \/>                                                            <div class=\"featured-page--overlay\">\n                                    <div class=\"overlay--center\">\n                                        <span>meer<\/span>\n                                    <\/div>\n                                <\/div>\n                                                    <\/a>\n                    <\/div>\n                                <div class=\"featured-page--content\">\n                    <h5 class=\"featued-page--title\">\n                        <a href=\"https:\/\/orthowerk-urban.de\/nl\/services\/orthopaedische-massschuhe\/\">Orthopedische maatwerkschoenen<\/a>\n                    <\/h5>\n                                            <p>Dankzij geavanceerde 3D-scantechnologie meten we uw voeten nauwkeurig \u2013 helemaal zonder gipsafdruk.<\/p>\n                                                                <a href=\"https:\/\/orthowerk-urban.de\/nl\/services\/orthopaedische-massschuhe\/\" class=\"text-link\">meer<\/a>\n                                    <\/div>\n            <\/div>\n\n        \n    \t\t\t\t<\/div>\n\t\t\t\t<\/div>\n\t\t\t\t\t<\/div>\n\t\t<\/div>\n\t\t\t\t<div class=\"elementor-column elementor-col-33 elementor-top-column elementor-element elementor-element-188fb29\" data-id=\"188fb29\" data-element_type=\"column\" data-e-type=\"column\">\n\t\t\t<div class=\"elementor-widget-wrap elementor-element-populated\">\n\t\t\t\t\t\t<div class=\"elementor-element elementor-element-b939a0f elementor-widget elementor-widget-qt-featured-page\" data-id=\"b939a0f\" data-element_type=\"widget\" data-e-type=\"widget\" data-widget_type=\"qt-featured-page.default\">\n\t\t\t\t<div class=\"elementor-widget-container\">\n\t\t\t\t\t\n        \n            <div class=\"featured-page\">\n                                    <div class=\"featured-page--image\">\n                        <a href=\"https:\/\/orthowerk-urban.de\/nl\/services\/einlagen-nach-mass\/\">\n                            <img decoding=\"async\" width=\"450\" height=\"300\" src=\"https:\/\/orthowerk-urban.de\/wp-content\/uploads\/2024\/04\/einlagen_head.jpg\" class=\"attachment-physio-qt-featured-l size-physio-qt-featured-l\" alt=\"Aangepaste inlegzolen\" srcset=\"https:\/\/orthowerk-urban.de\/wp-content\/uploads\/2024\/04\/einlagen_head.jpg 450w, https:\/\/orthowerk-urban.de\/wp-content\/uploads\/2024\/04\/einlagen_head-300x200.jpg 300w, https:\/\/orthowerk-urban.de\/wp-content\/uploads\/2024\/04\/einlagen_head-18x12.jpg 18w, https:\/\/orthowerk-urban.de\/wp-content\/uploads\/2024\/04\/einlagen_head-360x240.jpg 360w\" sizes=\"(min-width: 781px) 360px, calc(100vw - 30px)\" \/>                                                            <div class=\"featured-page--overlay\">\n                                    <div class=\"overlay--center\">\n                                        <span>meer<\/span>\n                                    <\/div>\n                                <\/div>\n                                                    <\/a>\n                    <\/div>\n                                <div class=\"featured-page--content\">\n                    <h5 class=\"featued-page--title\">\n                        <a href=\"https:\/\/orthowerk-urban.de\/nl\/services\/einlagen-nach-mass\/\">Aangepaste inlegzolen<\/a>\n                    <\/h5>\n                                            <p>Individuele voeten hebben individuele behoeften en vereisen individuele zorg. Bij Ortho.werk ben je aan het juiste adres.<\/p>\n                                                                <a href=\"https:\/\/orthowerk-urban.de\/nl\/services\/einlagen-nach-mass\/\" class=\"text-link\">meer<\/a>\n                                    <\/div>\n            <\/div>\n\n        \n    \t\t\t\t<\/div>\n\t\t\t\t<\/div>\n\t\t\t\t\t<\/div>\n\t\t<\/div>\n\t\t\t\t\t<\/div>\n\t\t<\/section>\n\t\t\t\t<section class=\"elementor-section elementor-top-section elementor-element elementor-element-847e714 elementor-section-boxed elementor-section-height-default elementor-section-height-default\" data-id=\"847e714\" data-element_type=\"section\" data-e-type=\"section\">\n\t\t\t\t\t\t<div class=\"elementor-container elementor-column-gap-extended\">\n\t\t\t\t\t<div class=\"elementor-column elementor-col-33 elementor-top-column elementor-element elementor-element-c49b97a\" data-id=\"c49b97a\" data-element_type=\"column\" data-e-type=\"column\">\n\t\t\t<div class=\"elementor-widget-wrap elementor-element-populated\">\n\t\t\t\t\t\t<div class=\"elementor-element elementor-element-26ce4a6 elementor-widget elementor-widget-qt-featured-page\" data-id=\"26ce4a6\" data-element_type=\"widget\" data-e-type=\"widget\" data-widget_type=\"qt-featured-page.default\">\n\t\t\t\t<div class=\"elementor-widget-container\">\n\t\t\t\t\t\n        \n            <div class=\"featured-page\">\n                                    <div class=\"featured-page--image\">\n                        <a href=\"https:\/\/orthowerk-urban.de\/nl\/services\/elektronische-fussdruckmessung\/\">\n                            <img loading=\"lazy\" decoding=\"async\" width=\"675\" height=\"450\" src=\"https:\/\/orthowerk-urban.de\/wp-content\/uploads\/2024\/04\/orthowerk_fussdruckanalyse_titel.jpg\" class=\"attachment-physio-qt-featured-l size-physio-qt-featured-l\" alt=\"Fu\u00dfdruckanalyse\" srcset=\"https:\/\/orthowerk-urban.de\/wp-content\/uploads\/2024\/04\/orthowerk_fussdruckanalyse_titel.jpg 675w, https:\/\/orthowerk-urban.de\/wp-content\/uploads\/2024\/04\/orthowerk_fussdruckanalyse_titel-300x200.jpg 300w, https:\/\/orthowerk-urban.de\/wp-content\/uploads\/2024\/04\/orthowerk_fussdruckanalyse_titel-360x240.jpg 360w\" sizes=\"(min-width: 781px) 360px, calc(100vw - 30px)\" \/>                                                            <div class=\"featured-page--overlay\">\n                                    <div class=\"overlay--center\">\n                                        <span>meer<\/span>\n                                    <\/div>\n                                <\/div>\n                                                    <\/a>\n                    <\/div>\n                                <div class=\"featured-page--content\">\n                    <h5 class=\"featued-page--title\">\n                        <a href=\"https:\/\/orthowerk-urban.de\/nl\/services\/elektronische-fussdruckmessung\/\">Elektronische voetdrukmeting<\/a>\n                    <\/h5>\n                                            <p>De zolen van je voeten worden onderzocht met behulp van een voetdrukmeting. De meting laat zien waar je druk uitoefent op je voetzool tijdens het staan en lopen.<\/p>\n                                                                <a href=\"https:\/\/orthowerk-urban.de\/nl\/services\/elektronische-fussdruckmessung\/\" class=\"text-link\">meer<\/a>\n                                    <\/div>\n            <\/div>\n\n        \n    \t\t\t\t<\/div>\n\t\t\t\t<\/div>\n\t\t\t\t\t<\/div>\n\t\t<\/div>\n\t\t\t\t<div class=\"elementor-column elementor-col-33 elementor-top-column elementor-element elementor-element-02f146d\" data-id=\"02f146d\" data-element_type=\"column\" data-e-type=\"column\">\n\t\t\t<div class=\"elementor-widget-wrap elementor-element-populated\">\n\t\t\t\t\t\t<div class=\"elementor-element elementor-element-8a0f096 elementor-widget elementor-widget-qt-featured-page\" data-id=\"8a0f096\" data-element_type=\"widget\" data-e-type=\"widget\" data-widget_type=\"qt-featured-page.default\">\n\t\t\t\t<div class=\"elementor-widget-container\">\n\t\t\t\t\t\n        \n            <div class=\"featured-page\">\n                                    <div class=\"featured-page--image\">\n                        <a href=\"https:\/\/orthowerk-urban.de\/nl\/services\/gang-und-laufanalyse\/\">\n                            <img loading=\"lazy\" decoding=\"async\" width=\"300\" height=\"199\" src=\"https:\/\/orthowerk-urban.de\/wp-content\/uploads\/2024\/04\/orthowerk_ganganalyse_01.jpg\" class=\"attachment-physio-qt-featured-l size-physio-qt-featured-l\" alt=\"Ganganalyse\" srcset=\"\" sizes=\"(min-width: 781px) 360px, calc(100vw - 30px)\" \/>                                                            <div class=\"featured-page--overlay\">\n                                    <div class=\"overlay--center\">\n                                        <span>meer<\/span>\n                                    <\/div>\n                                <\/div>\n                                                    <\/a>\n                    <\/div>\n                                <div class=\"featured-page--content\">\n                    <h5 class=\"featued-page--title\">\n                        <a href=\"https:\/\/orthowerk-urban.de\/nl\/services\/gang-und-laufanalyse\/\">Loop- en hardloopanalyse<\/a>\n                    <\/h5>\n                                            <p>Het rechtop lopen van een persoon is een complex samenspel van het hele lichaam. Verkeerde sportschoenen of een verkeerde houding verhogen het risico op blessures.<\/p>\n                                                                <a href=\"https:\/\/orthowerk-urban.de\/nl\/services\/gang-und-laufanalyse\/\" class=\"text-link\">meer<\/a>\n                                    <\/div>\n            <\/div>\n\n        \n    \t\t\t\t<\/div>\n\t\t\t\t<\/div>\n\t\t\t\t\t<\/div>\n\t\t<\/div>\n\t\t\t\t<div class=\"elementor-column elementor-col-33 elementor-top-column elementor-element elementor-element-4d3c827\" data-id=\"4d3c827\" data-element_type=\"column\" data-e-type=\"column\">\n\t\t\t<div class=\"elementor-widget-wrap elementor-element-populated\">\n\t\t\t\t\t\t<div class=\"elementor-element elementor-element-720051b elementor-widget elementor-widget-qt-featured-page\" data-id=\"720051b\" data-element_type=\"widget\" data-e-type=\"widget\" data-widget_type=\"qt-featured-page.default\">\n\t\t\t\t<div class=\"elementor-widget-container\">\n\t\t\t\t\t\n        \n            <div class=\"featured-page\">\n                                    <div class=\"featured-page--image\">\n                        <a href=\"https:\/\/orthowerk-urban.de\/nl\/services\/schuhreparatur\/\">\n                            <img loading=\"lazy\" decoding=\"async\" width=\"850\" height=\"567\" src=\"https:\/\/orthowerk-urban.de\/wp-content\/uploads\/2025\/01\/reparatur_titel-850x567.jpg\" class=\"attachment-physio-qt-featured-l size-physio-qt-featured-l\" alt=\"Schoenreparatie\" srcset=\"https:\/\/orthowerk-urban.de\/wp-content\/uploads\/2025\/01\/reparatur_titel-850x567.jpg 850w, https:\/\/orthowerk-urban.de\/wp-content\/uploads\/2025\/01\/reparatur_titel-300x200.jpg 300w, https:\/\/orthowerk-urban.de\/wp-content\/uploads\/2025\/01\/reparatur_titel-1024x682.jpg 1024w, https:\/\/orthowerk-urban.de\/wp-content\/uploads\/2025\/01\/reparatur_titel-768x512.jpg 768w, https:\/\/orthowerk-urban.de\/wp-content\/uploads\/2025\/01\/reparatur_titel-1536x1024.jpg 1536w, https:\/\/orthowerk-urban.de\/wp-content\/uploads\/2025\/01\/reparatur_titel-18x12.jpg 18w, https:\/\/orthowerk-urban.de\/wp-content\/uploads\/2025\/01\/reparatur_titel-360x240.jpg 360w, https:\/\/orthowerk-urban.de\/wp-content\/uploads\/2025\/01\/reparatur_titel.jpg 2000w\" sizes=\"(min-width: 781px) 360px, calc(100vw - 30px)\" \/>                                                            <div class=\"featured-page--overlay\">\n                                    <div class=\"overlay--center\">\n                                        <span>meer<\/span>\n                                    <\/div>\n                                <\/div>\n                                                    <\/a>\n                    <\/div>\n                                <div class=\"featured-page--content\">\n                    <h5 class=\"featued-page--title\">\n                        <a href=\"https:\/\/orthowerk-urban.de\/nl\/services\/schuhreparatur\/\">Schoenreparatie<\/a>\n                    <\/h5>\n                                            <p>Bij Ortho.Werk repareer en verzorg ik uw favoriete schoenen \u2013 van nieuwe zolen tot stiksels, hakken en ritsen.<\/p>\n                                                                <a href=\"https:\/\/orthowerk-urban.de\/nl\/services\/schuhreparatur\/\" class=\"text-link\">meer<\/a>\n                                    <\/div>\n            <\/div>\n\n        \n    \t\t\t\t<\/div>\n\t\t\t\t<\/div>\n\t\t\t\t\t<\/div>\n\t\t<\/div>\n\t\t\t\t\t<\/div>\n\t\t<\/section>\n\t\t\t\t<\/div>","protected":false},"excerpt":{"rendered":"<p>Gesunde F\u00fc\u00dfe sind wichtig f\u00fcr ein gesundes Leben. Sie sind die Grundlage unserer Bewegung, sie halten uns im Gleichgewicht \u2013 ohne gesunde F\u00fc\u00dfe haben wir keinen sicheren Stand im Leben.<\/p>","protected":false},"author":1,"featured_media":0,"parent":0,"menu_order":0,"comment_status":"closed","ping_status":"closed","template":"","meta":{"_acf_changed":false,"footnotes":""},"class_list":["post-8030","page","type-page","status-publish","hentry"],"acf":[],"_links":{"self":[{"href":"https:\/\/orthowerk-urban.de\/nl\/wp-json\/wp\/v2\/pages\/8030","targetHints":{"allow":["GET"]}}],"collection":[{"href":"https:\/\/orthowerk-urban.de\/nl\/wp-json\/wp\/v2\/pages"}],"about":[{"href":"https:\/\/orthowerk-urban.de\/nl\/wp-json\/wp\/v2\/types\/page"}],"author":[{"embeddable":true,"href":"https:\/\/orthowerk-urban.de\/nl\/wp-json\/wp\/v2\/users\/1"}],"replies":[{"embeddable":true,"href":"https:\/\/orthowerk-urban.de\/nl\/wp-json\/wp\/v2\/comments?post=8030"}],"version-history":[{"count":59,"href":"https:\/\/orthowerk-urban.de\/nl\/wp-json\/wp\/v2\/pages\/8030\/revisions"}],"predecessor-version":[{"id":9253,"href":"https:\/\/orthowerk-urban.de\/nl\/wp-json\/wp\/v2\/pages\/8030\/revisions\/9253"}],"wp:attachment":[{"href":"https:\/\/orthowerk-urban.de\/nl\/wp-json\/wp\/v2\/media?parent=8030"}],"curies":[{"name":"wp","href":"https:\/\/api.w.org\/{rel}","templated":true}]}}